{"id":348,"date":"2022-12-27T16:45:52","date_gmt":"2022-12-27T19:45:52","guid":{"rendered":"http:\/\/arquidiocesebh.org.br\/paroquiasaojosevespasiano\/?page_id=348"},"modified":"2024-05-09T16:05:00","modified_gmt":"2024-05-09T19:05:00","slug":"1a-eucaristia","status":"publish","type":"page","link":"https:\/\/arquidiocesebh.org.br\/saopaulomissionario\/1a-eucaristia\/","title":{"rendered":"1\u00aa Eucaristia"},"content":{"rendered":"<p>A Primeira Eucaristia \u00e9 um momento especial na vida de uma crian\u00e7a cat\u00f3lica, marcando sua primeira recep\u00e7\u00e3o do Corpo e do Sangue de Cristo na forma do p\u00e3o e do vinho consagrados. Na Par\u00f3quia S\u00e3o Paulo Mission\u00e1rio em Lagoa Santa, celebramos este sacramento com grande alegria e rever\u00eancia, reconhecendo-o como um passo importante na jornada de f\u00e9 de cada crian\u00e7a.<\/p>\n<p>Convidamos todas as crian\u00e7as que tenham alcan\u00e7ado a idade adequada e estejam prontas para receber a Primeira Eucaristia. \u00c9 uma oportunidade para as crian\u00e7as crescerem em sua compreens\u00e3o da presen\u00e7a real de Jesus na Eucaristia e para se tornarem participantes plenos na vida sacramental da Igreja.<\/p>\n<p>Nossa par\u00f3quia oferece um programa de prepara\u00e7\u00e3o cuidadosamente planejado, que inclui catequeses, momentos de reflex\u00e3o e celebra\u00e7\u00f5es especiais para ajudar as crian\u00e7as a se prepararem para este sacramento importante. Encorajamos os pais e respons\u00e1veis a inscreverem suas crian\u00e7as neste programa e a se envolverem ativamente em sua prepara\u00e7\u00e3o espiritual.<\/p>\n<p>A Primeira Eucaristia \u00e9 um momento de grande alegria e b\u00ean\u00e7\u00e3o para toda a fam\u00edlia e comunidade paroquial. Junte-se a n\u00f3s na Par\u00f3quia S\u00e3o Paulo Mission\u00e1rio em Lagoa Santa enquanto celebramos este momento especial na vida de nossas crian\u00e7as e renovamos nossa f\u00e9 na presen\u00e7a viva de Cristo na Eucaristia. Estamos ansiosos para compartilhar este momento de gra\u00e7a e comunh\u00e3o com voc\u00ea e sua fam\u00edlia.<\/p>\n","protected":false},"excerpt":{"rendered":"<p>A Primeira Eucaristia \u00e9 um momento especial na vida de uma crian\u00e7a cat\u00f3lica, marcando sua primeira recep\u00e7\u00e3o do Corpo e do Sangue de Cristo na forma do p\u00e3o e do vinho consagrados. Na Par\u00f3quia S\u00e3o Paulo Mission\u00e1rio em Lagoa Santa, celebramos este sacramento com grande alegria e rever\u00eancia, reconhecendo-o como um passo importante na jornada [&hellip;]<\/p>\n","protected":false},"author":64,"featured_media":0,"parent":0,"menu_order":0,"comment_status":"closed","ping_status":"closed","template":"","meta":{"_acf_changed":false,"xn-wppe-expiration":[],"xn-wppe-expiration-action":[],"xn-wppe-expiration-prefix":[],"inline_featured_image":false,"footnotes":""},"class_list":["post-348","page","type-page","status-publish","hentry"],"acf":[],"_links":{"self":[{"href":"https:\/\/arquidiocesebh.org.br\/saopaulomissionario\/wp-json\/wp\/v2\/pages\/348","targetHints":{"allow":["GET"]}}],"collection":[{"href":"https:\/\/arquidiocesebh.org.br\/saopaulomissionario\/wp-json\/wp\/v2\/pages"}],"about":[{"href":"https:\/\/arquidiocesebh.org.br\/saopaulomissionario\/wp-json\/wp\/v2\/types\/page"}],"author":[{"embeddable":true,"href":"https:\/\/arquidiocesebh.org.br\/saopaulomissionario\/wp-json\/wp\/v2\/users\/64"}],"replies":[{"embeddable":true,"href":"https:\/\/arquidiocesebh.org.br\/saopaulomissionario\/wp-json\/wp\/v2\/comments?post=348"}],"version-history":[{"count":0,"href":"https:\/\/arquidiocesebh.org.br\/saopaulomissionario\/wp-json\/wp\/v2\/pages\/348\/revisions"}],"wp:attachment":[{"href":"https:\/\/arquidiocesebh.org.br\/saopaulomissionario\/wp-json\/wp\/v2\/media?parent=348"}],"curies":[{"name":"wp","href":"https:\/\/api.w.org\/{rel}","templated":true}]}}