{"id":43,"date":"2017-06-16T12:03:13","date_gmt":"2017-06-16T15:03:13","guid":{"rendered":"http:\/\/arquidiocesebh.org.br\/paroquia-sao-goncalo\/?page_id=43"},"modified":"2024-03-04T13:20:41","modified_gmt":"2024-03-04T16:20:41","slug":"confissoes","status":"publish","type":"page","link":"https:\/\/arquidiocesebh.org.br\/saojudastadeuwpires\/confissoes\/","title":{"rendered":"Confiss\u00f5es"},"content":{"rendered":"<p><strong>Individual: <\/strong>Agendamento por WhatsApp.<\/p>\n<p><strong>Tel.:<\/strong> \u00a0WhatsApp (31) 99219-1303<\/p>\n<p><strong>Data: <\/strong>Ter\u00e7as e sextas-feiras<\/p>\n<p><strong>Hor\u00e1rio: <\/strong>\u00c0 tarde (Confirmar pelo WhatsApp).<\/p>\n<p>&nbsp;<\/p>\n<p><strong>Comunit\u00e1ria\u00a0<\/strong><\/p>\n<p><strong><em>SOMENTE EM PER\u00cdODOS ESPEC\u00cdFICOS \u2013 Programa\u00e7\u00e3o quaresma e semana santa<\/em><\/strong><\/p>\n","protected":false},"excerpt":{"rendered":"<p>Individual: Agendamento por WhatsApp. Tel.: \u00a0WhatsApp (31) 99219-1303 Data: Ter\u00e7as e sextas-feiras Hor\u00e1rio: \u00c0 tarde (Confirmar pelo WhatsApp). &nbsp; Comunit\u00e1ria\u00a0 SOMENTE EM PER\u00cdODOS ESPEC\u00cdFICOS \u2013 Programa\u00e7\u00e3o quaresma e semana santa<\/p>\n","protected":false},"author":64,"featured_media":0,"parent":0,"menu_order":0,"comment_status":"closed","ping_status":"closed","template":"","meta":{"_acf_changed":false,"xn-wppe-expiration":[],"xn-wppe-expiration-action":[],"xn-wppe-expiration-prefix":[],"inline_featured_image":false,"footnotes":""},"class_list":["post-43","page","type-page","status-publish","hentry"],"acf":[],"_links":{"self":[{"href":"https:\/\/arquidiocesebh.org.br\/saojudastadeuwpires\/wp-json\/wp\/v2\/pages\/43","targetHints":{"allow":["GET"]}}],"collection":[{"href":"https:\/\/arquidiocesebh.org.br\/saojudastadeuwpires\/wp-json\/wp\/v2\/pages"}],"about":[{"href":"https:\/\/arquidiocesebh.org.br\/saojudastadeuwpires\/wp-json\/wp\/v2\/types\/page"}],"author":[{"embeddable":true,"href":"https:\/\/arquidiocesebh.org.br\/saojudastadeuwpires\/wp-json\/wp\/v2\/users\/64"}],"replies":[{"embeddable":true,"href":"https:\/\/arquidiocesebh.org.br\/saojudastadeuwpires\/wp-json\/wp\/v2\/comments?post=43"}],"version-history":[{"count":0,"href":"https:\/\/arquidiocesebh.org.br\/saojudastadeuwpires\/wp-json\/wp\/v2\/pages\/43\/revisions"}],"wp:attachment":[{"href":"https:\/\/arquidiocesebh.org.br\/saojudastadeuwpires\/wp-json\/wp\/v2\/media?parent=43"}],"curies":[{"name":"wp","href":"https:\/\/api.w.org\/{rel}","templated":true}]}}