{"id":346,"date":"2022-12-27T16:44:33","date_gmt":"2022-12-27T19:44:33","guid":{"rendered":"http:\/\/arquidiocesebh.org.br\/paroquiasaojosevespasiano\/?page_id=346"},"modified":"2024-03-04T13:17:52","modified_gmt":"2024-03-04T16:17:52","slug":"crisma","status":"publish","type":"page","link":"https:\/\/arquidiocesebh.org.br\/saojudastadeuwpires\/crisma\/","title":{"rendered":"Crisma"},"content":{"rendered":"<p>Atualmente as turmas (jovens e adultos) est\u00e3o fechadas.<\/p>\n<p>Geralmente as inscri\u00e7\u00f5es acontecem no in\u00edcio do ano.<\/p>\n<p>Atualiza\u00e7\u00f5es e previs\u00f5es de novas inscri\u00e7\u00f5es podem ser obtidas pelo WhatsApp da secretaria (3199219-1303).<\/p>\n","protected":false},"excerpt":{"rendered":"<p>Atualmente as turmas (jovens e adultos) est\u00e3o fechadas. Geralmente as inscri\u00e7\u00f5es acontecem no in\u00edcio do ano. Atualiza\u00e7\u00f5es e previs\u00f5es de novas inscri\u00e7\u00f5es podem ser obtidas pelo WhatsApp da secretaria (3199219-1303).<\/p>\n","protected":false},"author":64,"featured_media":0,"parent":0,"menu_order":0,"comment_status":"closed","ping_status":"closed","template":"","meta":{"_acf_changed":false,"xn-wppe-expiration":[],"xn-wppe-expiration-action":[],"xn-wppe-expiration-prefix":[],"inline_featured_image":false,"footnotes":""},"class_list":["post-346","page","type-page","status-publish","hentry"],"acf":[],"_links":{"self":[{"href":"https:\/\/arquidiocesebh.org.br\/saojudastadeuwpires\/wp-json\/wp\/v2\/pages\/346","targetHints":{"allow":["GET"]}}],"collection":[{"href":"https:\/\/arquidiocesebh.org.br\/saojudastadeuwpires\/wp-json\/wp\/v2\/pages"}],"about":[{"href":"https:\/\/arquidiocesebh.org.br\/saojudastadeuwpires\/wp-json\/wp\/v2\/types\/page"}],"author":[{"embeddable":true,"href":"https:\/\/arquidiocesebh.org.br\/saojudastadeuwpires\/wp-json\/wp\/v2\/users\/64"}],"replies":[{"embeddable":true,"href":"https:\/\/arquidiocesebh.org.br\/saojudastadeuwpires\/wp-json\/wp\/v2\/comments?post=346"}],"version-history":[{"count":0,"href":"https:\/\/arquidiocesebh.org.br\/saojudastadeuwpires\/wp-json\/wp\/v2\/pages\/346\/revisions"}],"wp:attachment":[{"href":"https:\/\/arquidiocesebh.org.br\/saojudastadeuwpires\/wp-json\/wp\/v2\/media?parent=346"}],"curies":[{"name":"wp","href":"https:\/\/api.w.org\/{rel}","templated":true}]}}