{"id":320,"date":"2022-12-27T14:21:19","date_gmt":"2022-12-27T17:21:19","guid":{"rendered":"http:\/\/arquidiocesebh.org.br\/paroquiasaojosevespasiano\/?page_id=320"},"modified":"2024-03-04T13:14:20","modified_gmt":"2024-03-04T16:14:20","slug":"batizados","status":"publish","type":"page","link":"https:\/\/arquidiocesebh.org.br\/saojudastadeuwpires\/batizados\/","title":{"rendered":"Batizados"},"content":{"rendered":"<p>Os batizados na Par\u00f3quia S\u00e3o Judas Tadeu s\u00e3o celebrados todos os meses, exceto janeiro e julho, seguindo o seguinte padr\u00e3o:<\/p>\n<p>&#8211; Encontro de prepara\u00e7\u00e3o para o Batismo: primeiro domingo do m\u00eas, \u00e0s 8h30min.<\/p>\n<p>&#8211; Batizado: segundo domingo do m\u00eas, \u00e0s 10h.<\/p>\n<p>&#8211; Crian\u00e7as a partir de 7 anos precisam estar na catequese.<\/p>\n<p>&nbsp;<\/p>\n<p>O encontro e o batizado s\u00e3o realizados na Igreja Matriz.<\/p>\n<p>&nbsp;<\/p>\n<p><strong>Informa\u00e7\u00f5es para inscri\u00e7\u00e3o:<\/strong><\/p>\n<p>&#8211; Deve ser feita na secretaria da Par\u00f3quia, pelo pai ou pela m\u00e3e da crian\u00e7a, com a certid\u00e3o de nascimento da crian\u00e7a, comprovante de endere\u00e7o e os nomes completos dos padrinhos de batismo. Os padrinhos devem ser cat\u00f3licos e crismados, al\u00e9m de ter 16 anos completos.<\/p>\n","protected":false},"excerpt":{"rendered":"<p>Os batizados na Par\u00f3quia S\u00e3o Judas Tadeu s\u00e3o celebrados todos os meses, exceto janeiro e julho, seguindo o seguinte padr\u00e3o: &#8211; Encontro de prepara\u00e7\u00e3o para o Batismo: primeiro domingo do m\u00eas, \u00e0s 8h30min. &#8211; Batizado: segundo domingo do m\u00eas, \u00e0s 10h. &#8211; Crian\u00e7as a partir de 7 anos precisam estar na catequese. &nbsp; O encontro [&hellip;]<\/p>\n","protected":false},"author":64,"featured_media":0,"parent":0,"menu_order":0,"comment_status":"closed","ping_status":"closed","template":"","meta":{"_acf_changed":false,"xn-wppe-expiration":[],"xn-wppe-expiration-action":[],"xn-wppe-expiration-prefix":[],"inline_featured_image":false,"footnotes":""},"class_list":["post-320","page","type-page","status-publish","hentry"],"acf":[],"_links":{"self":[{"href":"https:\/\/arquidiocesebh.org.br\/saojudastadeuwpires\/wp-json\/wp\/v2\/pages\/320","targetHints":{"allow":["GET"]}}],"collection":[{"href":"https:\/\/arquidiocesebh.org.br\/saojudastadeuwpires\/wp-json\/wp\/v2\/pages"}],"about":[{"href":"https:\/\/arquidiocesebh.org.br\/saojudastadeuwpires\/wp-json\/wp\/v2\/types\/page"}],"author":[{"embeddable":true,"href":"https:\/\/arquidiocesebh.org.br\/saojudastadeuwpires\/wp-json\/wp\/v2\/users\/64"}],"replies":[{"embeddable":true,"href":"https:\/\/arquidiocesebh.org.br\/saojudastadeuwpires\/wp-json\/wp\/v2\/comments?post=320"}],"version-history":[{"count":0,"href":"https:\/\/arquidiocesebh.org.br\/saojudastadeuwpires\/wp-json\/wp\/v2\/pages\/320\/revisions"}],"wp:attachment":[{"href":"https:\/\/arquidiocesebh.org.br\/saojudastadeuwpires\/wp-json\/wp\/v2\/media?parent=320"}],"curies":[{"name":"wp","href":"https:\/\/api.w.org\/{rel}","templated":true}]}}