{"id":72533,"date":"2022-12-07T13:50:46","date_gmt":"2022-12-07T16:50:46","guid":{"rendered":"https:\/\/arquidiocesebh.org.br\/santuarionossasenhoradaconceicaodospobres\/?page_id=72533"},"modified":"2022-12-07T13:51:53","modified_gmt":"2022-12-07T16:51:53","slug":"secretaria","status":"publish","type":"page","link":"https:\/\/arquidiocesebh.org.br\/santuarionossasenhoradaconceicaodospobres\/secretaria\/","title":{"rendered":"Secretaria"},"content":{"rendered":"<p><strong>Hor\u00e1rio de funcionamento da secretaria: <\/strong><\/p>\n<p>Segunda \u00e0 Sexta<\/p>\n<p>08:00 \u00e0s 12:00<\/p>\n<p>13:00 \u00e0s 17:00.<\/p>\n","protected":false},"excerpt":{"rendered":"<p>Hor\u00e1rio de funcionamento da secretaria: Segunda \u00e0 Sexta 08:00 \u00e0s 12:00 13:00 \u00e0s 17:00.<\/p>\n","protected":false},"author":120,"featured_media":0,"parent":0,"menu_order":0,"comment_status":"closed","ping_status":"closed","template":"","meta":{"_acf_changed":false,"xn-wppe-expiration":[],"xn-wppe-expiration-action":[],"xn-wppe-expiration-prefix":[],"inline_featured_image":false,"footnotes":""},"class_list":["post-72533","page","type-page","status-publish","hentry"],"acf":[],"_links":{"self":[{"href":"https:\/\/arquidiocesebh.org.br\/santuarionossasenhoradaconceicaodospobres\/wp-json\/wp\/v2\/pages\/72533","targetHints":{"allow":["GET"]}}],"collection":[{"href":"https:\/\/arquidiocesebh.org.br\/santuarionossasenhoradaconceicaodospobres\/wp-json\/wp\/v2\/pages"}],"about":[{"href":"https:\/\/arquidiocesebh.org.br\/santuarionossasenhoradaconceicaodospobres\/wp-json\/wp\/v2\/types\/page"}],"author":[{"embeddable":true,"href":"https:\/\/arquidiocesebh.org.br\/santuarionossasenhoradaconceicaodospobres\/wp-json\/wp\/v2\/users\/120"}],"replies":[{"embeddable":true,"href":"https:\/\/arquidiocesebh.org.br\/santuarionossasenhoradaconceicaodospobres\/wp-json\/wp\/v2\/comments?post=72533"}],"version-history":[{"count":0,"href":"https:\/\/arquidiocesebh.org.br\/santuarionossasenhoradaconceicaodospobres\/wp-json\/wp\/v2\/pages\/72533\/revisions"}],"wp:attachment":[{"href":"https:\/\/arquidiocesebh.org.br\/santuarionossasenhoradaconceicaodospobres\/wp-json\/wp\/v2\/media?parent=72533"}],"curies":[{"name":"wp","href":"https:\/\/api.w.org\/{rel}","templated":true}]}}