{"id":57,"date":"2017-06-16T12:06:46","date_gmt":"2017-06-16T15:06:46","guid":{"rendered":"http:\/\/arquidiocesebh.org.br\/paroquia-sao-goncalo\/?page_id=57"},"modified":"2022-12-07T13:27:18","modified_gmt":"2022-12-07T16:27:18","slug":"historia","status":"publish","type":"page","link":"https:\/\/arquidiocesebh.org.br\/santuarionossasenhoradaconceicaodospobres\/santuario\/historia\/","title":{"rendered":"Hist\u00f3ria"},"content":{"rendered":"<div class=\"_39k5 _5s6c\">\n<div class=\"_2cuy _3dgx _2vxa\">\n<h3>Conhe\u00e7a o Santu\u00e1rio Nossa Senhora da Concei\u00e7\u00e3o dos Pobres<\/h3>\n<p><img loading=\"lazy\" decoding=\"async\" class=\"wp-image-72529 size-medium alignleft\" src=\"https:\/\/arquidiocesebh.org.br\/santuarionossasenhoradaconceicaodospobres\/wp-content\/uploads\/sites\/62\/2022\/12\/foto-aerea-santuario-nossa-senhora-da-conceicao-dos-pobres-300x202.jpg\" alt=\"\" width=\"300\" height=\"202\" srcset=\"https:\/\/arquidiocesebh.org.br\/santuarionossasenhoradaconceicaodospobres\/wp-content\/uploads\/sites\/62\/2022\/12\/foto-aerea-santuario-nossa-senhora-da-conceicao-dos-pobres-300x202.jpg 300w, https:\/\/arquidiocesebh.org.br\/santuarionossasenhoradaconceicaodospobres\/wp-content\/uploads\/sites\/62\/2022\/12\/foto-aerea-santuario-nossa-senhora-da-conceicao-dos-pobres-224x151.jpg 224w, https:\/\/arquidiocesebh.org.br\/santuarionossasenhoradaconceicaodospobres\/wp-content\/uploads\/sites\/62\/2022\/12\/foto-aerea-santuario-nossa-senhora-da-conceicao-dos-pobres.jpg 400w\" sizes=\"auto, (max-width: 300px) 100vw, 300px\" \/><\/p>\n<p><strong><u>Hist\u00f3ria<\/u><\/strong><\/p>\n<p>A Igreja Nossa Senhora da Concei\u00e7\u00e3o, onde atualmente est\u00e1 o Santu\u00e1rio, realizou a celebra\u00e7\u00e3o de b\u00ean\u00e7\u00e3o da pedra fundamental em 1914, seguida do in\u00edcio das obras.<\/p>\n<p>Constru\u00edda pelos religiosos Redentoristas, com recursos arrecadados pela Corpora\u00e7\u00e3o Musical Nossa Senhora da Concei\u00e7\u00e3o, a Par\u00f3quia foi inaugurada em 1923.<\/p>\n<p>Em 1992, tornou-se Santu\u00e1rio Nossa Senhora da Concei\u00e7\u00e3o, tendo incorporado \u00e0 destacada religiosidade dos fi\u00e9is, os importantes projetos sociais do Vicariato Episcopal para A\u00e7\u00e3o Social e Pol\u00edtica da Arquidiocese de Belo Horizonte.<\/p>\n<\/div>\n<\/div>\n<div class=\"_3aat\">\n<div class=\"_3aam\"><\/div>\n<\/div>\n<p><!--more--><\/p>\n","protected":false},"excerpt":{"rendered":"<p>Conhe\u00e7a o Santu\u00e1rio Nossa Senhora da Concei\u00e7\u00e3o dos Pobres Hist\u00f3ria A Igreja Nossa Senhora da Concei\u00e7\u00e3o, onde atualmente est\u00e1 o Santu\u00e1rio, realizou a celebra\u00e7\u00e3o de b\u00ean\u00e7\u00e3o da pedra fundamental em 1914, seguida do in\u00edcio das obras. Constru\u00edda pelos religiosos Redentoristas, com recursos arrecadados pela Corpora\u00e7\u00e3o Musical Nossa Senhora da Concei\u00e7\u00e3o, a Par\u00f3quia foi inaugurada em [&hellip;]<\/p>\n","protected":false},"author":15,"featured_media":0,"parent":51,"menu_order":0,"comment_status":"closed","ping_status":"closed","template":"","meta":{"_acf_changed":false,"xn-wppe-expiration":[],"xn-wppe-expiration-action":[],"xn-wppe-expiration-prefix":[],"inline_featured_image":false,"footnotes":""},"class_list":["post-57","page","type-page","status-publish","hentry"],"acf":[],"_links":{"self":[{"href":"https:\/\/arquidiocesebh.org.br\/santuarionossasenhoradaconceicaodospobres\/wp-json\/wp\/v2\/pages\/57","targetHints":{"allow":["GET"]}}],"collection":[{"href":"https:\/\/arquidiocesebh.org.br\/santuarionossasenhoradaconceicaodospobres\/wp-json\/wp\/v2\/pages"}],"about":[{"href":"https:\/\/arquidiocesebh.org.br\/santuarionossasenhoradaconceicaodospobres\/wp-json\/wp\/v2\/types\/page"}],"author":[{"embeddable":true,"href":"https:\/\/arquidiocesebh.org.br\/santuarionossasenhoradaconceicaodospobres\/wp-json\/wp\/v2\/users\/15"}],"replies":[{"embeddable":true,"href":"https:\/\/arquidiocesebh.org.br\/santuarionossasenhoradaconceicaodospobres\/wp-json\/wp\/v2\/comments?post=57"}],"version-history":[{"count":0,"href":"https:\/\/arquidiocesebh.org.br\/santuarionossasenhoradaconceicaodospobres\/wp-json\/wp\/v2\/pages\/57\/revisions"}],"up":[{"embeddable":true,"href":"https:\/\/arquidiocesebh.org.br\/santuarionossasenhoradaconceicaodospobres\/wp-json\/wp\/v2\/pages\/51"}],"wp:attachment":[{"href":"https:\/\/arquidiocesebh.org.br\/santuarionossasenhoradaconceicaodospobres\/wp-json\/wp\/v2\/media?parent=57"}],"curies":[{"name":"wp","href":"https:\/\/api.w.org\/{rel}","templated":true}]}}