{"id":41912,"date":"2019-07-03T13:44:54","date_gmt":"2019-07-03T16:44:54","guid":{"rendered":"http:\/\/arquidiocesebh.org.br\/santuario-sao-judas-tadeu\/?page_id=41912"},"modified":"2023-02-01T10:46:05","modified_gmt":"2023-02-01T13:46:05","slug":"seja-um-dizimista","status":"publish","type":"page","link":"https:\/\/arquidiocesebh.org.br\/santuarionossasenhoradaconceicaodospobres\/seja-um-dizimista\/","title":{"rendered":"Seja um dizimista"},"content":{"rendered":"<p>D\u00edzimo n\u00e3o \u00e9 esmola, \u00e9 agradecimento!!!<br \/>\nAo oferecer meu d\u00edzimo, estou reconhecendo que Deus \u00e9 o meu Senhor e fonte de todas as b\u00ean\u00e7\u00e3os que eu alcan\u00e7o. Assim, demonstro minha gratid\u00e3o oferecendo um pouco daquilo que a mim foi concedido. Oferecer o d\u00edzimo \u00e9 agradecer a Deus!<\/p>\n<p>ORA\u00c7\u00c3O DO DIZIMISTA<\/p>\n<p>Recebei, Senhor, a minha oferta.<br \/>\nEla n\u00e3o \u00e9 uma esmola, porque n\u00e3o sois mendigo.<br \/>\nN\u00e3o \u00e9 apenas uma contribui\u00e7\u00e3o porque n\u00e3o precisais dela.<br \/>\nN\u00e3o \u00e9 o resto que me sobra que vos ofere\u00e7o.<br \/>\nEsta import\u00e2ncia, Senhor, representa a minha gratid\u00e3o<br \/>\ne o meu reconhecimento, pois se tenho algo, \u00e9 porque V\u00f3s me destes. Am\u00e9m!<\/p>\n<p>Quer ser um dizimista? Entre em contato com a Secretaria Paroquial ou em uma de nossas comunidades.<\/p>\n<p>Informa\u00e7\u00f5es voc\u00ea pode ligar nos n\u00fameros (31) 3422-6966 e (31) 98988-7808 whatsapp.<\/p>\n","protected":false},"excerpt":{"rendered":"<p>D\u00edzimo n\u00e3o \u00e9 esmola, \u00e9 agradecimento!!! Ao oferecer meu d\u00edzimo, estou reconhecendo que Deus \u00e9 o meu Senhor e fonte de todas as b\u00ean\u00e7\u00e3os que eu alcan\u00e7o. Assim, demonstro minha gratid\u00e3o oferecendo um pouco daquilo que a mim foi concedido. Oferecer o d\u00edzimo \u00e9 agradecer a Deus! ORA\u00c7\u00c3O DO DIZIMISTA Recebei, Senhor, a minha oferta. [&hellip;]<\/p>\n","protected":false},"author":38,"featured_media":0,"parent":0,"menu_order":0,"comment_status":"closed","ping_status":"closed","template":"","meta":{"_acf_changed":false,"xn-wppe-expiration":[],"xn-wppe-expiration-action":[],"xn-wppe-expiration-prefix":[],"inline_featured_image":false,"footnotes":""},"class_list":["post-41912","page","type-page","status-publish","hentry"],"acf":[],"_links":{"self":[{"href":"https:\/\/arquidiocesebh.org.br\/santuarionossasenhoradaconceicaodospobres\/wp-json\/wp\/v2\/pages\/41912","targetHints":{"allow":["GET"]}}],"collection":[{"href":"https:\/\/arquidiocesebh.org.br\/santuarionossasenhoradaconceicaodospobres\/wp-json\/wp\/v2\/pages"}],"about":[{"href":"https:\/\/arquidiocesebh.org.br\/santuarionossasenhoradaconceicaodospobres\/wp-json\/wp\/v2\/types\/page"}],"author":[{"embeddable":true,"href":"https:\/\/arquidiocesebh.org.br\/santuarionossasenhoradaconceicaodospobres\/wp-json\/wp\/v2\/users\/38"}],"replies":[{"embeddable":true,"href":"https:\/\/arquidiocesebh.org.br\/santuarionossasenhoradaconceicaodospobres\/wp-json\/wp\/v2\/comments?post=41912"}],"version-history":[{"count":0,"href":"https:\/\/arquidiocesebh.org.br\/santuarionossasenhoradaconceicaodospobres\/wp-json\/wp\/v2\/pages\/41912\/revisions"}],"wp:attachment":[{"href":"https:\/\/arquidiocesebh.org.br\/santuarionossasenhoradaconceicaodospobres\/wp-json\/wp\/v2\/media?parent=41912"}],"curies":[{"name":"wp","href":"https:\/\/api.w.org\/{rel}","templated":true}]}}