{"id":211,"date":"2017-06-19T18:56:13","date_gmt":"2017-06-19T21:56:13","guid":{"rendered":"http:\/\/arquidiocesebh.org.br\/sao-judas-tadeu\/para-sua-fe\/arcebispo\/"},"modified":"2021-09-28T10:23:10","modified_gmt":"2021-09-28T13:23:10","slug":"arcebispo","status":"publish","type":"page","link":"https:\/\/arquidiocesebh.org.br\/santuarionossasenhoradaconceicaodospobres\/para-sua-fe\/arcebispo\/","title":{"rendered":"Arcebispo"},"content":{"rendered":"<p><img loading=\"lazy\" decoding=\"async\" class=\"size-medium wp-image-28841 alignleft\" src=\"http:\/\/arquidiocesebh.org.br\/novo\/wp\/wp-content\/uploads\/2017\/01\/Dom-Walmor-2-201x300.jpg\" alt=\"\" width=\"201\" height=\"300\" \/><\/p>\n<p>O\u00a0<strong>Arcebispo Metropolitano de Belo Horizonte, dom Walmor Oliveira de Azevedo<\/strong>, \u00e9 doutor em Teologia B\u00edblica pela Pontif\u00edcia Universidade Gregoriana (Roma, It\u00e1lia) e mestre em Ci\u00eancias B\u00edblicas pelo Pontif\u00edcio Instituto B\u00edblico (Roma, It\u00e1lia). Cursou Filosofia no Semin\u00e1rio Arquidiocesano Santo Ant\u00f4nio (1972-1973), em Juiz de Fora (MG), e na Faculdade Dom Bosco de Filosofia, Ci\u00eancias e Letras (1974-1975), em S\u00e3o Jo\u00e3o Del-Rei (MG). De 1974 a 1977, cursou Teologia no Semin\u00e1rio Arquidiocesano Santo Ant\u00f4nio, em Juiz de Fora. Em 1977, ap\u00f3s ser ordenado sacerdote, incardinou-se na Arquidiocese de Juiz de Fora. Foi p\u00e1roco da Par\u00f3quia Nossa Senhora da Concei\u00e7\u00e3o de Benfica (1986-1995) e da Par\u00f3quia do Bom Pastor (1996-1998); coordenador da Regi\u00e3o Pastoral Nossa Senhora de Lourdes (1988-1989); coordenador Arquidiocesano da Pastoral Vocacional (1978-1984) e reitor do Semin\u00e1rio Arquidiocesano Santo Ant\u00f4nio (1989-1997). No campo acad\u00eamico, lecionou nas disciplinas Ci\u00eancias B\u00edblicas, Teologia e L\u00f3gica II; coordenou os cursos de Filosofia e Teologia. Em Belo Horizonte, foi professor da PUC-Minas (1986-1990). Tamb\u00e9m lecionou no mestrado em Teologia da PUC-Rio (1992, 1994 e 1995).<\/p>\n<h4>DE SALVADOR PARA BELO HORIZONTE.<\/h4>\n<p>Nomeado Bispo Auxiliar de Salvador (BA) pelo Papa Jo\u00e3o Paulo II no dia 21 de janeiro de 1998, foi ordenado pelo Cardeal Dom Frei Lucas Moreira Neves no dia 10 de maio de 1998. Seis anos depois, em 2004, foi nomeado Arcebispo Metropolitano de Belo Horizonte pelo Papa Jo\u00e3o Paulo II. O in\u00edcio de seu minist\u00e9rio foi no dia 26 de mar\u00e7o de 2004. Em outubro de 2008, dom Walmor foi escolhido para ser um dos quatro representantes do Brasil na XII Assembleia Geral Ordin\u00e1ria do S\u00ednodo dos Bispos, realizada em Roma.<\/p>\n<p>Em fevereiro de 2014, foi nomeado pelo Papa Francisco membro da Congrega\u00e7\u00e3o para as Igrejas Orientais. Desde 2010, o arcebispo \u00e9 referencial para os fi\u00e9is cat\u00f3licos de Rito Oriental residentes no Brasil e desprovidos de ordin\u00e1rio do pr\u00f3prio rito. Dom Walmor tamb\u00e9m \u00e9 membro da Congrega\u00e7\u00e3o para a Doutrina da F\u00e9, desde 2009. Na CNBB, o arcebispo presidiu a Comiss\u00e3o para a Doutrina da F\u00e9 durante os exerc\u00edcios 2003 a 2007 e de 2007 a 2011. Tamb\u00e9m exerceu a presid\u00eancia do Regional Leste II da CNBB \u2013 Minas Gerais e Esp\u00edrito Santo. Membro da Academia Mineira de Letras, Cidad\u00e3o Honor\u00e1rio de Minas Gerais, dos munic\u00edpios de Caet\u00e9, Ribeir\u00e3o das Neves, Contagem, Nova Lima, Santa Luzia e muitas outras cidades mineiras. Dom Walmor tamb\u00e9m foi agraciado com a Comenda Dom Luciano Mendes de Almeida, da Faculdade Arquidiocesana de Mariana, e com o t\u00edtulo de Doutor Honoris Causa, da Faculdade Jesu\u00edta de Filosofia e Teologia (2012). Foi eleito presidente da Confer\u00eancia Nacional dos Bispos do Brasil (CNBB) no dia 10 de maio de 2019, durante a 57\u00aa Assembleia Geral dos Bispos, para o quadri\u00eanio 2019-2023. \u00a0O Arcebispo foi nomeado, membro do primeiro Observat\u00f3rio dos Direitos Humanos do Poder Judici\u00e1rio brasileiro, criado no dia 17 de setembro de 2020 e coordenado pelo Conselho Nacional de Justi\u00e7a (CNJ).\u00a0 Dom Walmor participou da 45\u00aa Sess\u00e3o do Conselho de Direitos Humanos da Organiza\u00e7\u00e3o das Na\u00e7\u00f5es Unidas (ONU) realizada de 14 de setembro a 6 de outubro, em Genebra (Su\u00ed\u00e7a). O presidente da CNBB gravou v\u00eddeo em que chama aten\u00e7\u00e3o para o risco \u00a0de rompimento de 40 barragens de rejeitos de min\u00e9rio, em Minas Gerais, e \u00a0alerta sobre a contamina\u00e7\u00e3o do solo e de rios no Par\u00e1, com produtos t\u00f3xicos da atividade miner\u00e1ria. No dia 24 de setembro de 2021, o Arcebispo foi agracidado com\u00a0a Ordem do M\u00e9rito Judici\u00e1rio do Trabalho Desembargador Ari Rocha (Grau Oficial), pelo Tribunal Regional do Trabalho da 3\u00aa Regi\u00e3o \u2013 Minas Gerais. Natural de C\u00f4cos (BA), dom Walmor nasceu no dia 26 de abril de 1954.<\/p>\n<p>&nbsp;<\/p>\n<p><a href=\"http:\/\/arquidiocesebh.org.br\/para-sua-fe\/espiritualidade\/artigo-de-dom-walmor\/\">Confira aqui<\/a> os artigos de Dom Walmor.<\/p>\n","protected":false},"excerpt":{"rendered":"<p>O\u00a0Arcebispo Metropolitano de Belo Horizonte, dom Walmor Oliveira de Azevedo, \u00e9 doutor em Teologia B\u00edblica pela Pontif\u00edcia Universidade Gregoriana (Roma, It\u00e1lia) e mestre em Ci\u00eancias B\u00edblicas pelo Pontif\u00edcio Instituto B\u00edblico (Roma, It\u00e1lia). Cursou Filosofia no Semin\u00e1rio Arquidiocesano Santo Ant\u00f4nio (1972-1973), em Juiz de Fora (MG), e na Faculdade Dom Bosco de Filosofia, Ci\u00eancias e Letras [&hellip;]<\/p>\n","protected":false},"author":15,"featured_media":38452,"parent":210,"menu_order":0,"comment_status":"closed","ping_status":"closed","template":"","meta":{"_acf_changed":false,"xn-wppe-expiration":[],"xn-wppe-expiration-action":[],"xn-wppe-expiration-prefix":[],"inline_featured_image":false,"footnotes":""},"class_list":["post-211","page","type-page","status-publish","has-post-thumbnail","hentry"],"acf":[],"_links":{"self":[{"href":"https:\/\/arquidiocesebh.org.br\/santuarionossasenhoradaconceicaodospobres\/wp-json\/wp\/v2\/pages\/211","targetHints":{"allow":["GET"]}}],"collection":[{"href":"https:\/\/arquidiocesebh.org.br\/santuarionossasenhoradaconceicaodospobres\/wp-json\/wp\/v2\/pages"}],"about":[{"href":"https:\/\/arquidiocesebh.org.br\/santuarionossasenhoradaconceicaodospobres\/wp-json\/wp\/v2\/types\/page"}],"author":[{"embeddable":true,"href":"https:\/\/arquidiocesebh.org.br\/santuarionossasenhoradaconceicaodospobres\/wp-json\/wp\/v2\/users\/15"}],"replies":[{"embeddable":true,"href":"https:\/\/arquidiocesebh.org.br\/santuarionossasenhoradaconceicaodospobres\/wp-json\/wp\/v2\/comments?post=211"}],"version-history":[{"count":0,"href":"https:\/\/arquidiocesebh.org.br\/santuarionossasenhoradaconceicaodospobres\/wp-json\/wp\/v2\/pages\/211\/revisions"}],"up":[{"embeddable":true,"href":"https:\/\/arquidiocesebh.org.br\/santuarionossasenhoradaconceicaodospobres\/wp-json\/wp\/v2\/pages\/210"}],"wp:featuredmedia":[{"embeddable":true,"href":"https:\/\/arquidiocesebh.org.br\/santuarionossasenhoradaconceicaodospobres\/wp-json\/wp\/v2\/media\/38452"}],"wp:attachment":[{"href":"https:\/\/arquidiocesebh.org.br\/santuarionossasenhoradaconceicaodospobres\/wp-json\/wp\/v2\/media?parent=211"}],"curies":[{"name":"wp","href":"https:\/\/api.w.org\/{rel}","templated":true}]}}