{"id":57,"date":"2017-06-16T12:06:46","date_gmt":"2017-06-16T15:06:46","guid":{"rendered":"http:\/\/arquidiocesebh.org.br\/paroquia-sao-goncalo\/?page_id=57"},"modified":"2023-02-07T13:53:32","modified_gmt":"2023-02-07T16:53:32","slug":"historia","status":"publish","type":"page","link":"https:\/\/arquidiocesebh.org.br\/santoantoniodomorrovelho\/paroquia\/historia\/","title":{"rendered":"Hist\u00f3ria"},"content":{"rendered":"<h1><strong><u>Hist\u00f3ria: <\/u><\/strong><\/h1>\n<h2>T\u00daNEL DO TEMPO.<\/h2>\n<h3>PAR\u00d3QUIA SANTO ANTONIO DO MORRO VELHO<\/h3>\n<p>&nbsp;<\/p>\n<p><img loading=\"lazy\" decoding=\"async\" class=\"alignnone wp-image-574 size-full\" src=\"https:\/\/arquidiocesebh.org.br\/santoantoniodomorrovelho\/wp-content\/uploads\/sites\/66\/2023\/01\/historia-paroquia.jpg\" alt=\"\" width=\"672\" height=\"900\" srcset=\"https:\/\/arquidiocesebh.org.br\/santoantoniodomorrovelho\/wp-content\/uploads\/sites\/66\/2023\/01\/historia-paroquia.jpg 672w, https:\/\/arquidiocesebh.org.br\/santoantoniodomorrovelho\/wp-content\/uploads\/sites\/66\/2023\/01\/historia-paroquia-224x300.jpg 224w, https:\/\/arquidiocesebh.org.br\/santoantoniodomorrovelho\/wp-content\/uploads\/sites\/66\/2023\/01\/historia-paroquia-448x600.jpg 448w, https:\/\/arquidiocesebh.org.br\/santoantoniodomorrovelho\/wp-content\/uploads\/sites\/66\/2023\/01\/historia-paroquia-156x209.jpg 156w\" sizes=\"auto, (max-width: 672px) 100vw, 672px\" \/><\/p>\n","protected":false},"excerpt":{"rendered":"<p>Hist\u00f3ria: T\u00daNEL DO TEMPO. PAR\u00d3QUIA SANTO ANTONIO DO MORRO VELHO &nbsp;<\/p>\n","protected":false},"author":64,"featured_media":0,"parent":51,"menu_order":0,"comment_status":"closed","ping_status":"closed","template":"","meta":{"_acf_changed":false,"xn-wppe-expiration":[],"xn-wppe-expiration-action":[],"xn-wppe-expiration-prefix":[],"inline_featured_image":false,"footnotes":""},"class_list":["post-57","page","type-page","status-publish","hentry"],"acf":[],"_links":{"self":[{"href":"https:\/\/arquidiocesebh.org.br\/santoantoniodomorrovelho\/wp-json\/wp\/v2\/pages\/57","targetHints":{"allow":["GET"]}}],"collection":[{"href":"https:\/\/arquidiocesebh.org.br\/santoantoniodomorrovelho\/wp-json\/wp\/v2\/pages"}],"about":[{"href":"https:\/\/arquidiocesebh.org.br\/santoantoniodomorrovelho\/wp-json\/wp\/v2\/types\/page"}],"author":[{"embeddable":true,"href":"https:\/\/arquidiocesebh.org.br\/santoantoniodomorrovelho\/wp-json\/wp\/v2\/users\/64"}],"replies":[{"embeddable":true,"href":"https:\/\/arquidiocesebh.org.br\/santoantoniodomorrovelho\/wp-json\/wp\/v2\/comments?post=57"}],"version-history":[{"count":0,"href":"https:\/\/arquidiocesebh.org.br\/santoantoniodomorrovelho\/wp-json\/wp\/v2\/pages\/57\/revisions"}],"up":[{"embeddable":true,"href":"https:\/\/arquidiocesebh.org.br\/santoantoniodomorrovelho\/wp-json\/wp\/v2\/pages\/51"}],"wp:attachment":[{"href":"https:\/\/arquidiocesebh.org.br\/santoantoniodomorrovelho\/wp-json\/wp\/v2\/media?parent=57"}],"curies":[{"name":"wp","href":"https:\/\/api.w.org\/{rel}","templated":true}]}}