{"id":558,"date":"2023-01-26T14:48:25","date_gmt":"2023-01-26T17:48:25","guid":{"rendered":"https:\/\/arquidiocesebh.org.br\/santoantoniodomorrovelho\/?page_id=558"},"modified":"2023-01-26T15:24:44","modified_gmt":"2023-01-26T18:24:44","slug":"confissoes","status":"publish","type":"page","link":"https:\/\/arquidiocesebh.org.br\/santoantoniodomorrovelho\/confissoes\/","title":{"rendered":"Confiss\u00f5es"},"content":{"rendered":"<p><strong>Individual: <\/strong>Agendamento por telefone. Tel.: (31) 3541-1227 \/ 3694-0839<\/p>\n<p><strong>Data: <\/strong>ter\u00e7a-feira e sexta- feira<\/p>\n<p><strong>Hor\u00e1rio:<\/strong> 18:00hrs<\/p>\n<p>&nbsp;<\/p>\n<p><strong>Comunit\u00e1ria (se houver)<\/strong><\/p>\n<p><strong>Data:<\/strong><\/p>\n<p><strong>Hor\u00e1rio:<\/strong><\/p>\n","protected":false},"excerpt":{"rendered":"<p>Individual: Agendamento por telefone. Tel.: (31) 3541-1227 \/ 3694-0839 Data: ter\u00e7a-feira e sexta- feira Hor\u00e1rio: 18:00hrs &nbsp; Comunit\u00e1ria (se houver) Data: Hor\u00e1rio:<\/p>\n","protected":false},"author":64,"featured_media":0,"parent":0,"menu_order":0,"comment_status":"closed","ping_status":"closed","template":"","meta":{"_acf_changed":false,"xn-wppe-expiration":[],"xn-wppe-expiration-action":[],"xn-wppe-expiration-prefix":[],"inline_featured_image":false,"footnotes":""},"class_list":["post-558","page","type-page","status-publish","hentry"],"acf":[],"_links":{"self":[{"href":"https:\/\/arquidiocesebh.org.br\/santoantoniodomorrovelho\/wp-json\/wp\/v2\/pages\/558","targetHints":{"allow":["GET"]}}],"collection":[{"href":"https:\/\/arquidiocesebh.org.br\/santoantoniodomorrovelho\/wp-json\/wp\/v2\/pages"}],"about":[{"href":"https:\/\/arquidiocesebh.org.br\/santoantoniodomorrovelho\/wp-json\/wp\/v2\/types\/page"}],"author":[{"embeddable":true,"href":"https:\/\/arquidiocesebh.org.br\/santoantoniodomorrovelho\/wp-json\/wp\/v2\/users\/64"}],"replies":[{"embeddable":true,"href":"https:\/\/arquidiocesebh.org.br\/santoantoniodomorrovelho\/wp-json\/wp\/v2\/comments?post=558"}],"version-history":[{"count":0,"href":"https:\/\/arquidiocesebh.org.br\/santoantoniodomorrovelho\/wp-json\/wp\/v2\/pages\/558\/revisions"}],"wp:attachment":[{"href":"https:\/\/arquidiocesebh.org.br\/santoantoniodomorrovelho\/wp-json\/wp\/v2\/media?parent=558"}],"curies":[{"name":"wp","href":"https:\/\/api.w.org\/{rel}","templated":true}]}}