{"id":346,"date":"2022-12-27T16:44:33","date_gmt":"2022-12-27T19:44:33","guid":{"rendered":"https:\/\/arquidiocesebh.org.br\/santoantoniodomorrovelho\/?page_id=346"},"modified":"2023-09-02T11:54:12","modified_gmt":"2023-09-02T14:54:12","slug":"crisma","status":"publish","type":"page","link":"https:\/\/arquidiocesebh.org.br\/santoantoniodomorrovelho\/crisma\/","title":{"rendered":"Crisma"},"content":{"rendered":"<p><strong>Documenta\u00e7\u00e3o necess\u00e1ria:\u00a0<\/strong><\/p>\n<p>&#8211; Carteira de identidade,<\/p>\n<p>&#8211; comprovante de resid\u00eancia,<\/p>\n<p>&#8211; certid\u00e3o de batismo<\/p>\n<p>&#8211; telefone de contato<\/p>\n<p>&#8211; carteira de identidade do padrinho.<\/p>\n<p><img loading=\"lazy\" decoding=\"async\" class=\"alignnone wp-image-909 \" src=\"https:\/\/arquidiocesebh.org.br\/santoantoniodomorrovelho\/wp-content\/uploads\/sites\/66\/2023\/09\/crisma-2024-300x296.jpg\" alt=\"\" width=\"566\" height=\"559\" srcset=\"https:\/\/arquidiocesebh.org.br\/santoantoniodomorrovelho\/wp-content\/uploads\/sites\/66\/2023\/09\/crisma-2024-300x296.jpg 300w, https:\/\/arquidiocesebh.org.br\/santoantoniodomorrovelho\/wp-content\/uploads\/sites\/66\/2023\/09\/crisma-2024-1024x1009.jpg 1024w, https:\/\/arquidiocesebh.org.br\/santoantoniodomorrovelho\/wp-content\/uploads\/sites\/66\/2023\/09\/crisma-2024-768x757.jpg 768w, https:\/\/arquidiocesebh.org.br\/santoantoniodomorrovelho\/wp-content\/uploads\/sites\/66\/2023\/09\/crisma-2024-609x600.jpg 609w, https:\/\/arquidiocesebh.org.br\/santoantoniodomorrovelho\/wp-content\/uploads\/sites\/66\/2023\/09\/crisma-2024-107x107.jpg 107w, https:\/\/arquidiocesebh.org.br\/santoantoniodomorrovelho\/wp-content\/uploads\/sites\/66\/2023\/09\/crisma-2024-212x209.jpg 212w, https:\/\/arquidiocesebh.org.br\/santoantoniodomorrovelho\/wp-content\/uploads\/sites\/66\/2023\/09\/crisma-2024-88x88.jpg 88w, https:\/\/arquidiocesebh.org.br\/santoantoniodomorrovelho\/wp-content\/uploads\/sites\/66\/2023\/09\/crisma-2024-42x42.jpg 42w, https:\/\/arquidiocesebh.org.br\/santoantoniodomorrovelho\/wp-content\/uploads\/sites\/66\/2023\/09\/crisma-2024.jpg 1094w\" sizes=\"auto, (max-width: 566px) 100vw, 566px\" \/><\/p>\n","protected":false},"excerpt":{"rendered":"<p>Documenta\u00e7\u00e3o necess\u00e1ria:\u00a0 &#8211; Carteira de identidade, &#8211; comprovante de resid\u00eancia, &#8211; certid\u00e3o de batismo &#8211; telefone de contato &#8211; carteira de identidade do padrinho.<\/p>\n","protected":false},"author":64,"featured_media":0,"parent":0,"menu_order":0,"comment_status":"closed","ping_status":"closed","template":"","meta":{"_acf_changed":false,"xn-wppe-expiration":[],"xn-wppe-expiration-action":[],"xn-wppe-expiration-prefix":[],"inline_featured_image":false,"footnotes":""},"class_list":["post-346","page","type-page","status-publish","hentry"],"acf":[],"_links":{"self":[{"href":"https:\/\/arquidiocesebh.org.br\/santoantoniodomorrovelho\/wp-json\/wp\/v2\/pages\/346","targetHints":{"allow":["GET"]}}],"collection":[{"href":"https:\/\/arquidiocesebh.org.br\/santoantoniodomorrovelho\/wp-json\/wp\/v2\/pages"}],"about":[{"href":"https:\/\/arquidiocesebh.org.br\/santoantoniodomorrovelho\/wp-json\/wp\/v2\/types\/page"}],"author":[{"embeddable":true,"href":"https:\/\/arquidiocesebh.org.br\/santoantoniodomorrovelho\/wp-json\/wp\/v2\/users\/64"}],"replies":[{"embeddable":true,"href":"https:\/\/arquidiocesebh.org.br\/santoantoniodomorrovelho\/wp-json\/wp\/v2\/comments?post=346"}],"version-history":[{"count":0,"href":"https:\/\/arquidiocesebh.org.br\/santoantoniodomorrovelho\/wp-json\/wp\/v2\/pages\/346\/revisions"}],"wp:attachment":[{"href":"https:\/\/arquidiocesebh.org.br\/santoantoniodomorrovelho\/wp-json\/wp\/v2\/media?parent=346"}],"curies":[{"name":"wp","href":"https:\/\/api.w.org\/{rel}","templated":true}]}}