{"id":320,"date":"2022-12-27T14:21:19","date_gmt":"2022-12-27T17:21:19","guid":{"rendered":"https:\/\/arquidiocesebh.org.br\/santoantoniodomorrovelho\/?page_id=320"},"modified":"2023-12-29T14:24:06","modified_gmt":"2023-12-29T17:24:06","slug":"batizados","status":"publish","type":"page","link":"https:\/\/arquidiocesebh.org.br\/santoantoniodomorrovelho\/batizados\/","title":{"rendered":"Batizados"},"content":{"rendered":"<p>&nbsp;<\/p>\n<p>&nbsp;<\/p>\n<p><a href=\"https:\/\/arquidiocesebh.org.br\/santoantoniodomorrovelho\/wp-content\/uploads\/sites\/66\/2023\/12\/batizados-orientacoes.pdf\">BATIZADOS Orienta\u00e7\u00f5es<\/a><\/p>\n<p><img loading=\"lazy\" decoding=\"async\" class=\"aligncenter wp-image-964 size-full\" src=\"https:\/\/arquidiocesebh.org.br\/santoantoniodomorrovelho\/wp-content\/uploads\/sites\/66\/2023\/12\/batizados-orientacoes.jpg\" alt=\"\" width=\"720\" height=\"1040\" srcset=\"https:\/\/arquidiocesebh.org.br\/santoantoniodomorrovelho\/wp-content\/uploads\/sites\/66\/2023\/12\/batizados-orientacoes.jpg 720w, https:\/\/arquidiocesebh.org.br\/santoantoniodomorrovelho\/wp-content\/uploads\/sites\/66\/2023\/12\/batizados-orientacoes-208x300.jpg 208w, https:\/\/arquidiocesebh.org.br\/santoantoniodomorrovelho\/wp-content\/uploads\/sites\/66\/2023\/12\/batizados-orientacoes-709x1024.jpg 709w, https:\/\/arquidiocesebh.org.br\/santoantoniodomorrovelho\/wp-content\/uploads\/sites\/66\/2023\/12\/batizados-orientacoes-415x600.jpg 415w, https:\/\/arquidiocesebh.org.br\/santoantoniodomorrovelho\/wp-content\/uploads\/sites\/66\/2023\/12\/batizados-orientacoes-145x209.jpg 145w\" sizes=\"auto, (max-width: 720px) 100vw, 720px\" \/><\/p>\n<p><strong>(DOCUMENTOS)<\/strong><\/p>\n<p>&#8211; Certid\u00e3o de nascimento,<\/p>\n<p>&#8211; comprovante de resid\u00eancia,<\/p>\n<p>&#8211; carteira de identidade dos padrinhos<\/p>\n<p>&#8211; telefone de contato.<\/p>\n<p><span style=\"color: #005959\"><em><strong>Saiba mais sobre o Batismo. Assista tamb\u00e9m aos v\u00eddeos clicando no link<\/strong><\/em><\/span>: \u00a0<a href=\"https:\/\/arquidiocesebh.org.br\/santoantoniodomorrovelho\/webtv\/tv-horizonte-catequese-do-batismo-encontro-1\/\">https:\/\/arquidiocesebh.org.br\/santoantoniodomorrovelho\/webtv\/tv-horizonte-catequese-do-batismo-encontro-1\/<\/a><\/p>\n<p>&nbsp;<\/p>\n<p>&nbsp;<\/p>\n","protected":false},"excerpt":{"rendered":"<p>&nbsp; &nbsp; BATIZADOS Orienta\u00e7\u00f5es (DOCUMENTOS) &#8211; Certid\u00e3o de nascimento, &#8211; comprovante de resid\u00eancia, &#8211; carteira de identidade dos padrinhos &#8211; telefone de contato. Saiba mais sobre o Batismo. Assista tamb\u00e9m aos v\u00eddeos clicando no link: \u00a0https:\/\/arquidiocesebh.org.br\/santoantoniodomorrovelho\/webtv\/tv-horizonte-catequese-do-batismo-encontro-1\/ &nbsp; &nbsp;<\/p>\n","protected":false},"author":64,"featured_media":0,"parent":0,"menu_order":0,"comment_status":"closed","ping_status":"closed","template":"","meta":{"_acf_changed":false,"xn-wppe-expiration":[],"xn-wppe-expiration-action":[],"xn-wppe-expiration-prefix":[],"inline_featured_image":false,"footnotes":""},"class_list":["post-320","page","type-page","status-publish","hentry"],"acf":[],"_links":{"self":[{"href":"https:\/\/arquidiocesebh.org.br\/santoantoniodomorrovelho\/wp-json\/wp\/v2\/pages\/320","targetHints":{"allow":["GET"]}}],"collection":[{"href":"https:\/\/arquidiocesebh.org.br\/santoantoniodomorrovelho\/wp-json\/wp\/v2\/pages"}],"about":[{"href":"https:\/\/arquidiocesebh.org.br\/santoantoniodomorrovelho\/wp-json\/wp\/v2\/types\/page"}],"author":[{"embeddable":true,"href":"https:\/\/arquidiocesebh.org.br\/santoantoniodomorrovelho\/wp-json\/wp\/v2\/users\/64"}],"replies":[{"embeddable":true,"href":"https:\/\/arquidiocesebh.org.br\/santoantoniodomorrovelho\/wp-json\/wp\/v2\/comments?post=320"}],"version-history":[{"count":0,"href":"https:\/\/arquidiocesebh.org.br\/santoantoniodomorrovelho\/wp-json\/wp\/v2\/pages\/320\/revisions"}],"wp:attachment":[{"href":"https:\/\/arquidiocesebh.org.br\/santoantoniodomorrovelho\/wp-json\/wp\/v2\/media?parent=320"}],"curies":[{"name":"wp","href":"https:\/\/api.w.org\/{rel}","templated":true}]}}