{"id":57,"date":"2017-06-16T12:06:46","date_gmt":"2017-06-16T15:06:46","guid":{"rendered":"http:\/\/arquidiocesebh.org.br\/paroquia-sao-goncalo\/?page_id=57"},"modified":"2023-01-13T14:33:50","modified_gmt":"2023-01-13T17:33:50","slug":"historia","status":"publish","type":"page","link":"https:\/\/arquidiocesebh.org.br\/santissimosacramento\/paroquia\/historia\/","title":{"rendered":"Hist\u00f3ria"},"content":{"rendered":"<h1><strong><u>Hist\u00f3ria: <\/u><\/strong><\/h1>\n<h2>T\u00daNEL DO TEMPO.<\/h2>\n<h3>PAR\u00d3QUIA SANT\u00cdSSIMO SACRAMENTO &#8211; TAQUARA\u00c7U DE MINAS.<\/h3>\n<p>&nbsp;<\/p>\n<p>Este livro conter\u00e1, para a posteridade, assinaturas de uma visita ao T\u00daNEL DO TEMPO daqueles que estiverem neste dia 07 de abril de 2018 nesta exposi\u00e7\u00e3o\u00a0 hist\u00f3rica da Par\u00f3quia Sant\u00edssimo Sacramento, ber\u00e7o de nosso crescimento religioso, de real alimento da F\u00c9. Nossa Par\u00f3quia at\u00e9 meados do s\u00e9culo passado esteve an\u00f4nima quanto a estes recursos t\u00e9cnicos, virtuais, de acesso \u00e0 m\u00eddia escrita e falada nada foi encontrado que nos aportasse aos elementos: constru\u00e7\u00e3o e ou amplia\u00e7\u00e3o da igreja e posteriormente Matriz do Sant\u00edssimo Sacramento, seu patrim\u00f4nio f\u00edsico.<\/p>\n<p><img loading=\"lazy\" decoding=\"async\" class=\"alignleft wp-image-424 size-full\" src=\"https:\/\/arquidiocesebh.org.br\/santissimosacramento\/wp-content\/uploads\/sites\/65\/2023\/01\/historia-02.jpg\" alt=\"\" width=\"508\" height=\"332\" srcset=\"https:\/\/arquidiocesebh.org.br\/santissimosacramento\/wp-content\/uploads\/sites\/65\/2023\/01\/historia-02.jpg 508w, https:\/\/arquidiocesebh.org.br\/santissimosacramento\/wp-content\/uploads\/sites\/65\/2023\/01\/historia-02-300x196.jpg 300w, https:\/\/arquidiocesebh.org.br\/santissimosacramento\/wp-content\/uploads\/sites\/65\/2023\/01\/historia-02-224x146.jpg 224w\" sizes=\"auto, (max-width: 508px) 100vw, 508px\" \/>A emancipa\u00e7\u00e3o e o progresso do munic\u00edpio n\u00e3o registraram e nem preservaram o entorno de nossa Matriz. Seu patrim\u00f4nio foi fotografado por\u00a0 historiadores de universidades mas n\u00e3o consta do arquivo paroquial. Seu patrim\u00f4nio cultural, art\u00edstico e de constru\u00e7\u00e3o s\u00e9culos XVII, XVIII, XIX e XX\u00a0 provavelmente ficou preservado apenas na\u00a0 mem\u00f3ria daqueles que por n\u00e3o terem suficiente cultura deixaram que estas mem\u00f3rias fossem se diluindo no tempo como de uma densa neblina p\u00f3s chuva forte de ver\u00e3o.<\/p>\n<p>A tradi\u00e7\u00e3o aqui se dissolveu muito rapidamente, pois, a mem\u00f3ria popular teve sempre o impacto do \u201cISTO \u00c9 ANTIGO\u201d substituindo o cerne verdadeiro de nossas ra\u00edzes sem se importarem com a maravilha religiosa vivida por nossos antepassados e bem cultivada at\u00e9 meados de 1991. Com o falecimento de Padre Ephraim Evangelista Marques Guimar\u00e3es e a passagem por essa Par\u00f3quia de sacerdotes desconhecedores da hist\u00f3ria local e por falta de preserva\u00e7\u00e3o da TRADI\u00c7\u00c3O cada um colaborou muito r\u00e1pido com o empobrecimento cultural de nossa Par\u00f3quia, isto se deva \u00e0 falta de DI\u00c1LOGO e ao que diziam: \u201cA Igreja vive o momento do Conc\u00edlio Vaticano II e outros\u201d, inclusive a demoli\u00e7\u00e3o da casa Paroquial, bem que deveria ser preservada com todo seu acervo (m\u00f3veis, pinturas, estilo de constru\u00e7\u00e3o, pomar, jardins em seu entorno, etc.) a constru\u00e7\u00e3o de banheiros masculinos e femininos j\u00e1 em nossos dias influenciando na est\u00e9tica e preserva\u00e7\u00e3o da constru\u00e7\u00e3o secular da Matriz. Devido a falta de informa\u00e7\u00f5es sanit\u00e1rias foi destru\u00edda a fonte natural alimentada por \u00e1gua da mina da BIQUINHA nos jardins atr\u00e1s da Matriz.<\/p>\n<p>A vida social de TAQUARASS\u00da era centralizada\u00a0 nas celebra\u00e7\u00f5es religiosas: casamentos, conclus\u00e3o de cursos, bodas, anivers\u00e1rios, posses e sobretu<\/p>\n<p><img loading=\"lazy\" decoding=\"async\" class=\"alignright wp-image-423 size-full\" src=\"https:\/\/arquidiocesebh.org.br\/santissimosacramento\/wp-content\/uploads\/sites\/65\/2023\/01\/historia-01.jpg\" alt=\"\" width=\"508\" height=\"332\" srcset=\"https:\/\/arquidiocesebh.org.br\/santissimosacramento\/wp-content\/uploads\/sites\/65\/2023\/01\/historia-01.jpg 508w, https:\/\/arquidiocesebh.org.br\/santissimosacramento\/wp-content\/uploads\/sites\/65\/2023\/01\/historia-01-300x196.jpg 300w, https:\/\/arquidiocesebh.org.br\/santissimosacramento\/wp-content\/uploads\/sites\/65\/2023\/01\/historia-01-224x146.jpg 224w\" sizes=\"auto, (max-width: 508px) 100vw, 508px\" \/><\/p>\n<p>do a vida dos santos desde janeiro: S\u00e3o Sebasti\u00e3o, fevereiro: in\u00edcio da quaresma e \u00e0s vezes em mar\u00e7o, tamb\u00e9m S\u00e3o Jos\u00e9 &#8211; Semana Santa em alguns anos, abril: Semana Santa, P\u00e1scoa e outras, maio: festas\u00a0 religiosas tradicionais: a do Padroeiro \u2013 Sant\u00edssimo Sacramento (CORPUS CHRISTI), em quinta-feira, tendo seu \u00e1pice com a Adora\u00e7\u00e3o durante 24 horas com uma escala sem trocas de oito irm\u00e3os (as) por hor\u00e1rio independente das madrugadas (frias, chuvosas, etc.) suprimidas devido \u00e0 viol\u00eancia dos dias atuais; Sagrado Cora\u00e7\u00e3o de Jesus, sexta feira ap\u00f3s o encerramento do Sant\u00edssimo, com Missa, prociss\u00e3o e at\u00e9 coroa\u00e7\u00e3o; Nossa Senhora, no s\u00e1bado \u2013 com Missa, prociss\u00e3o, coroa\u00e7\u00e3o e no final levantamento da Bandeira do Divino com queima de fogos e queima de imensa fogueira na Pra\u00e7a em frente a Igreja, suprimida pelo Meio Ambiente e Corpo de Bombeiros; Festa do Divino Esp\u00edrito Santo \u2013 Missa, sorteio do novo Imperador (\u00e0 moda antiga\/Tradicional) os famosos leil\u00f5es \u2013 a tarde Prociss\u00e3o, b\u00ean\u00e7\u00e3o e coroa\u00e7\u00e3o do novo Imperador ; \u00e0s vezes em at\u00e9 primeira quinzena de junho, a trilogia (Ant\u00f4nio, Jo\u00e3o, Pedro\/Paulo) \u2013 Missas, novenas, fogueiras e festivas queimas de fogos; julho: S\u00e3o Crist\u00f3v\u00e3o com a c\u00e9lebre prociss\u00e3o motorizada, agosto: missa dos Pais, setembro: m\u00eas da B\u00edblia; outubro: festa de Nossa Senhora de Aparecida com a devocional queima de fogos ao meio dia do dia 12, antes Missa festiva \u00e0s 10 h, depois missa vespertina e prociss\u00e3o luminosa; novembro: celebra\u00e7\u00e3o de todos os Santos e Finados \u2013 com visitas e reza do santo ter\u00e7o no cemit\u00e9rio local durante nove dias ap\u00f3s finados pela manh\u00e3 e ou \u00e0 tarde (hoje esquecida \u2013 \u201cISTO \u00c9 ANTIGO\u201d); dezembro s\u00f3 festas cujo centro era a \u201cMISSA DO GALO\u201d meia noite em ponto.<\/p>\n<p><img loading=\"lazy\" decoding=\"async\" class=\"wp-image-429 size-full alignleft\" src=\"https:\/\/arquidiocesebh.org.br\/santissimosacramento\/wp-content\/uploads\/sites\/65\/2023\/01\/historia-03.jpg\" alt=\"\" width=\"508\" height=\"332\" srcset=\"https:\/\/arquidiocesebh.org.br\/santissimosacramento\/wp-content\/uploads\/sites\/65\/2023\/01\/historia-03.jpg 508w, https:\/\/arquidiocesebh.org.br\/santissimosacramento\/wp-content\/uploads\/sites\/65\/2023\/01\/historia-03-300x196.jpg 300w, https:\/\/arquidiocesebh.org.br\/santissimosacramento\/wp-content\/uploads\/sites\/65\/2023\/01\/historia-03-224x146.jpg 224w\" sizes=\"auto, (max-width: 508px) 100vw, 508px\" \/>Par\u00f3quia que teve o privil\u00e9gio de ser visitada pela R\u00e9plica da imagem de Nossa Senhora de APARECIDA , entre os anos 1970 e 1974, permanecendo aqui durante 24 horas; visitada por Nossa Senhora \u201cROSA M\u00cdSTICA\u201d em 1984 pelo per\u00edodo de 8 horas; visitada pela Capela da M\u00e3e Rainha, na festa da FAM\u00cdLIA em 14 de agosto de 1998, trazida pelo casal SR. Abelson e Sra. Neida da cidade de Contagem \u2013 origem da entroniza\u00e7\u00e3o desse MOVIMENTO MARIANO em nossa Par\u00f3quia e visita oficial da Capela visitadora em 23 de maio de 2017, permanecendo aqui por 24 horas e coincidiu tamb\u00e9m a celebra\u00e7\u00e3o dos 25 anos de vida sacerdotal do Padre Jo\u00e3o Carlos da Silva , atual P\u00e1roco. Hoje s\u00e3o gostosas lembran\u00e7as para aqueles que souberam aproveitar, vivenciar e serem os verdadeiros guardi\u00f5es de: \u201cPAR\u00d3QUIA SANT\u00cdSSIMO SACRAMENTO\u201d.<\/p>\n<p>&nbsp;<\/p>\n<p><em>Escrito por Maria de Lourdes Marques Cruz, paroquiana de nascimento, batizada por Padre Ephraim Evangelista Marques Guimar\u00e3es no dia 02 de agosto de 1947 \u2013 sendo padrinhos: Jos\u00e9 Cupertino Marques e Filomena Maria da Cruz Torres, seus av\u00f3s, ele paterno, ela materna.<\/em><\/p>\n","protected":false},"excerpt":{"rendered":"<p>Hist\u00f3ria: T\u00daNEL DO TEMPO. PAR\u00d3QUIA SANT\u00cdSSIMO SACRAMENTO &#8211; TAQUARA\u00c7U DE MINAS. &nbsp; Este livro conter\u00e1, para a posteridade, assinaturas de uma visita ao T\u00daNEL DO TEMPO daqueles que estiverem neste dia 07 de abril de 2018 nesta exposi\u00e7\u00e3o\u00a0 hist\u00f3rica da Par\u00f3quia Sant\u00edssimo Sacramento, ber\u00e7o de nosso crescimento religioso, de real alimento da F\u00c9. Nossa Par\u00f3quia [&hellip;]<\/p>\n","protected":false},"author":64,"featured_media":0,"parent":51,"menu_order":0,"comment_status":"closed","ping_status":"closed","template":"","meta":{"_acf_changed":false,"xn-wppe-expiration":[],"xn-wppe-expiration-action":[],"xn-wppe-expiration-prefix":[],"inline_featured_image":false,"footnotes":""},"class_list":["post-57","page","type-page","status-publish","hentry"],"acf":[],"_links":{"self":[{"href":"https:\/\/arquidiocesebh.org.br\/santissimosacramento\/wp-json\/wp\/v2\/pages\/57","targetHints":{"allow":["GET"]}}],"collection":[{"href":"https:\/\/arquidiocesebh.org.br\/santissimosacramento\/wp-json\/wp\/v2\/pages"}],"about":[{"href":"https:\/\/arquidiocesebh.org.br\/santissimosacramento\/wp-json\/wp\/v2\/types\/page"}],"author":[{"embeddable":true,"href":"https:\/\/arquidiocesebh.org.br\/santissimosacramento\/wp-json\/wp\/v2\/users\/64"}],"replies":[{"embeddable":true,"href":"https:\/\/arquidiocesebh.org.br\/santissimosacramento\/wp-json\/wp\/v2\/comments?post=57"}],"version-history":[{"count":0,"href":"https:\/\/arquidiocesebh.org.br\/santissimosacramento\/wp-json\/wp\/v2\/pages\/57\/revisions"}],"up":[{"embeddable":true,"href":"https:\/\/arquidiocesebh.org.br\/santissimosacramento\/wp-json\/wp\/v2\/pages\/51"}],"wp:attachment":[{"href":"https:\/\/arquidiocesebh.org.br\/santissimosacramento\/wp-json\/wp\/v2\/media?parent=57"}],"curies":[{"name":"wp","href":"https:\/\/api.w.org\/{rel}","templated":true}]}}