{"id":26,"date":"2017-06-09T16:59:40","date_gmt":"2017-06-09T19:59:40","guid":{"rendered":"https:\/\/arquidiocesebh.org.br\/sagrada-familia\/?page_id=26"},"modified":"2020-07-16T15:14:46","modified_gmt":"2020-07-16T18:14:46","slug":"padroeira","status":"publish","type":"page","link":"https:\/\/arquidiocesebh.org.br\/sagrada-familia\/paroquia\/padroeira\/","title":{"rendered":"Padroeira"},"content":{"rendered":"<div class=\"mceTemp\"><\/div>\n<p><img loading=\"lazy\" decoding=\"async\" class=\"size-full wp-image-6640 alignleft\" src=\"https:\/\/arquidiocesebh.org.br\/sagrada-familia\/wp-content\/uploads\/sites\/36\/2020\/06\/padroeira.jpg\" alt=\"\" width=\"260\" height=\"419\" srcset=\"https:\/\/arquidiocesebh.org.br\/sagrada-familia\/wp-content\/uploads\/sites\/36\/2020\/06\/padroeira.jpg 260w, https:\/\/arquidiocesebh.org.br\/sagrada-familia\/wp-content\/uploads\/sites\/36\/2020\/06\/padroeira-186x300.jpg 186w, https:\/\/arquidiocesebh.org.br\/sagrada-familia\/wp-content\/uploads\/sites\/36\/2020\/06\/padroeira-130x209.jpg 130w\" sizes=\"auto, (max-width: 260px) 100vw, 260px\" \/><\/p>\n<p>A festa da padroeira Sagrada Fam\u00edlia \u00e9 celebrada no terceiro domingo de agosto (Semana da Fam\u00edlia). Festejamos a Sagrada Fam\u00edlia de Nazar\u00e9 (Jesus, Maria e Jos\u00e9).<\/p>\n","protected":false},"excerpt":{"rendered":"<p>A festa da padroeira Sagrada Fam\u00edlia \u00e9 celebrada no terceiro domingo de agosto (Semana da Fam\u00edlia). Festejamos a Sagrada Fam\u00edlia de Nazar\u00e9 (Jesus, Maria e Jos\u00e9).<\/p>\n","protected":false},"author":15,"featured_media":0,"parent":20,"menu_order":0,"comment_status":"closed","ping_status":"closed","template":"","meta":{"_acf_changed":false,"xn-wppe-expiration":[],"xn-wppe-expiration-action":[],"xn-wppe-expiration-prefix":[],"inline_featured_image":false,"footnotes":""},"class_list":["post-26","page","type-page","status-publish","hentry"],"acf":[],"_links":{"self":[{"href":"https:\/\/arquidiocesebh.org.br\/sagrada-familia\/wp-json\/wp\/v2\/pages\/26","targetHints":{"allow":["GET"]}}],"collection":[{"href":"https:\/\/arquidiocesebh.org.br\/sagrada-familia\/wp-json\/wp\/v2\/pages"}],"about":[{"href":"https:\/\/arquidiocesebh.org.br\/sagrada-familia\/wp-json\/wp\/v2\/types\/page"}],"author":[{"embeddable":true,"href":"https:\/\/arquidiocesebh.org.br\/sagrada-familia\/wp-json\/wp\/v2\/users\/15"}],"replies":[{"embeddable":true,"href":"https:\/\/arquidiocesebh.org.br\/sagrada-familia\/wp-json\/wp\/v2\/comments?post=26"}],"version-history":[{"count":0,"href":"https:\/\/arquidiocesebh.org.br\/sagrada-familia\/wp-json\/wp\/v2\/pages\/26\/revisions"}],"up":[{"embeddable":true,"href":"https:\/\/arquidiocesebh.org.br\/sagrada-familia\/wp-json\/wp\/v2\/pages\/20"}],"wp:attachment":[{"href":"https:\/\/arquidiocesebh.org.br\/sagrada-familia\/wp-json\/wp\/v2\/media?parent=26"}],"curies":[{"name":"wp","href":"https:\/\/api.w.org\/{rel}","templated":true}]}}