{"id":27,"date":"2017-06-16T11:52:58","date_gmt":"2017-06-16T14:52:58","guid":{"rendered":"http:\/\/arquidiocesebh.org.br\/paroquia-sao-goncalo\/?page_id=27"},"modified":"2021-06-08T10:38:21","modified_gmt":"2021-06-08T13:38:21","slug":"fale-com-a-rensc","status":"publish","type":"page","link":"https:\/\/arquidiocesebh.org.br\/regiao-rensc\/contato\/fale-com-a-rensc\/","title":{"rendered":"Fale com a RENSC"},"content":{"rendered":"<p>Para entrar em contato conosco, envie uma mensagem por este formul\u00e1rio de contato.<\/p>\n<p>Estamos \u00e0 disposi\u00e7\u00e3o.<\/p>\n","protected":false},"excerpt":{"rendered":"<p>Para entrar em contato conosco, envie uma mensagem por este formul\u00e1rio de contato. Estamos \u00e0 disposi\u00e7\u00e3o.<\/p>\n","protected":false},"author":86,"featured_media":0,"parent":1666,"menu_order":0,"comment_status":"closed","ping_status":"closed","template":"","meta":{"_acf_changed":false,"xn-wppe-expiration":[],"xn-wppe-expiration-action":[],"xn-wppe-expiration-prefix":[],"inline_featured_image":false,"footnotes":""},"class_list":["post-27","page","type-page","status-publish","hentry"],"acf":[],"_links":{"self":[{"href":"https:\/\/arquidiocesebh.org.br\/regiao-rensc\/wp-json\/wp\/v2\/pages\/27","targetHints":{"allow":["GET"]}}],"collection":[{"href":"https:\/\/arquidiocesebh.org.br\/regiao-rensc\/wp-json\/wp\/v2\/pages"}],"about":[{"href":"https:\/\/arquidiocesebh.org.br\/regiao-rensc\/wp-json\/wp\/v2\/types\/page"}],"author":[{"embeddable":true,"href":"https:\/\/arquidiocesebh.org.br\/regiao-rensc\/wp-json\/wp\/v2\/users\/86"}],"replies":[{"embeddable":true,"href":"https:\/\/arquidiocesebh.org.br\/regiao-rensc\/wp-json\/wp\/v2\/comments?post=27"}],"version-history":[{"count":0,"href":"https:\/\/arquidiocesebh.org.br\/regiao-rensc\/wp-json\/wp\/v2\/pages\/27\/revisions"}],"up":[{"embeddable":true,"href":"https:\/\/arquidiocesebh.org.br\/regiao-rensc\/wp-json\/wp\/v2\/pages\/1666"}],"wp:attachment":[{"href":"https:\/\/arquidiocesebh.org.br\/regiao-rensc\/wp-json\/wp\/v2\/media?parent=27"}],"curies":[{"name":"wp","href":"https:\/\/api.w.org\/{rel}","templated":true}]}}