{"id":1637,"date":"2021-06-04T16:19:11","date_gmt":"2021-06-04T19:19:11","guid":{"rendered":"https:\/\/arquidiocesebh.org.br\/regiao-rensc\/?page_id=1637"},"modified":"2022-04-18T16:18:30","modified_gmt":"2022-04-18T19:18:30","slug":"acoes-evangelizadoras","status":"publish","type":"page","link":"https:\/\/arquidiocesebh.org.br\/regiao-rensc\/acoes-evangelizadoras\/","title":{"rendered":"A\u00e7\u00f5es Evangelizadoras"},"content":{"rendered":"<p>A a\u00e7\u00e3o evangelizadora da RENSC tem a fun\u00e7\u00e3o de formar agentes multiplicadores para atuarem nas comunidades, atrav\u00e9s de reuni\u00f5es realizadas mensalmente, todo 3\u00ba s\u00e1bado, 14h \u00e0s 17h, com a participa\u00e7\u00e3o de todas as pastorais organizadas em n\u00edvel regional.<\/p>\n<p>&nbsp;<\/p>\n<p><b>1) Catequese\u00a0<\/b><\/p>\n<p>&#8211; Prepara, acompanha e assessora os Colegiados de Catequese das 10 foranias.<br \/>\n&#8211; Promove encontro de Educadores da F\u00e9, Congressos e Semin\u00e1rios com a participa\u00e7\u00e3o de representantes paroquiais da Pastoral Catequ\u00e9tica.<br \/>\n&#8211; Realiza a Escola Catequ\u00e9tica, destinada a catequistas iniciantes.<\/p>\n<p><b>Assistente eclesi\u00e1stico: \u00a0<\/b>Pe. Roberto Rubens (robertofilo@yahoo.com.br)<\/p>\n<p><b>Coordenadoras Regional: <\/b>Maria Aparecida R. da Silva\u00a0<b>(<\/b>cidarssocial@hotmail.com); Joelma dos Santos Cruz (jojosancruz@gmail.com); Rosemary Feliciano de Souza e Silva.<\/p>\n<p>&nbsp;<\/p>\n<p><b>2) Liturgia\u00a0<\/b><\/p>\n<p>O Colegiado de Liturgia, atrav\u00e9s de suas lideran\u00e7as promove forma\u00e7\u00e3o para equipes paroquiais nos tempos fortes do ano lit\u00fargico.<\/p>\n<p><b>Assistente eclesi\u00e1stico:\u00a0 \u00a0<\/b>Pe Felipe Lemos de Queir\u00f3s<\/p>\n<p><b>Coordena\u00e7\u00e3o Regional:\u00a0<\/b>Maria de F\u00e1tima Tameir\u00e3o\u00a0(fatima.tameirao@gmail.com);\u00a0Maria das Gra\u00e7as Ramos da Silva\u00a0(magracabr@yahoo.com.br)<\/p>\n<p>&nbsp;<\/p>\n<p><b>3) Juventude<\/b><\/p>\n<p>O Colegiado Regional da Juventude promove, durante o ano, encontros de forma\u00e7\u00e3o para lideran\u00e7as juvenis, chamados Encontro Regional de Articuladores da Juventude &#8211; ERAJ.<\/p>\n<p><b>Assistente eclesi\u00e1stico:\u00a0<\/b>Pe. Fernando Ant\u00f4nio Fagundes<\/p>\n<p><b>Coordena\u00e7\u00e3o Regional:\u00a0<\/b>Glauber Tadeu de Abreu\u00a0(glauberpbh@hotmail.com); Fernando Ac\u00e1cio(fernando.acacio06@gmail.com)<\/p>\n<p>&nbsp;<\/p>\n<p><b>4) Pastoral Familiar<\/b><\/p>\n<p>O Colegiado do Setor Fam\u00edlia se prop\u00f5em \u00e0 evangeliza\u00e7\u00e3o de todas as situa\u00e7\u00f5es familiares atrav\u00e9s de encontros, reuni\u00f5es, semin\u00e1rios. Incentiva a realiza\u00e7\u00e3o da Semana Nacional da Fam\u00edlia em todas as Par\u00f3quias e promove a missa de encerramento da Semana na RENSC.<\/p>\n<p><b>Assistente eclesi\u00e1stico:\u00a0<\/b>Pe. Filipe Gouv\u00eaa<\/p>\n<p><b>Coordena\u00e7\u00e3o Regional:\u00a0<\/b>Romeu Fonseca Fuscaldi e Wanda (fuscaldif@yahoo.com.br)<\/p>\n<p>&nbsp;<\/p>\n<p><b>\u00a05) Pastorais Social<\/b><\/p>\n<p>Em sintonia com o Vicariato para A\u00e7\u00e3o Social e Pol\u00edtica, o Colegiado Social faz acompanhamento das a\u00e7\u00f5es sociais da RENSC, al\u00e9m de promover a Semana Social, participa\u00e7\u00e3o do Grito dos Exclu\u00eddos e nos encontros de forma\u00e7\u00e3o do N\u00facleo de Estudo\u00a0S\u00f3cio Pol\u00edtico (NESP).<\/p>\n<p><b>Assistente eclesi\u00e1stico:\u00a0<\/b>Pe. Jos\u00e9 Adilson Pontes<\/p>\n<p><b>Coordena\u00e7\u00e3o Regional:\u00a0<\/b>Andr\u00e9 Luiz de Oliveira (aspa.nas@gmail.com); Dirlaine Diniz<\/p>\n<p>&nbsp;<\/p>\n<p><b>6) Pastoral da Comunica\u00e7\u00e3o (PASCOM)<\/b><\/p>\n<p>A Pastoral da Comunica\u00e7\u00e3o integra todas as pastorais j\u00e1 existentes, formando e mantendo as redes comunicadoras nas par\u00f3quias e foranias para sensibilizar e gerar processos de comunica\u00e7\u00e3o na Regi\u00e3o. Divulga eventos da RENSC na Rede de Comunica\u00e7\u00e3o da Arquidiocese. Cobre os encontros, reuni\u00f5es, celebra\u00e7\u00f5es da RENSC; visita as Foranias (CPF), com objetivo de conhecer a realidade da comunica\u00e7\u00e3o; oferece suporte as Foranias e Pastorais (confec\u00e7\u00e3o de cartazes, folhetos, etc); incentiva a cria\u00e7\u00e3o da equipe de comunica\u00e7\u00e3o nas Par\u00f3quias e Foranias; promove e realiza oficinas capacitando os agentes que j\u00e1 trabalham ou possuem um interesse especial pela comunica\u00e7\u00e3o nas par\u00f3quias.<\/p>\n<p><b>Assistente eclesi\u00e1stico:\u00a0<\/b> Irm\u00e3o Fabricio Wagner do Nascimento Cavalcante<\/p>\n<p><b>Coordena\u00e7\u00e3o Regional:\u00a0<\/b>Kelsey Souza e Cremilda de Almeida Moreira<\/p>\n<p>&nbsp;<\/p>\n<p><b>7) D\u00edzimo<\/b><\/p>\n<p>O Colegiado do D\u00edzimo tem a importante miss\u00e3o de acompanhar e animar a Pastoral do D\u00edzimo das par\u00f3quias e foranias da RENSC. Ao longo do ano, s\u00e3o realizados encontros de forma\u00e7\u00e3o para agentes de pastoral e, em novembro, \u00e9 celebrado o M\u00eas do D\u00edzimo.<\/p>\n<p><b>Assistente eclesi\u00e1stico:\u00a0 <\/b>Di\u00e1cono Valdir Nobre<\/p>\n<p><b>Coordenadora Regional:\u00a0<\/b>Maria do Carmo Ara\u00fajo (Kakacarmoaraujo@gmail.com); Sonia Rosenbaum<\/p>\n<p>&nbsp;<\/p>\n<p><b>8) Pastoral Presbiteral<\/b><\/p>\n<p>A Pastoral Presbiteral Regional promove momentos de espiritualidade, forma\u00e7\u00e3o integra\u00e7\u00e3o entre os padres, atrav\u00e9s das Assembleias Regionais do Clero. Auxilia e acompanha os padres idosos, promovendo reuni\u00f5es espec\u00edficas com temas voltados para a Maturidade e promove uma vez por ano um passeio tur\u00edstico com a participa\u00e7\u00e3o de todos os padres com mais de 60 anos.<\/p>\n<p><b>Assistente eclesi\u00e1stico:<\/b> Pe. Raimundo Nonato de Oliveira<\/p>\n<p>&nbsp;<\/p>\n<p><b>9) Secret\u00e1rios e Secret\u00e1rias Paroquiais<\/b><\/p>\n<p>Organiza encontro com secret\u00e1rias e secret\u00e1rios paroquiais, com o objetivo de capacit\u00e1-los para um melhor atendimento nas secretarias das par\u00f3quias. No dia do secret\u00e1rio (a) realiza um encontro de confraterniza\u00e7\u00e3o e no final do ano organiza um Retiro Espiritual.<\/p>\n<p><b>Assistente eclesi\u00e1stico: \u00a0<\/b>Pe. Ant\u00f4nio Moacir Rocha, vig\u00e1rio episcopal<\/p>\n<p><b>Coordena\u00e7\u00e3o Regional:\u00a0<\/b>Cremilda Moreira\u00a0(rensc@arquidiocesebh.org.br)<\/p>\n<p>&nbsp;<\/p>\n<p><b>10) COMIRENSC &#8211; Conselho Mission\u00e1rio Regional.<\/b><\/p>\n<p><strong>Comirensc &#8211; Vilas e Favelas<\/strong><br \/>\n<strong>Assistente eclesi\u00e1stico :<\/strong>\u00a0 Pe. C\u00e1ssio Borges<\/p>\n<p><strong>Comirensc &#8211; Edif\u00edcios e Condom\u00ednio<\/strong><\/p>\n<p><strong>Assistente eclesi\u00e1stico :<\/strong> Di\u00e1cono Alencastro Gonzaga da Silveira; Clerival Rocha de Oliveira Junior.<\/p>\n","protected":false},"excerpt":{"rendered":"<p>A a\u00e7\u00e3o evangelizadora da RENSC tem a fun\u00e7\u00e3o de formar agentes multiplicadores para atuarem nas comunidades, atrav\u00e9s de reuni\u00f5es realizadas mensalmente, todo 3\u00ba s\u00e1bado, 14h \u00e0s 17h, com a participa\u00e7\u00e3o de todas as pastorais organizadas em n\u00edvel regional. &nbsp; 1) Catequese\u00a0 &#8211; Prepara, acompanha e assessora os Colegiados de Catequese das 10 foranias. &#8211; Promove [&hellip;]<\/p>\n","protected":false},"author":86,"featured_media":0,"parent":0,"menu_order":0,"comment_status":"closed","ping_status":"closed","template":"","meta":{"_acf_changed":false,"xn-wppe-expiration":[],"xn-wppe-expiration-action":[],"xn-wppe-expiration-prefix":[],"inline_featured_image":false,"footnotes":""},"class_list":["post-1637","page","type-page","status-publish","hentry"],"acf":[],"_links":{"self":[{"href":"https:\/\/arquidiocesebh.org.br\/regiao-rensc\/wp-json\/wp\/v2\/pages\/1637","targetHints":{"allow":["GET"]}}],"collection":[{"href":"https:\/\/arquidiocesebh.org.br\/regiao-rensc\/wp-json\/wp\/v2\/pages"}],"about":[{"href":"https:\/\/arquidiocesebh.org.br\/regiao-rensc\/wp-json\/wp\/v2\/types\/page"}],"author":[{"embeddable":true,"href":"https:\/\/arquidiocesebh.org.br\/regiao-rensc\/wp-json\/wp\/v2\/users\/86"}],"replies":[{"embeddable":true,"href":"https:\/\/arquidiocesebh.org.br\/regiao-rensc\/wp-json\/wp\/v2\/comments?post=1637"}],"version-history":[{"count":0,"href":"https:\/\/arquidiocesebh.org.br\/regiao-rensc\/wp-json\/wp\/v2\/pages\/1637\/revisions"}],"wp:attachment":[{"href":"https:\/\/arquidiocesebh.org.br\/regiao-rensc\/wp-json\/wp\/v2\/media?parent=1637"}],"curies":[{"name":"wp","href":"https:\/\/api.w.org\/{rel}","templated":true}]}}