{"id":1621,"date":"2021-06-04T15:15:27","date_gmt":"2021-06-04T18:15:27","guid":{"rendered":"https:\/\/arquidiocesebh.org.br\/regiao-rensc\/?page_id=1621"},"modified":"2021-06-30T15:14:02","modified_gmt":"2021-06-30T18:14:02","slug":"vigario-episcopal","status":"publish","type":"page","link":"https:\/\/arquidiocesebh.org.br\/regiao-rensc\/a-regiao\/vigario-episcopal\/","title":{"rendered":"Vig\u00e1rio Episcopal"},"content":{"rendered":"<p><span style=\"font-family: Trebuchet MS, Arial, Helvetica, sans-serif\"><img loading=\"lazy\" decoding=\"async\" class=\"alignleft wp-image-1722\" src=\"https:\/\/arquidiocesebh.org.br\/regiao-rensc\/wp-content\/uploads\/sites\/48\/2021\/06\/pe.-antonio-300x300.jpg\" alt=\"\" width=\"216\" height=\"216\" srcset=\"https:\/\/arquidiocesebh.org.br\/regiao-rensc\/wp-content\/uploads\/sites\/48\/2021\/06\/pe.-antonio-300x300.jpg 300w, https:\/\/arquidiocesebh.org.br\/regiao-rensc\/wp-content\/uploads\/sites\/48\/2021\/06\/pe.-antonio-150x150.jpg 150w, https:\/\/arquidiocesebh.org.br\/regiao-rensc\/wp-content\/uploads\/sites\/48\/2021\/06\/pe.-antonio-600x600.jpg 600w, https:\/\/arquidiocesebh.org.br\/regiao-rensc\/wp-content\/uploads\/sites\/48\/2021\/06\/pe.-antonio-107x107.jpg 107w, https:\/\/arquidiocesebh.org.br\/regiao-rensc\/wp-content\/uploads\/sites\/48\/2021\/06\/pe.-antonio-204x204.jpg 204w, https:\/\/arquidiocesebh.org.br\/regiao-rensc\/wp-content\/uploads\/sites\/48\/2021\/06\/pe.-antonio-209x209.jpg 209w, https:\/\/arquidiocesebh.org.br\/regiao-rensc\/wp-content\/uploads\/sites\/48\/2021\/06\/pe.-antonio-157x157.jpg 157w, https:\/\/arquidiocesebh.org.br\/regiao-rensc\/wp-content\/uploads\/sites\/48\/2021\/06\/pe.-antonio-88x88.jpg 88w, https:\/\/arquidiocesebh.org.br\/regiao-rensc\/wp-content\/uploads\/sites\/48\/2021\/06\/pe.-antonio-500x500.jpg 500w, https:\/\/arquidiocesebh.org.br\/regiao-rensc\/wp-content\/uploads\/sites\/48\/2021\/06\/pe.-antonio-42x42.jpg 42w, https:\/\/arquidiocesebh.org.br\/regiao-rensc\/wp-content\/uploads\/sites\/48\/2021\/06\/pe.-antonio.jpg 640w\" sizes=\"auto, (max-width: 216px) 100vw, 216px\" \/><\/span><\/p>\n<p><span style=\"font-family: Trebuchet MS, Arial, Helvetica, sans-serif\"><span style=\"font-size: 14pt\"><strong>Pe. Ant\u00f4nio Moacir Rocha<\/strong><\/span><\/span><\/p>\n<p>Vig\u00e1rio Episcopal da Regi\u00e3o Episcopal Nossa Senhora da Concei\u00e7\u00e3o (Rensc)<\/p>\n<p>Nascido no dia <strong>31 de maio de 1975<\/strong>, em Bonfim &#8211; Minas Gerais.<\/p>\n<p>Ordena\u00e7\u00e3o: 01 de setembro de 2007<\/p>\n<p><strong>P\u00e1roco na Par\u00f3quia Nossa Senhora da Paz<\/strong> &#8211; bairro Cachoeirinha<\/p>\n<p>&nbsp;<\/p>\n","protected":false},"excerpt":{"rendered":"<p>Pe. Ant\u00f4nio Moacir Rocha Vig\u00e1rio Episcopal da Regi\u00e3o Episcopal Nossa Senhora da Concei\u00e7\u00e3o (Rensc) Nascido no dia 31 de maio de 1975, em Bonfim &#8211; Minas Gerais. Ordena\u00e7\u00e3o: 01 de setembro de 2007 P\u00e1roco na Par\u00f3quia Nossa Senhora da Paz &#8211; bairro Cachoeirinha &nbsp;<\/p>\n","protected":false},"author":86,"featured_media":0,"parent":1135,"menu_order":0,"comment_status":"closed","ping_status":"closed","template":"","meta":{"_acf_changed":false,"xn-wppe-expiration":[],"xn-wppe-expiration-action":[],"xn-wppe-expiration-prefix":[],"inline_featured_image":false,"footnotes":""},"class_list":["post-1621","page","type-page","status-publish","hentry"],"acf":[],"_links":{"self":[{"href":"https:\/\/arquidiocesebh.org.br\/regiao-rensc\/wp-json\/wp\/v2\/pages\/1621","targetHints":{"allow":["GET"]}}],"collection":[{"href":"https:\/\/arquidiocesebh.org.br\/regiao-rensc\/wp-json\/wp\/v2\/pages"}],"about":[{"href":"https:\/\/arquidiocesebh.org.br\/regiao-rensc\/wp-json\/wp\/v2\/types\/page"}],"author":[{"embeddable":true,"href":"https:\/\/arquidiocesebh.org.br\/regiao-rensc\/wp-json\/wp\/v2\/users\/86"}],"replies":[{"embeddable":true,"href":"https:\/\/arquidiocesebh.org.br\/regiao-rensc\/wp-json\/wp\/v2\/comments?post=1621"}],"version-history":[{"count":0,"href":"https:\/\/arquidiocesebh.org.br\/regiao-rensc\/wp-json\/wp\/v2\/pages\/1621\/revisions"}],"up":[{"embeddable":true,"href":"https:\/\/arquidiocesebh.org.br\/regiao-rensc\/wp-json\/wp\/v2\/pages\/1135"}],"wp:attachment":[{"href":"https:\/\/arquidiocesebh.org.br\/regiao-rensc\/wp-json\/wp\/v2\/media?parent=1621"}],"curies":[{"name":"wp","href":"https:\/\/api.w.org\/{rel}","templated":true}]}}