{"id":1143,"date":"2021-01-15T12:40:12","date_gmt":"2021-01-15T15:40:12","guid":{"rendered":"https:\/\/arquidiocesebh.org.br\/regiao-rensa\/?page_id=1143"},"modified":"2023-11-21T11:16:17","modified_gmt":"2023-11-21T14:16:17","slug":"conselho-pastoral-regional","status":"publish","type":"page","link":"https:\/\/arquidiocesebh.org.br\/regiao-rensc\/a-regiao\/conselho-pastoral-regional\/","title":{"rendered":"Conselho Pastoral Regional"},"content":{"rendered":"<p>O Conselho Pastoral da RENSC foi constitu\u00eddo e empossado na festa de Nossa Senhora da Concei\u00e7\u00e3o, padroeira da Regi\u00e3o Episcopal, no dia 8 dezembro de 1997, pelo vig\u00e1rio episcopal vigente, Pe. Jos\u00e9 Janu\u00e1rio Moreira. A primeira reuni\u00e3o do Conselho Pastoral (CPR) aconteceu no dia 20 de dezembro de 1997, e j\u00e1 foram realizadas 63 reuni\u00f5es at\u00e9 o presente momento.<\/p>\n<p>Bispo Auxiliar:<span style=\"font-size: 14pt\"> Dom J\u00falio C\u00e9sar Gomes\u00a0 Moreira<\/span><\/p>\n<p>Vig\u00e1rio Episcopal: <span style=\"font-size: 14pt\">Pe. Ant\u00f4nio Moacir Rocha<\/span><\/p>\n<p>Secret\u00e1ria: <span style=\"font-size: 14pt\">Cremilda Almeida Moreira<\/span><\/p>\n<p><span style=\"font-size: 14pt\"><b>VIG\u00c1RIOS FOR\u00c2NEO E REPRESENTANTES DOS CONSELHOS PASTORAIS FOR\u00c2NEOS<\/b><\/span><\/p>\n","protected":false},"excerpt":{"rendered":"<p>O Conselho Pastoral da RENSC foi constitu\u00eddo e empossado na festa de Nossa Senhora da Concei\u00e7\u00e3o, padroeira da Regi\u00e3o Episcopal, no dia 8 dezembro de 1997, pelo vig\u00e1rio episcopal vigente, Pe. Jos\u00e9 Janu\u00e1rio Moreira. A primeira reuni\u00e3o do Conselho Pastoral (CPR) aconteceu no dia 20 de dezembro de 1997, e j\u00e1 foram realizadas 63 reuni\u00f5es [&hellip;]<\/p>\n","protected":false},"author":86,"featured_media":0,"parent":1135,"menu_order":0,"comment_status":"closed","ping_status":"closed","template":"","meta":{"_acf_changed":false,"xn-wppe-expiration":[],"xn-wppe-expiration-action":[],"xn-wppe-expiration-prefix":[],"inline_featured_image":false,"footnotes":""},"class_list":["post-1143","page","type-page","status-publish","hentry"],"acf":[],"_links":{"self":[{"href":"https:\/\/arquidiocesebh.org.br\/regiao-rensc\/wp-json\/wp\/v2\/pages\/1143","targetHints":{"allow":["GET"]}}],"collection":[{"href":"https:\/\/arquidiocesebh.org.br\/regiao-rensc\/wp-json\/wp\/v2\/pages"}],"about":[{"href":"https:\/\/arquidiocesebh.org.br\/regiao-rensc\/wp-json\/wp\/v2\/types\/page"}],"author":[{"embeddable":true,"href":"https:\/\/arquidiocesebh.org.br\/regiao-rensc\/wp-json\/wp\/v2\/users\/86"}],"replies":[{"embeddable":true,"href":"https:\/\/arquidiocesebh.org.br\/regiao-rensc\/wp-json\/wp\/v2\/comments?post=1143"}],"version-history":[{"count":0,"href":"https:\/\/arquidiocesebh.org.br\/regiao-rensc\/wp-json\/wp\/v2\/pages\/1143\/revisions"}],"up":[{"embeddable":true,"href":"https:\/\/arquidiocesebh.org.br\/regiao-rensc\/wp-json\/wp\/v2\/pages\/1135"}],"wp:attachment":[{"href":"https:\/\/arquidiocesebh.org.br\/regiao-rensc\/wp-json\/wp\/v2\/media?parent=1143"}],"curies":[{"name":"wp","href":"https:\/\/api.w.org\/{rel}","templated":true}]}}