{"id":1137,"date":"2021-01-15T12:37:33","date_gmt":"2021-01-15T15:37:33","guid":{"rendered":"https:\/\/arquidiocesebh.org.br\/regiao-rensa\/?page_id=1137"},"modified":"2023-11-21T11:48:04","modified_gmt":"2023-11-21T14:48:04","slug":"regiao-episcopal-nossa-senhora-da-conceicao","status":"publish","type":"page","link":"https:\/\/arquidiocesebh.org.br\/regiao-rensc\/a-regiao\/regiao-episcopal-nossa-senhora-da-conceicao\/","title":{"rendered":"Regi\u00e3o Episcopal Nossa Senhora da Concei\u00e7\u00e3o"},"content":{"rendered":"<p>A Regi\u00e3o Episcopal Nossa Senhora da Concei\u00e7\u00e3o (RENSC) foi criada em 7 de setembro de 1986. Com ela, foram criadas a Regi\u00e3o Episcopal Nossa Senhora Aparecida e a Regi\u00e3o Episcopal Nossa Senhora da Piedade.<\/p>\n<p><b>A RENSC abrange 10 munic\u00edpios:\u00a0<\/b>parte de Belo Horizonte, Ribeir\u00e3o das Neves, Lagoa Santa, Pedro Leopoldo, Vespasiano, Santa Luzia, Confins, S\u00e3o Jos\u00e9 da Lapa, parte de Sabar\u00e1. Na Regi\u00e3o Episcopal existem 80 par\u00f3quias e 477 comunidades reunidas em 10 foranias: Forania Nossa Senhora das Neves, Forania Nossa Senhora da Sa\u00fade, Forania Nossa Senhora de Lourdes, Forania Nossa Senhora da Piedade, Forania Nossa Senhora da Paz, Forania Santo Ant\u00f4nio de Venda Nova, Forania Santo Ant\u00f4nio da Pampulha, Forania Santa Luzia, Forania S\u00e3o Jos\u00e9 Oper\u00e1rio e Forania S\u00e3o Paulo Ap\u00f3stolo, com uma popula\u00e7\u00e3o de 1.626.000 habitantes. Na Regi\u00e3o contamos com a presen\u00e7a de 48 comunidades religiosas sendo 31 femininas e 17 masculinas.<\/p>\n<p>Pastoralmente, contamos com os colegiados da: Catequese, Juventude, Liturgia,\u00a0 Pastoral Familiar, Pastoral social (Sobriedade, Carcer\u00e1ria),\u00a0 e Pastoral da Comunica\u00e7\u00e3o.<\/p>\n<p>A a\u00e7\u00e3o da RENSC enfatiza a forma\u00e7\u00e3o de agentes multiplicadores que atuam \u00a0nas comunidades. Promovem encontros de Educadores da F\u00e9, com a participa\u00e7\u00e3o de catequistas, e das for\u00e7as vivas evangelizadoras \u00a0das par\u00f3quias.<\/p>\n<p>A cada ano, no m\u00eas mission\u00e1rio, a RENSC organiza o Dia da Miss\u00e3o em que cada Par\u00f3quia realiza a\u00e7\u00f5es mission\u00e1rias em vista de uma melhor evangeliza\u00e7\u00e3o e harmonia de seus movimentos e pastorais.<\/p>\n<p>Numa perspectiva de forma\u00e7\u00e3o permanente dos presb\u00edteros, a RENSC faz acontecer em suas Assembleias Regionais do Clero uma significativa forma\u00e7\u00e3o teol\u00f3gico pastoral.<\/p>\n<p>&nbsp;<\/p>\n<p><b>BISPOS REFERENCIAIS ANTERIORES<\/b><\/p>\n<p>Nov\/ 2007 a Jul\/ 2011 &#8211; Dom Joaquim Giovani Mol Guimar\u00e3es<\/p>\n<p>Jul\/ 2011 a Maio\/2015 &#8211; Dom Wilson Angotti<\/p>\n<p>Julho\/2015 a Dezembro\/2019 &#8211; Dom Edson Oriolo<\/p>\n<p>Mar\u00e7o\/2021 &#8211; Dom J\u00falio C\u00e9sar Gomes Moreira<\/p>\n<p>&nbsp;<\/p>\n<p><b>VIG\u00c1RIOS EPISCOPAIS ANTERIORES<\/b><\/p>\n<p>1986 &#8211; Mons. \u00c9der Amant\u00e9a<\/p>\n<p>1996 a Nov.\/2004 \u2013 Pe. Jos\u00e9 Janu\u00e1rio Moreira<\/p>\n<p>Dez.\/2004 a Nov.\/2007 \u2013 Pe. Jos\u00e9 Concei\u00e7\u00e3o Ramos<\/p>\n<p>Dez.\/2007 a Mar.\/2012 &#8211; Pe. Francisco Esteves Pimenta<\/p>\n<p>Abr.\/2012 a Nov.\/2016 \u2013 Pe. Sebasti\u00e3o Diogo de Melo<\/p>\n<p>Dez.\/2016 a Fev.\/2017 &#8211; Pe Edecildo Jos\u00e9 Ant\u00f4nio Prado<\/p>\n<p>Mar\u00e7o\/17 at\u00e9 o presente momento &#8211; Pe Ant\u00f4nio Moacir Rocha<\/p>\n","protected":false},"excerpt":{"rendered":"<p>A Regi\u00e3o Episcopal Nossa Senhora da Concei\u00e7\u00e3o (RENSC) foi criada em 7 de setembro de 1986. Com ela, foram criadas a Regi\u00e3o Episcopal Nossa Senhora Aparecida e a Regi\u00e3o Episcopal Nossa Senhora da Piedade. A RENSC abrange 10 munic\u00edpios:\u00a0parte de Belo Horizonte, Ribeir\u00e3o das Neves, Lagoa Santa, Pedro Leopoldo, Vespasiano, Santa Luzia, Confins, S\u00e3o Jos\u00e9 [&hellip;]<\/p>\n","protected":false},"author":86,"featured_media":0,"parent":1135,"menu_order":0,"comment_status":"closed","ping_status":"closed","template":"","meta":{"_acf_changed":false,"xn-wppe-expiration":[],"xn-wppe-expiration-action":[],"xn-wppe-expiration-prefix":[],"inline_featured_image":false,"footnotes":""},"class_list":["post-1137","page","type-page","status-publish","hentry"],"acf":[],"_links":{"self":[{"href":"https:\/\/arquidiocesebh.org.br\/regiao-rensc\/wp-json\/wp\/v2\/pages\/1137","targetHints":{"allow":["GET"]}}],"collection":[{"href":"https:\/\/arquidiocesebh.org.br\/regiao-rensc\/wp-json\/wp\/v2\/pages"}],"about":[{"href":"https:\/\/arquidiocesebh.org.br\/regiao-rensc\/wp-json\/wp\/v2\/types\/page"}],"author":[{"embeddable":true,"href":"https:\/\/arquidiocesebh.org.br\/regiao-rensc\/wp-json\/wp\/v2\/users\/86"}],"replies":[{"embeddable":true,"href":"https:\/\/arquidiocesebh.org.br\/regiao-rensc\/wp-json\/wp\/v2\/comments?post=1137"}],"version-history":[{"count":0,"href":"https:\/\/arquidiocesebh.org.br\/regiao-rensc\/wp-json\/wp\/v2\/pages\/1137\/revisions"}],"up":[{"embeddable":true,"href":"https:\/\/arquidiocesebh.org.br\/regiao-rensc\/wp-json\/wp\/v2\/pages\/1135"}],"wp:attachment":[{"href":"https:\/\/arquidiocesebh.org.br\/regiao-rensc\/wp-json\/wp\/v2\/media?parent=1137"}],"curies":[{"name":"wp","href":"https:\/\/api.w.org\/{rel}","templated":true}]}}