{"id":1427,"date":"2021-04-06T13:28:15","date_gmt":"2021-04-06T16:28:15","guid":{"rendered":"https:\/\/arquidiocesebh.org.br\/regiao-rensp\/?page_id=1427"},"modified":"2023-03-15T20:18:42","modified_gmt":"2023-03-15T23:18:42","slug":"santuarios","status":"publish","type":"page","link":"https:\/\/arquidiocesebh.org.br\/regiao-rensb\/a-regiao\/santuarios\/","title":{"rendered":"Santu\u00e1rios"},"content":{"rendered":"<p>Conhe\u00e7a abaixo os Santu\u00e1rios da regi\u00e3o RENSP.<\/p>\n","protected":false},"excerpt":{"rendered":"<p>Conhe\u00e7a abaixo os Santu\u00e1rios da regi\u00e3o RENSP.<\/p>\n","protected":false},"author":86,"featured_media":0,"parent":1135,"menu_order":0,"comment_status":"closed","ping_status":"closed","template":"","meta":{"_acf_changed":false,"xn-wppe-expiration":[],"xn-wppe-expiration-action":[],"xn-wppe-expiration-prefix":[],"inline_featured_image":false,"footnotes":""},"class_list":["post-1427","page","type-page","status-publish","hentry"],"acf":[],"_links":{"self":[{"href":"https:\/\/arquidiocesebh.org.br\/regiao-rensb\/wp-json\/wp\/v2\/pages\/1427","targetHints":{"allow":["GET"]}}],"collection":[{"href":"https:\/\/arquidiocesebh.org.br\/regiao-rensb\/wp-json\/wp\/v2\/pages"}],"about":[{"href":"https:\/\/arquidiocesebh.org.br\/regiao-rensb\/wp-json\/wp\/v2\/types\/page"}],"author":[{"embeddable":true,"href":"https:\/\/arquidiocesebh.org.br\/regiao-rensb\/wp-json\/wp\/v2\/users\/86"}],"replies":[{"embeddable":true,"href":"https:\/\/arquidiocesebh.org.br\/regiao-rensb\/wp-json\/wp\/v2\/comments?post=1427"}],"version-history":[{"count":0,"href":"https:\/\/arquidiocesebh.org.br\/regiao-rensb\/wp-json\/wp\/v2\/pages\/1427\/revisions"}],"up":[{"embeddable":true,"href":"https:\/\/arquidiocesebh.org.br\/regiao-rensb\/wp-json\/wp\/v2\/pages\/1135"}],"wp:attachment":[{"href":"https:\/\/arquidiocesebh.org.br\/regiao-rensb\/wp-json\/wp\/v2\/media?parent=1427"}],"curies":[{"name":"wp","href":"https:\/\/api.w.org\/{rel}","templated":true}]}}