{"id":65,"date":"2017-06-16T12:08:05","date_gmt":"2017-06-16T15:08:05","guid":{"rendered":"http:\/\/arquidiocesebh.org.br\/paroquia-sao-goncalo\/?page_id=65"},"modified":"2022-12-29T11:02:44","modified_gmt":"2022-12-29T14:02:44","slug":"projetos-sociais","status":"publish","type":"page","link":"https:\/\/arquidiocesebh.org.br\/paroquiasaosebastiaoesaovicente\/paroquia\/projetos-sociais\/","title":{"rendered":"Projetos Sociais"},"content":{"rendered":"<h2>Projeto Fome tem Pressa<\/h2>\n<p>Entrega de marmitas \u00e0s quarta-feira para pessoas em situa\u00e7\u00e3o de rua e entrega de cestas b\u00e1sicas \u00e0s fam\u00edlias cadastradas.<\/p>\n","protected":false},"excerpt":{"rendered":"<p>Projeto Fome tem Pressa Entrega de marmitas \u00e0s quarta-feira para pessoas em situa\u00e7\u00e3o de rua e entrega de cestas b\u00e1sicas \u00e0s fam\u00edlias cadastradas.<\/p>\n","protected":false},"author":64,"featured_media":0,"parent":51,"menu_order":0,"comment_status":"closed","ping_status":"closed","template":"","meta":{"_acf_changed":false,"xn-wppe-expiration":[],"xn-wppe-expiration-action":[],"xn-wppe-expiration-prefix":[],"inline_featured_image":false,"footnotes":""},"class_list":["post-65","page","type-page","status-publish","hentry"],"acf":[],"_links":{"self":[{"href":"https:\/\/arquidiocesebh.org.br\/paroquiasaosebastiaoesaovicente\/wp-json\/wp\/v2\/pages\/65","targetHints":{"allow":["GET"]}}],"collection":[{"href":"https:\/\/arquidiocesebh.org.br\/paroquiasaosebastiaoesaovicente\/wp-json\/wp\/v2\/pages"}],"about":[{"href":"https:\/\/arquidiocesebh.org.br\/paroquiasaosebastiaoesaovicente\/wp-json\/wp\/v2\/types\/page"}],"author":[{"embeddable":true,"href":"https:\/\/arquidiocesebh.org.br\/paroquiasaosebastiaoesaovicente\/wp-json\/wp\/v2\/users\/64"}],"replies":[{"embeddable":true,"href":"https:\/\/arquidiocesebh.org.br\/paroquiasaosebastiaoesaovicente\/wp-json\/wp\/v2\/comments?post=65"}],"version-history":[{"count":0,"href":"https:\/\/arquidiocesebh.org.br\/paroquiasaosebastiaoesaovicente\/wp-json\/wp\/v2\/pages\/65\/revisions"}],"up":[{"embeddable":true,"href":"https:\/\/arquidiocesebh.org.br\/paroquiasaosebastiaoesaovicente\/wp-json\/wp\/v2\/pages\/51"}],"wp:attachment":[{"href":"https:\/\/arquidiocesebh.org.br\/paroquiasaosebastiaoesaovicente\/wp-json\/wp\/v2\/media?parent=65"}],"curies":[{"name":"wp","href":"https:\/\/api.w.org\/{rel}","templated":true}]}}