{"id":993,"date":"2023-06-23T12:21:12","date_gmt":"2023-06-23T15:21:12","guid":{"rendered":"https:\/\/arquidiocesebh.org.br\/paroquiasaojosevespasiano\/?page_id=993"},"modified":"2023-06-23T13:14:30","modified_gmt":"2023-06-23T16:14:30","slug":"programacao-agenda","status":"publish","type":"page","link":"https:\/\/arquidiocesebh.org.br\/paroquiasaojosevespasiano\/programacao-agenda\/","title":{"rendered":"Programa\u00e7\u00e3o\/Agenda"},"content":{"rendered":"<p>Fique por dentro de tudo que Deus tem preparado para voc\u00ea.<br \/>\nFa\u00e7a o download da programa\u00e7\u00e3o da par\u00f3quia s\u00e3o Jos\u00e9 Vespasiano 2023.<\/p>\n<p>&nbsp;<\/p>\n","protected":false},"excerpt":{"rendered":"<p>Fique por dentro de tudo que Deus tem preparado para voc\u00ea. Fa\u00e7a o download da programa\u00e7\u00e3o da par\u00f3quia s\u00e3o Jos\u00e9 Vespasiano 2023. &nbsp;<\/p>\n","protected":false},"author":64,"featured_media":0,"parent":0,"menu_order":0,"comment_status":"closed","ping_status":"closed","template":"","meta":{"_acf_changed":false,"xn-wppe-expiration":[],"xn-wppe-expiration-action":[],"xn-wppe-expiration-prefix":[],"inline_featured_image":false,"footnotes":""},"class_list":["post-993","page","type-page","status-publish","hentry"],"acf":[],"_links":{"self":[{"href":"https:\/\/arquidiocesebh.org.br\/paroquiasaojosevespasiano\/wp-json\/wp\/v2\/pages\/993","targetHints":{"allow":["GET"]}}],"collection":[{"href":"https:\/\/arquidiocesebh.org.br\/paroquiasaojosevespasiano\/wp-json\/wp\/v2\/pages"}],"about":[{"href":"https:\/\/arquidiocesebh.org.br\/paroquiasaojosevespasiano\/wp-json\/wp\/v2\/types\/page"}],"author":[{"embeddable":true,"href":"https:\/\/arquidiocesebh.org.br\/paroquiasaojosevespasiano\/wp-json\/wp\/v2\/users\/64"}],"replies":[{"embeddable":true,"href":"https:\/\/arquidiocesebh.org.br\/paroquiasaojosevespasiano\/wp-json\/wp\/v2\/comments?post=993"}],"version-history":[{"count":0,"href":"https:\/\/arquidiocesebh.org.br\/paroquiasaojosevespasiano\/wp-json\/wp\/v2\/pages\/993\/revisions"}],"wp:attachment":[{"href":"https:\/\/arquidiocesebh.org.br\/paroquiasaojosevespasiano\/wp-json\/wp\/v2\/media?parent=993"}],"curies":[{"name":"wp","href":"https:\/\/api.w.org\/{rel}","templated":true}]}}