{"id":67,"date":"2017-06-16T12:08:28","date_gmt":"2017-06-16T15:08:28","guid":{"rendered":"http:\/\/arquidiocesebh.org.br\/paroquia-sao-goncalo\/?page_id=67"},"modified":"2023-06-16T12:19:06","modified_gmt":"2023-06-16T15:19:06","slug":"secretaria","status":"publish","type":"page","link":"https:\/\/arquidiocesebh.org.br\/paroquiasaojosevespasiano\/paroquia\/secretaria\/","title":{"rendered":"Secretaria"},"content":{"rendered":"<p><strong>Hor\u00e1rio de funcionamento da secretaria paroquial da par\u00f3quia\/santu\u00e1rio:<\/strong><br \/>\nSegunda a sexta-feira &#8211; 08:00 \u00e0s 12:00 e 14:00 \u00e0s 18:00h<br \/>\nS\u00e1bado &#8211; 14:00 \u00e0s 18:00h<\/p>\n<p><strong>Telefones:<\/strong> (31) 3621-5938 \/ (31) 99300-7014 (WhatsApp)<\/p>\n<p><strong>E-mail:<\/strong> matrizdesaojose@gmail.com<\/p>\n<p><strong>Endere\u00e7o:<\/strong> Rua Nilo Pe\u00e7anha, n\u00ba 905, Bairro Jardim da Gl\u00f3ria, Vespasiano &#8211; MG<\/p>\n","protected":false},"excerpt":{"rendered":"<p>Hor\u00e1rio de funcionamento da secretaria paroquial da par\u00f3quia\/santu\u00e1rio: Segunda a sexta-feira &#8211; 08:00 \u00e0s 12:00 e 14:00 \u00e0s 18:00h S\u00e1bado &#8211; 14:00 \u00e0s 18:00h Telefones: (31) 3621-5938 \/ (31) 99300-7014 (WhatsApp) E-mail: matrizdesaojose@gmail.com Endere\u00e7o: Rua Nilo Pe\u00e7anha, n\u00ba 905, Bairro Jardim da Gl\u00f3ria, Vespasiano &#8211; MG<\/p>\n","protected":false},"author":64,"featured_media":0,"parent":51,"menu_order":0,"comment_status":"closed","ping_status":"closed","template":"","meta":{"_acf_changed":false,"xn-wppe-expiration":[],"xn-wppe-expiration-action":[],"xn-wppe-expiration-prefix":[],"inline_featured_image":false,"footnotes":""},"class_list":["post-67","page","type-page","status-publish","hentry"],"acf":[],"_links":{"self":[{"href":"https:\/\/arquidiocesebh.org.br\/paroquiasaojosevespasiano\/wp-json\/wp\/v2\/pages\/67","targetHints":{"allow":["GET"]}}],"collection":[{"href":"https:\/\/arquidiocesebh.org.br\/paroquiasaojosevespasiano\/wp-json\/wp\/v2\/pages"}],"about":[{"href":"https:\/\/arquidiocesebh.org.br\/paroquiasaojosevespasiano\/wp-json\/wp\/v2\/types\/page"}],"author":[{"embeddable":true,"href":"https:\/\/arquidiocesebh.org.br\/paroquiasaojosevespasiano\/wp-json\/wp\/v2\/users\/64"}],"replies":[{"embeddable":true,"href":"https:\/\/arquidiocesebh.org.br\/paroquiasaojosevespasiano\/wp-json\/wp\/v2\/comments?post=67"}],"version-history":[{"count":0,"href":"https:\/\/arquidiocesebh.org.br\/paroquiasaojosevespasiano\/wp-json\/wp\/v2\/pages\/67\/revisions"}],"up":[{"embeddable":true,"href":"https:\/\/arquidiocesebh.org.br\/paroquiasaojosevespasiano\/wp-json\/wp\/v2\/pages\/51"}],"wp:attachment":[{"href":"https:\/\/arquidiocesebh.org.br\/paroquiasaojosevespasiano\/wp-json\/wp\/v2\/media?parent=67"}],"curies":[{"name":"wp","href":"https:\/\/api.w.org\/{rel}","templated":true}]}}