{"id":57,"date":"2017-06-16T12:06:46","date_gmt":"2017-06-16T15:06:46","guid":{"rendered":"http:\/\/arquidiocesebh.org.br\/paroquia-sao-goncalo\/?page_id=57"},"modified":"2023-06-16T12:14:01","modified_gmt":"2023-06-16T15:14:01","slug":"historia","status":"publish","type":"page","link":"https:\/\/arquidiocesebh.org.br\/paroquiasaojosevespasiano\/paroquia\/historia\/","title":{"rendered":"Hist\u00f3ria"},"content":{"rendered":"<p><img loading=\"lazy\" decoding=\"async\" class=\"alignleft wp-image-930\" src=\"https:\/\/arquidiocesebh.org.br\/paroquiasaojosevespasiano\/wp-content\/uploads\/sites\/72\/2023\/06\/frente-panorama-paroquia-sao-jose-vespasiano.jpg\" alt=\"\" width=\"490\" height=\"237\" srcset=\"https:\/\/arquidiocesebh.org.br\/paroquiasaojosevespasiano\/wp-content\/uploads\/sites\/72\/2023\/06\/frente-panorama-paroquia-sao-jose-vespasiano.jpg 800w, https:\/\/arquidiocesebh.org.br\/paroquiasaojosevespasiano\/wp-content\/uploads\/sites\/72\/2023\/06\/frente-panorama-paroquia-sao-jose-vespasiano-300x146.jpg 300w, https:\/\/arquidiocesebh.org.br\/paroquiasaojosevespasiano\/wp-content\/uploads\/sites\/72\/2023\/06\/frente-panorama-paroquia-sao-jose-vespasiano-768x372.jpg 768w, https:\/\/arquidiocesebh.org.br\/paroquiasaojosevespasiano\/wp-content\/uploads\/sites\/72\/2023\/06\/frente-panorama-paroquia-sao-jose-vespasiano-224x109.jpg 224w\" sizes=\"auto, (max-width: 490px) 100vw, 490px\" \/><\/p>\n<p>\u00c9ramos comunidades da Par\u00f3quia Nossa Senhora de Lourdes. As missas eram celebradas uma vez por m\u00eas, na E. M. Manoel da Fonseca Viana, pelo Pe. Geraldo da Cruz Viana.<br \/>\nPe. Paulo S\u00e9rgio Soares, carinhosamente chamado de Pe. Paulinho, chegou a esta comunidade quando seminarista e continuou conosco como Di\u00e1cono. Ordenou-se no dia 18 de janeiro de 1986 e, em agosto do mesmo ano assumiu a Par\u00f3quia Nossa Senhora de Lourdes, quando o P\u00e1roco Pe. Lauro Elias de Oliveira viajou para a B\u00e9lgica.<\/p>\n<p>Depois como Par\u00f3quia Nossa Senhora Aparecida e S\u00e3o Jos\u00e9, PE. Paulinho recebeu a posse e criou duas comunidades: Santa Clara e S\u00e3o Sebasti\u00e3o. Deixou o minist\u00e9rio sacerdotal em 2015.<br \/>\nQuando viajou para Roma a fim de estudos, quem assumiu foi o Frei Paulo Vincenzo Castagna. Este criou as comunidades S\u00e3o Judas Tadeu, Sagrado Cora\u00e7\u00e3o de Jesus e S\u00e3o Jo\u00e3o Batista. Infelizmente, vindo \u00e0 falecer no ano de 2013.<\/p>\n<p>No dia 29 de junho de 1994, houve o desmembramento da Par\u00f3quia Nossa Senhora Aparecida e S\u00e3o Jos\u00e9 e assumiu a Par\u00f3quia S\u00e3o Jos\u00e9 o Pe. Robson Luiz Werber, permanecendo at\u00e9 agosto de 1999.<\/p>\n<p>Desde setembro deste mesmo ano, a Par\u00f3quia S\u00e3o Jos\u00e9 est\u00e1 sob a administra\u00e7\u00e3o do Instituto Religioso Nova Jerusal\u00e9m. Pe. Willamy Moreira Feij\u00f3 recebeu a posse, juntamente com Pe. Francisco Helton Reis Maia e o Ir. Carlos C\u00e9sar de Sousa.<\/p>\n<p>Em junho de 2001, Pe. Fabr\u00edcio Damasceno Cruz, auxiliado pelo Ir. Rog\u00e9rio de Fran\u00e7a Lopes assumiu a Par\u00f3quia at\u00e9 19 de fevereiro de 2004. A partir desta data, Pe. Carlos C\u00e9sar de Sousa, tamb\u00e9m auxiliado pelo Ir. Rog\u00e9rio recebeu a posse. Em outubro do mesmo ano, acolhemos o Ir. Erasmo Carlos Gomes de Holanda.<\/p>\n<p>No dia 18 de mar\u00e7o de 2005, recebeu a posse como P\u00e1roco, Pe. Francisco Helton Reis Maia; Como Vig\u00e1rio paroquial, Pe. Carlos C\u00e9sar de Sousa. Em 2006, mais dois Irm\u00e3os desta congrega\u00e7\u00e3o religiosa: Ir. Marcus Aur\u00e9lio Alves Mariano e Ir. Andreh Sabino Ribeiro integraram o referido grupo. Este \u00faltimo voltou \u00e0 sua terra natal em dezembro do mesmo ano.<\/p>\n<p>Foram criadas as comunidades Nossa Senhora Aparecida, Nossa Senhora das Gra\u00e7as, Nossa Senhora de F\u00e1tima, Santa Marta e Santo Expedito. Hoje somos uma par\u00f3quia com 12 comunidades e 17 pastorais\/movimentos.<\/p>\n<p>Devemos lembrar que, desde o ano de 1999, recebemos tamb\u00e9m o aux\u00edlio de padres e seminaristas Jesu\u00edtas, como tamb\u00e9m de seminaristas da Diocese de Crate\u00fas \u2013 Cear\u00e1. Rubens Chaves retornou \u00e0 Fortaleza e veio nos auxiliar em 2017, juntamente com Akino Vasconcelos, Francisco Marcelo Cavalcante Vieira.<\/p>\n<p><img loading=\"lazy\" decoding=\"async\" class=\"alignleft wp-image-931\" src=\"https:\/\/arquidiocesebh.org.br\/paroquiasaojosevespasiano\/wp-content\/uploads\/sites\/72\/2023\/06\/altar-paroquia-sao-jose-vespasiano.jpg\" alt=\"\" width=\"401\" height=\"267\" srcset=\"https:\/\/arquidiocesebh.org.br\/paroquiasaojosevespasiano\/wp-content\/uploads\/sites\/72\/2023\/06\/altar-paroquia-sao-jose-vespasiano.jpg 800w, https:\/\/arquidiocesebh.org.br\/paroquiasaojosevespasiano\/wp-content\/uploads\/sites\/72\/2023\/06\/altar-paroquia-sao-jose-vespasiano-300x200.jpg 300w, https:\/\/arquidiocesebh.org.br\/paroquiasaojosevespasiano\/wp-content\/uploads\/sites\/72\/2023\/06\/altar-paroquia-sao-jose-vespasiano-768x512.jpg 768w, https:\/\/arquidiocesebh.org.br\/paroquiasaojosevespasiano\/wp-content\/uploads\/sites\/72\/2023\/06\/altar-paroquia-sao-jose-vespasiano-436x291.jpg 436w, https:\/\/arquidiocesebh.org.br\/paroquiasaojosevespasiano\/wp-content\/uploads\/sites\/72\/2023\/06\/altar-paroquia-sao-jose-vespasiano-224x149.jpg 224w\" sizes=\"auto, (max-width: 401px) 100vw, 401px\" \/>No m\u00eas de julho de 2007, as Irm\u00e3s da congrega\u00e7\u00e3o religiosa Nova Jerusal\u00e9m: Rita Maria, M\u00e1rcia, Luciene e Ana se mudaram para Vespasiano, sendo que as duas \u00faltimas retornaram \u00e0 terra natal. Veio tamb\u00e9m, fazer parte da nossa hist\u00f3ria, a Irm\u00e3 Aila.<\/p>\n<p>Dia 1\u00ba de agosto de 2009, o Conselho da Par\u00f3quia recebeu a not\u00edcia que Francisco Helton Reis Maia fora eleito para Superior Geral do Instituto Religioso Nova Jerusal\u00e9m, pois, Pe. Caetano Minnete de Tillesse, o fundador desta, estava com a sa\u00fade debilitada, vindo a falecer no dia 01\/01\/2010. Diante deste, veio somar conosco, Pe. Rog\u00e9rio de Fran\u00e7a Lopes, que recebeu a posse no dia 19 de fevereiro 2009, como P\u00e1roco e Pe. Carlos C\u00e9sar de Sousa, Vig\u00e1rio Paroquial. Lembrando que, desde fevereiro de 2011, Pe. Rog\u00e9rio foi eleito Vig\u00e1rio For\u00e2neo da Forania Nossa Senhora de Lourdes, em Vespasiano e em novembro de 2013, reeleito.<\/p>\n<p>Outro marco importante foi a inaugura\u00e7\u00e3o da Casa Paroquial no dia 17\/12\/2010 com a presen\u00e7a do Superior Geral do Instituto Religioso Nova Jerusal\u00e9m, Pe. Francisco Helton Reis Maia.<\/p>\n<p>Em 15 de janeiro de 2012, teve a missa de formatura da primeira turma da Escola de Teologia \u201cPe. Caetano Minnete de Tilesse\u201d, na Matriz, \u00e0s 19h.<\/p>\n<p>Vieram fazer parte desta hist\u00f3ria as Irm\u00e3s Rita Paix\u00e3o e Luziene, que retornaram \u00e0 terra natal.<\/p>\n<p>No dia 17 de dezembro de 2011, em Fortaleza, aconteceu a Ordena\u00e7\u00e3o Presbiteral dos Di\u00e1conos Marcus e Erasmo, e no dia 19 de dezembro do mesmo ano foi celebrado a primeira missa de Pe. Erasmo na Matriz de S\u00e3o Jos\u00e9. Agosto de 2013, Pe. Erasmo foi convidado a ser formador de novi\u00e7os no Instituto Religioso tendo, portanto, que voltar \u00e0 Casa M\u00e3e.<\/p>\n<p>O Di\u00e1cono Marcus, teve que retornar \u00e0 Fortaleza no dia 07 de novembro de 2011, para outra miss\u00e3o.<\/p>\n<p>Mas, em agosto de 2013, retornou \u00e0 Par\u00f3quia S\u00e3o Jos\u00e9 como vig\u00e1rio Paroquial, at\u00e9 agosto de 2015, pois foi estudar na B\u00e9lgica, e, quando retornou, ficou \u00e0 disposi\u00e7\u00e3o da Arquidiocese de Belo Horizonte, segundo ele mesmo. Pe. Carlos C\u00e9sar foi para Mossor\u00f3, no dia 21 de janeiro de 2012.<\/p>\n<p>E a partir de janeiro de 2012, acolhemos os irm\u00e3os, Fabr\u00edcio Wagner do Nascimento Cavalcante, e Francisco Marcio Bezerra dos Santos. Ir Fabr\u00edcio ficou conosco at\u00e9 agosto de 2015, pois retornou \u00e0 Fortaleza para uma nova miss\u00e3o. E, em janeiro de 2014, Ir Jackson C\u00e2mara da Silva e Ir. Maria Nivaneide de Abreu vieram fazer parte da nossa hist\u00f3ria. Ir. Nivaneide ter\u00e1 uma nova miss\u00e3o em Fortaleza e para substitui-la, vir\u00e1 a Ir Maria do Socorro Gir\u00e3o Nobre. Ir M\u00e1rcia Rodrigues, foi para Roma\/It\u00e1lia a fins de estudo e j\u00e1 volta para a Par\u00f3quia S\u00e3o Jos\u00e9. Ir Rita Maria, tamb\u00e9m partir\u00e1 para outra miss\u00e3o, em<br \/>\ndezembro de 2017.<\/p>\n<p>Foram formadas pelo Pe. Rog\u00e9rio mais 03 pastorais: F\u00c9 E POL\u00cdTICA; TER\u00c7O DOS HOMENS E MOVIMENTO DA M\u00c3E RAINHA. Dessas, a primeira n\u00e3o est\u00e1 mais atuante.<\/p>\n<p>Com a partida do Pe. Marcus, Pe. Jos\u00e9 Aroldo Martins Santos auxiliou nos servi\u00e7os pastorais no m\u00eas de outubro e agora retorna como p\u00e1roco. Pe. Paulo Henrique, chegou em novembro de 2015, e ficou at\u00e9 janeiro de 2016. Pe. Rog\u00e9rio encerrou sua miss\u00e3o na Par\u00f3quia S\u00e3o Jos\u00e9 e partiu para Mossor\u00f3 no dia 25\/12\/2015.<\/p>\n<p>Em agosto de 2016, Ir Marllon, veio auxiliar nos servi\u00e7os pastorais, por quatro meses. Em Fevereiro de 2016, recebemos como Vig\u00e1rio Paroquial, Pe. Lauro Aderaldo e, no dia 26\/12\/2017, estar\u00e1 de volta \u00e0 Fortaleza.<br \/>\nIr. M\u00e1rcio e Ir Jackson receberam o diaconato dia 04\/08\/2017 e, provavelmente, voltar\u00e3o em 2018 como Sacerdotes.<\/p>\n<p>A miss\u00e3o n\u00e3o para. A nossa Par\u00f3quia est\u00e1 em constante mudan\u00e7a para melhor atender as necessidades do povo de Deus.<\/p>\n<p>Padre Jackson foi ordenado Padre em 22 de dezembro de 2018, e retornou a esta Par\u00f3quia para ser o novo vig\u00e1rio. Padre M\u00e1rcio tamb\u00e9m esteve em miss\u00e3o nesta Paroquia em 2018.<br \/>\nNo ano de 2020, o mundo passou por grandes transforma\u00e7\u00f5es em raz\u00e3o da pandemia. Nossos padres, assim como toda a humanidade e as igrejas do mundo inteiro tiveram que enfrentar grandes desafios, para continuar cumprindo sua miss\u00e3o de evangeliza\u00e7\u00e3o. Decretado o lockdown tiveram que se adaptar \u00e0 nova realidade, e se reinventar, dando verdadeira li\u00e7\u00e3o de supera\u00e7\u00e3o.<\/p>\n<p>Foram para as m\u00eddias sociais evangelizar, buscar m\u00e9todos adequados para levarem as celebra\u00e7\u00f5es e forma\u00e7\u00e3o para casa dos fi\u00e9is. Mantiveram a evangeliza\u00e7\u00e3o infantil, criando a \u201cLIVE DO JUQUINHA E DA ANINHA \u201d grande e inesquec\u00edvel sucesso, transmitido nas tardes de domingo, apresentado pelo Padre Jackson, com os bonecos ANINHA e JUQUINHA, respectivamente, Padre Aroldo e Irm\u00e3o Edmilton. A produ\u00e7\u00e3o foi realizada por Irm\u00e3o Fabr\u00edcio, que voltou para Funda\u00e7\u00e3o de Vespasiano. O p\u00fablico adulto e de idosos tamb\u00e9m interagiam \u201cao vivo\u201d pelas redes sociais e faziam participa\u00e7\u00f5es atrav\u00e9s do \u201cchat\u201d.<\/p>\n<p>Venceram in\u00fameros desafios. No in\u00edcio de 2021, as medidas de isolamento social foram sendo reduzidas e as igrejas reabertas, com uma s\u00e9rie de restri\u00e7\u00f5es a serem observadas. Hoje a par\u00f3quia conta com o Di\u00e1cono Permanente Felipe, o seminarista Vitor .Em janeiro de 2022, aconteceu no Instituto Nova Jerusal\u00e9m elei\u00e7\u00f5es para escolha do novo Superior , e consequentemente as mudan\u00e7as na Institui\u00e7\u00e3o . Ap\u00f3s a elei\u00e7\u00e3o, Padre Aroldo, Padre Jackson e o Irm\u00e3o Edmilton, voltaram para Fortaleza. Em 30.01.2022, o Padre Jackson retornou a Fortaleza para ocupar o cargo de Mestre do Noviciado.<\/p>\n<p>Logo em seguida, no mesmo m\u00eas, foi a vez do Irm\u00e3o Edmilton, que retornou a Fortaleza para ocupar o cargo de Mestre do Postulantes. E por fim, o Padre Aroldo ir\u00e1 se despedir de nossa par\u00f3quia em 08 de mar\u00e7o de 2022, para ocupar o cargo de Ec\u00f4nomo Geral do Instituto Nova Jerusal\u00e9m. No mesmo m\u00eas de fevereiro de 2022, chegou \u00e0 nossa Par\u00f3quia o Padre Danilo Batista da Silva, como novo Vig\u00e1rio, juntamente com o Irm\u00e3o Jos\u00e9 Eduardo dos Santos Alves. E no dia 06 de mar\u00e7o de 2022, ser\u00e1 a missa de posse do Padre Marcelino de Souza Santos, novo P\u00e1roco da Par\u00f3quia S\u00e3o Jos\u00e9 de Vespasiano.<\/p>\n","protected":false},"excerpt":{"rendered":"<p>\u00c9ramos comunidades da Par\u00f3quia Nossa Senhora de Lourdes. As missas eram celebradas uma vez por m\u00eas, na E. M. Manoel da Fonseca Viana, pelo Pe. Geraldo da Cruz Viana. Pe. Paulo S\u00e9rgio Soares, carinhosamente chamado de Pe. Paulinho, chegou a esta comunidade quando seminarista e continuou conosco como Di\u00e1cono. Ordenou-se no dia 18 de janeiro [&hellip;]<\/p>\n","protected":false},"author":64,"featured_media":0,"parent":51,"menu_order":0,"comment_status":"closed","ping_status":"closed","template":"","meta":{"_acf_changed":false,"xn-wppe-expiration":[],"xn-wppe-expiration-action":[],"xn-wppe-expiration-prefix":[],"inline_featured_image":false,"footnotes":""},"class_list":["post-57","page","type-page","status-publish","hentry"],"acf":[],"_links":{"self":[{"href":"https:\/\/arquidiocesebh.org.br\/paroquiasaojosevespasiano\/wp-json\/wp\/v2\/pages\/57","targetHints":{"allow":["GET"]}}],"collection":[{"href":"https:\/\/arquidiocesebh.org.br\/paroquiasaojosevespasiano\/wp-json\/wp\/v2\/pages"}],"about":[{"href":"https:\/\/arquidiocesebh.org.br\/paroquiasaojosevespasiano\/wp-json\/wp\/v2\/types\/page"}],"author":[{"embeddable":true,"href":"https:\/\/arquidiocesebh.org.br\/paroquiasaojosevespasiano\/wp-json\/wp\/v2\/users\/64"}],"replies":[{"embeddable":true,"href":"https:\/\/arquidiocesebh.org.br\/paroquiasaojosevespasiano\/wp-json\/wp\/v2\/comments?post=57"}],"version-history":[{"count":0,"href":"https:\/\/arquidiocesebh.org.br\/paroquiasaojosevespasiano\/wp-json\/wp\/v2\/pages\/57\/revisions"}],"up":[{"embeddable":true,"href":"https:\/\/arquidiocesebh.org.br\/paroquiasaojosevespasiano\/wp-json\/wp\/v2\/pages\/51"}],"wp:attachment":[{"href":"https:\/\/arquidiocesebh.org.br\/paroquiasaojosevespasiano\/wp-json\/wp\/v2\/media?parent=57"}],"curies":[{"name":"wp","href":"https:\/\/api.w.org\/{rel}","templated":true}]}}