{"id":43,"date":"2017-06-16T12:03:13","date_gmt":"2017-06-16T15:03:13","guid":{"rendered":"http:\/\/arquidiocesebh.org.br\/paroquia-sao-goncalo\/?page_id=43"},"modified":"2023-06-21T14:16:10","modified_gmt":"2023-06-21T17:16:10","slug":"confissoes","status":"publish","type":"page","link":"https:\/\/arquidiocesebh.org.br\/paroquiasaojosevespasiano\/confissoes\/","title":{"rendered":"Confiss\u00f5es"},"content":{"rendered":"<p>Confiss\u00f5es individuais, n\u00e3o \u00e9 necess\u00e1rio agendar.<\/p>\n<p>Matriz de S\u00e3o Jos\u00e9: de Ter\u00e7a a Sexta-feira das 15h \u00e0s 18:30<\/p>\n<p>Ter\u00e7as &#8211; Quintas e Sextas-feiras com Pe. Marcelino<\/p>\n<p>Quartas-feiras com Pe. Erasmo<\/p>\n<p>Santa Clara: Sextas-feira, das 17h as 19h com Pe. Erasmo.<\/p>\n<p>Confiss\u00f5es antes das Missas Votivas &#8211; das 18h as 19:15h:<br \/>\nDias: 12 .Nossa Sra. Aparecida &#8211; 13. Nossa Sra de F\u00e1tima &#8211; 28. S\u00e3o Judas<\/p>\n","protected":false},"excerpt":{"rendered":"<p>Confiss\u00f5es individuais, n\u00e3o \u00e9 necess\u00e1rio agendar. Matriz de S\u00e3o Jos\u00e9: de Ter\u00e7a a Sexta-feira das 15h \u00e0s 18:30 Ter\u00e7as &#8211; Quintas e Sextas-feiras com Pe. Marcelino Quartas-feiras com Pe. Erasmo Santa Clara: Sextas-feira, das 17h as 19h com Pe. Erasmo. Confiss\u00f5es antes das Missas Votivas &#8211; das 18h as 19:15h: Dias: 12 .Nossa Sra. Aparecida [&hellip;]<\/p>\n","protected":false},"author":64,"featured_media":0,"parent":0,"menu_order":0,"comment_status":"closed","ping_status":"closed","template":"","meta":{"_acf_changed":false,"xn-wppe-expiration":[],"xn-wppe-expiration-action":[],"xn-wppe-expiration-prefix":[],"inline_featured_image":false,"footnotes":""},"class_list":["post-43","page","type-page","status-publish","hentry"],"acf":[],"_links":{"self":[{"href":"https:\/\/arquidiocesebh.org.br\/paroquiasaojosevespasiano\/wp-json\/wp\/v2\/pages\/43","targetHints":{"allow":["GET"]}}],"collection":[{"href":"https:\/\/arquidiocesebh.org.br\/paroquiasaojosevespasiano\/wp-json\/wp\/v2\/pages"}],"about":[{"href":"https:\/\/arquidiocesebh.org.br\/paroquiasaojosevespasiano\/wp-json\/wp\/v2\/types\/page"}],"author":[{"embeddable":true,"href":"https:\/\/arquidiocesebh.org.br\/paroquiasaojosevespasiano\/wp-json\/wp\/v2\/users\/64"}],"replies":[{"embeddable":true,"href":"https:\/\/arquidiocesebh.org.br\/paroquiasaojosevespasiano\/wp-json\/wp\/v2\/comments?post=43"}],"version-history":[{"count":0,"href":"https:\/\/arquidiocesebh.org.br\/paroquiasaojosevespasiano\/wp-json\/wp\/v2\/pages\/43\/revisions"}],"wp:attachment":[{"href":"https:\/\/arquidiocesebh.org.br\/paroquiasaojosevespasiano\/wp-json\/wp\/v2\/media?parent=43"}],"curies":[{"name":"wp","href":"https:\/\/api.w.org\/{rel}","templated":true}]}}