{"id":348,"date":"2022-12-27T16:45:52","date_gmt":"2022-12-27T19:45:52","guid":{"rendered":"https:\/\/arquidiocesebh.org.br\/paroquiasaojosevespasiano\/?page_id=348"},"modified":"2023-06-19T12:06:32","modified_gmt":"2023-06-19T15:06:32","slug":"1a-eucaristia","status":"publish","type":"page","link":"https:\/\/arquidiocesebh.org.br\/paroquiasaojosevespasiano\/1a-eucaristia\/","title":{"rendered":"1\u00aa Eucaristia"},"content":{"rendered":"<p>O sacramento da Eucaristia nos permite participar, semanalmente, com toda a comunidade, do memorial da P\u00e1scoa do Senhor.<\/p>\n<p>Jesus instituiu esse sacramento na \u00faltima ceia, confiando \u00e0 Igreja o memorial da sua morte e ressurrei\u00e7\u00e3o. \u00c9 um sacramento da f\u00e9, sinal de unidade, v\u00ednculo de caridade, banquete pascal em que se recebe a vida inteira (corpo e sangue) do Cristo. Assim, a vida do fiel se enche de gra\u00e7a e lhe \u00e9 dado o penhor da gl\u00f3ria futura. A Eucaristia \u00e9 fonte e \u00e1pice de toda a vida crist\u00e3 e eclesial, que est\u00e1 vinculada com a Sagrada Eucaristia e a ela se ordena. Na Eucaristia, tamb\u00e9m est\u00e1 contido todo o tesouro espiritual da Igreja, isto \u00e9, o pr\u00f3prio Cristo, nossa P\u00e1scoa.<\/p>\n<p>A Eucaristia nos convida a um estilo de vida que influencia a nossa maneira de pensar, de nos relacionar com as outras pessoas, com a fam\u00edlia, com o mundo e com a natureza. \u00c0 medida que vamos vivenciando e participando dos sacramentos, configuramos nossa vida \u00e0 vida do Cristo, vamos nos constituindo disc\u00edpulos e disc\u00edpulas no seguimento do Senhor: homens e mulheres que continuamente passam da morte para a vida.<\/p>\n<p>&nbsp;<\/p>\n<p><strong>(PARA CRIAN\u00c7AS)<\/strong><br \/>\nPrepara\u00e7\u00e3o para a 1\u00aa Eucaristia: a Catequese Eucar\u00edstica deve ser oferecida \u00e0s crian\u00e7as em idade espec\u00edfica e \u00e9 dever dos pais e padrinhos procurar esse servi\u00e7o da comunidade para os seus filhos e afilhados. A Catequese Eucar\u00edstica, a 1\u00aa Comunh\u00e3o e a posterior participa\u00e7\u00e3o semanal na mesa do Senhor s\u00e3o direitos da crian\u00e7a batizada.<\/p>\n<p>&nbsp;<\/p>\n<p><strong>(PARA ADULTOS)<\/strong><br \/>\nExistem tamb\u00e9m catequeses destinadas aos adultos que desejam completar a sua inicia\u00e7\u00e3o ou ser iniciados na f\u00e9 crist\u00e3. Neste caso, prev\u00ea-se o processo catecumenal, pelo qual aquele que ser\u00e1 iniciado participa de todos os sacramentos da Inicia\u00e7\u00e3o Crist\u00e3, na Vig\u00edlia Pascal.<\/p>\n<p>&nbsp;<\/p>\n<p><strong>(DOCUMENTOS)<\/strong><br \/>\nPara se preparar para a 1\u00aa Eucaristia, \u00e9 necess\u00e1rio procurar a secretaria paroquial nos dias indicados para as inscri\u00e7\u00f5es, apresentando documento de identidade ou certid\u00e3o de nascimento do catequizando e documento de identidade e comprovante de endere\u00e7o do respons\u00e1vel para iniciar o sacramento.<\/p>\n","protected":false},"excerpt":{"rendered":"<p>O sacramento da Eucaristia nos permite participar, semanalmente, com toda a comunidade, do memorial da P\u00e1scoa do Senhor. Jesus instituiu esse sacramento na \u00faltima ceia, confiando \u00e0 Igreja o memorial da sua morte e ressurrei\u00e7\u00e3o. \u00c9 um sacramento da f\u00e9, sinal de unidade, v\u00ednculo de caridade, banquete pascal em que se recebe a vida inteira [&hellip;]<\/p>\n","protected":false},"author":64,"featured_media":0,"parent":0,"menu_order":0,"comment_status":"closed","ping_status":"closed","template":"","meta":{"_acf_changed":false,"xn-wppe-expiration":[],"xn-wppe-expiration-action":[],"xn-wppe-expiration-prefix":[],"inline_featured_image":false,"footnotes":""},"class_list":["post-348","page","type-page","status-publish","hentry"],"acf":[],"_links":{"self":[{"href":"https:\/\/arquidiocesebh.org.br\/paroquiasaojosevespasiano\/wp-json\/wp\/v2\/pages\/348","targetHints":{"allow":["GET"]}}],"collection":[{"href":"https:\/\/arquidiocesebh.org.br\/paroquiasaojosevespasiano\/wp-json\/wp\/v2\/pages"}],"about":[{"href":"https:\/\/arquidiocesebh.org.br\/paroquiasaojosevespasiano\/wp-json\/wp\/v2\/types\/page"}],"author":[{"embeddable":true,"href":"https:\/\/arquidiocesebh.org.br\/paroquiasaojosevespasiano\/wp-json\/wp\/v2\/users\/64"}],"replies":[{"embeddable":true,"href":"https:\/\/arquidiocesebh.org.br\/paroquiasaojosevespasiano\/wp-json\/wp\/v2\/comments?post=348"}],"version-history":[{"count":0,"href":"https:\/\/arquidiocesebh.org.br\/paroquiasaojosevespasiano\/wp-json\/wp\/v2\/pages\/348\/revisions"}],"wp:attachment":[{"href":"https:\/\/arquidiocesebh.org.br\/paroquiasaojosevespasiano\/wp-json\/wp\/v2\/media?parent=348"}],"curies":[{"name":"wp","href":"https:\/\/api.w.org\/{rel}","templated":true}]}}