{"id":346,"date":"2022-12-27T16:44:33","date_gmt":"2022-12-27T19:44:33","guid":{"rendered":"https:\/\/arquidiocesebh.org.br\/paroquiasaojosevespasiano\/?page_id=346"},"modified":"2023-06-19T13:03:07","modified_gmt":"2023-06-19T16:03:07","slug":"crisma","status":"publish","type":"page","link":"https:\/\/arquidiocesebh.org.br\/paroquiasaojosevespasiano\/crisma\/","title":{"rendered":"Crisma"},"content":{"rendered":"<p>O Batismo, a Confirma\u00e7\u00e3o (Crisma) e a Eucaristia constituem o conjunto dos sacramentos da inicia\u00e7\u00e3o crist\u00e3, cuja unidade deve ser salvaguardada. Celebrar o sacramento da Crisma \u00e9 necess\u00e1rio para se alcan\u00e7ar a plenitude da gra\u00e7a batismal.<\/p>\n<p>O Catecismo da Igreja Cat\u00f3lica ensina que os batizados sacramentados pela Confirma\u00e7\u00e3o s\u00e3o mais perfeitamente vinculados \u00e0 Igreja, enriquecidos com uma for\u00e7a especial do Esp\u00edrito Santo, para assumir a miss\u00e3o de Jesus no mundo.<\/p>\n<p>O Esp\u00edrito Santo \u00e9 conferido pela ora\u00e7\u00e3o da Igreja, pela imposi\u00e7\u00e3o e un\u00e7\u00e3o, para que o fiel proclame o Evangelho e defenda a f\u00e9, por palavras e obras.<\/p>\n<p>Prepara\u00e7\u00e3o para a Crisma: procure a secretaria da par\u00f3quia e apresente os seus dados pessoais. \u00c9 preciso ter, pelo menos, 14 anos de idade e maturidade para o cumprimento da Miss\u00e3o prof\u00e9tica no mundo para edificar a unidade da Igreja, do Corpo de Cristo, e defender a verdade do Evangelho nas diversas situa\u00e7\u00f5es da vida.<\/p>\n<p>Para se preparar para a Crisma, \u00e9 necess\u00e1rio procurar a secretaria paroquial nos dias indicados para as inscri\u00e7\u00f5es, apresentando documento de identidade ou certid\u00e3o de nascimento do crismando e documento de identidade e comprovante de endere\u00e7o do respons\u00e1vel para iniciar o sacramento.<\/p>\n<p>&nbsp;<\/p>\n<p><strong>(DOCUMENTOS)<\/strong><\/p>\n<p>Certid\u00e3o ou identidade da crian\u00e7a ou adolescente<\/p>\n<p>Comprovante de endere\u00e7o dos pais<\/p>\n","protected":false},"excerpt":{"rendered":"<p>O Batismo, a Confirma\u00e7\u00e3o (Crisma) e a Eucaristia constituem o conjunto dos sacramentos da inicia\u00e7\u00e3o crist\u00e3, cuja unidade deve ser salvaguardada. Celebrar o sacramento da Crisma \u00e9 necess\u00e1rio para se alcan\u00e7ar a plenitude da gra\u00e7a batismal. O Catecismo da Igreja Cat\u00f3lica ensina que os batizados sacramentados pela Confirma\u00e7\u00e3o s\u00e3o mais perfeitamente vinculados \u00e0 Igreja, enriquecidos [&hellip;]<\/p>\n","protected":false},"author":64,"featured_media":0,"parent":0,"menu_order":0,"comment_status":"closed","ping_status":"closed","template":"","meta":{"_acf_changed":false,"xn-wppe-expiration":[],"xn-wppe-expiration-action":[],"xn-wppe-expiration-prefix":[],"inline_featured_image":false,"footnotes":""},"class_list":["post-346","page","type-page","status-publish","hentry"],"acf":[],"_links":{"self":[{"href":"https:\/\/arquidiocesebh.org.br\/paroquiasaojosevespasiano\/wp-json\/wp\/v2\/pages\/346","targetHints":{"allow":["GET"]}}],"collection":[{"href":"https:\/\/arquidiocesebh.org.br\/paroquiasaojosevespasiano\/wp-json\/wp\/v2\/pages"}],"about":[{"href":"https:\/\/arquidiocesebh.org.br\/paroquiasaojosevespasiano\/wp-json\/wp\/v2\/types\/page"}],"author":[{"embeddable":true,"href":"https:\/\/arquidiocesebh.org.br\/paroquiasaojosevespasiano\/wp-json\/wp\/v2\/users\/64"}],"replies":[{"embeddable":true,"href":"https:\/\/arquidiocesebh.org.br\/paroquiasaojosevespasiano\/wp-json\/wp\/v2\/comments?post=346"}],"version-history":[{"count":0,"href":"https:\/\/arquidiocesebh.org.br\/paroquiasaojosevespasiano\/wp-json\/wp\/v2\/pages\/346\/revisions"}],"wp:attachment":[{"href":"https:\/\/arquidiocesebh.org.br\/paroquiasaojosevespasiano\/wp-json\/wp\/v2\/media?parent=346"}],"curies":[{"name":"wp","href":"https:\/\/api.w.org\/{rel}","templated":true}]}}