{"id":320,"date":"2022-12-27T14:21:19","date_gmt":"2022-12-27T17:21:19","guid":{"rendered":"https:\/\/arquidiocesebh.org.br\/paroquiasaojosevespasiano\/?page_id=320"},"modified":"2023-06-19T11:56:22","modified_gmt":"2023-06-19T14:56:22","slug":"batizados","status":"publish","type":"page","link":"https:\/\/arquidiocesebh.org.br\/paroquiasaojosevespasiano\/batizados\/","title":{"rendered":"Batizados"},"content":{"rendered":"<p>O Batismo \u00e9 um sacramento da inicia\u00e7\u00e3o \u00e0 f\u00e9 crist\u00e3, uma celebra\u00e7\u00e3o que promove a nossa identifica\u00e7\u00e3o com Cristo em seu mist\u00e9rio pascal (cf. Rm 6,3-11). Como porta de entrada para a Igreja, o Batismo nos d\u00e1 acesso aos demais sacramentos. Por ele, somos libertados do pecado original e regenerados como filhos e filhas de Deus, em Jesus Cristo, o seu Filho amado.<\/p>\n<p>Tornamo-nos membros do Corpo de Cristo e, incorporados \u00e0 sua igreja, somos feitos templos do Esp\u00edrito Santo. O Batismo pode ser definido como o sacramento da regenera\u00e7\u00e3o pela \u00e1gua e pela palavra.<\/p>\n<p>&nbsp;<\/p>\n<p><strong>(BATISMO DE CRIAN\u00c7AS)<\/strong><br \/>\nPara o Batismo de crian\u00e7as, procure a Secretaria Paroquial para agendar um primeiro acolhimento com os padres.<\/p>\n<p>&nbsp;<\/p>\n<p><strong>(CURSO DE PREPARA\u00c7\u00c3O)<br \/>\n<\/strong>Depois disso os pais e padrinhos ser\u00e3o encaminhados para curso de prepara\u00e7\u00e3o para o Batismo que acontece toda \u00faltima quinta-feira na comunidade Sagrado Cora\u00e7\u00e3o de Jesus \u00e0s 19:30h.<br \/>\nOs batizados s\u00e3o realizados no 1\u00ba e 2\u00ba domingos do m\u00eas, \u00e0s 09h, nas capelas do Sagrado Cora\u00e7\u00e3o de Jesus e S\u00e3o Jo\u00e3o Batista.<\/p>\n","protected":false},"excerpt":{"rendered":"<p>O Batismo \u00e9 um sacramento da inicia\u00e7\u00e3o \u00e0 f\u00e9 crist\u00e3, uma celebra\u00e7\u00e3o que promove a nossa identifica\u00e7\u00e3o com Cristo em seu mist\u00e9rio pascal (cf. Rm 6,3-11). Como porta de entrada para a Igreja, o Batismo nos d\u00e1 acesso aos demais sacramentos. Por ele, somos libertados do pecado original e regenerados como filhos e filhas de [&hellip;]<\/p>\n","protected":false},"author":64,"featured_media":0,"parent":0,"menu_order":0,"comment_status":"closed","ping_status":"closed","template":"","meta":{"_acf_changed":false,"xn-wppe-expiration":[],"xn-wppe-expiration-action":[],"xn-wppe-expiration-prefix":[],"inline_featured_image":false,"footnotes":""},"class_list":["post-320","page","type-page","status-publish","hentry"],"acf":[],"_links":{"self":[{"href":"https:\/\/arquidiocesebh.org.br\/paroquiasaojosevespasiano\/wp-json\/wp\/v2\/pages\/320","targetHints":{"allow":["GET"]}}],"collection":[{"href":"https:\/\/arquidiocesebh.org.br\/paroquiasaojosevespasiano\/wp-json\/wp\/v2\/pages"}],"about":[{"href":"https:\/\/arquidiocesebh.org.br\/paroquiasaojosevespasiano\/wp-json\/wp\/v2\/types\/page"}],"author":[{"embeddable":true,"href":"https:\/\/arquidiocesebh.org.br\/paroquiasaojosevespasiano\/wp-json\/wp\/v2\/users\/64"}],"replies":[{"embeddable":true,"href":"https:\/\/arquidiocesebh.org.br\/paroquiasaojosevespasiano\/wp-json\/wp\/v2\/comments?post=320"}],"version-history":[{"count":0,"href":"https:\/\/arquidiocesebh.org.br\/paroquiasaojosevespasiano\/wp-json\/wp\/v2\/pages\/320\/revisions"}],"wp:attachment":[{"href":"https:\/\/arquidiocesebh.org.br\/paroquiasaojosevespasiano\/wp-json\/wp\/v2\/media?parent=320"}],"curies":[{"name":"wp","href":"https:\/\/api.w.org\/{rel}","templated":true}]}}