{"id":71,"date":"2017-06-16T12:08:59","date_gmt":"2017-06-16T15:08:59","guid":{"rendered":"http:\/\/arquidiocesebh.org.br\/paroquia-sao-goncalo\/?page_id=71"},"modified":"2024-05-24T12:12:27","modified_gmt":"2024-05-24T15:12:27","slug":"seja-um-dizimista","status":"publish","type":"page","link":"https:\/\/arquidiocesebh.org.br\/paroquiasaojosesaogabriel\/quero-ajudar\/seja-um-dizimista\/","title":{"rendered":"Seja um Dizimista"},"content":{"rendered":"<div class=\"flex-1 overflow-hidden\">\n<div class=\"react-scroll-to-bottom--css-wtezr-79elbk h-full\">\n<div class=\"react-scroll-to-bottom--css-wtezr-1n7m0yu\">\n<div class=\"flex flex-col text-sm pb-9\">\n<div class=\"w-full text-token-text-primary\" dir=\"auto\" data-testid=\"conversation-turn-73\" data-scroll-anchor=\"true\">\n<div class=\"py-2 px-3 text-base md:px-4 m-auto md:px-5 lg:px-1 xl:px-5\">\n<div class=\"mx-auto flex flex-1 gap-3 text-base juice:gap-4 juice:md:gap-6 md:max-w-3xl lg:max-w-[40rem] xl:max-w-[48rem]\">\n<div class=\"relative flex w-full min-w-0 flex-col agent-turn\">\n<div class=\"flex-col gap-1 md:gap-3\">\n<div class=\"flex flex-grow flex-col max-w-full\">\n<div class=\"min-h-[20px] text-message flex flex-col items-start whitespace-pre-wrap break-words [.text-message+&amp;]:mt-5 overflow-x-auto gap-3\" dir=\"auto\" data-message-author-role=\"assistant\" data-message-id=\"28b4ceed-006b-4f98-9253-0005a2c33216\">\n<div class=\"markdown prose w-full break-words dark:prose-invert light\">\n<p>Ser um dizimista na Par\u00f3quia S\u00e3o Jos\u00e9 e S\u00e3o Gabriel Passionista \u00e9 um ato de f\u00e9 e gratid\u00e3o que vai al\u00e9m da contribui\u00e7\u00e3o financeira; \u00e9 um compromisso de cora\u00e7\u00e3o com a miss\u00e3o da Igreja e a vida comunit\u00e1ria. O d\u00edzimo representa a nossa resposta ao chamado de Deus para partilhar as b\u00ean\u00e7\u00e3os que recebemos, apoiando as atividades pastorais, sociais e de manuten\u00e7\u00e3o da par\u00f3quia. Este gesto de generosidade \u00e9 um testemunho concreto de amor ao pr\u00f3ximo e de solidariedade com a nossa comunidade.<\/p>\n<p>Ao ser um dizimista, voc\u00ea participa diretamente da constru\u00e7\u00e3o de uma par\u00f3quia mais forte e ativa, permitindo que possamos continuar a oferecer servi\u00e7os essenciais, como catequese, obras sociais, celebra\u00e7\u00f5es lit\u00fargicas e assist\u00eancia aos necessitados. Cada contribui\u00e7\u00e3o, independentemente do valor, \u00e9 um sinal de confian\u00e7a na provid\u00eancia divina e de compromisso com os valores do Evangelho.<\/p>\n<p>Ser dizimista \u00e9 um caminho de crescimento espiritual, onde aprendemos a viver a partilha e a generosidade como express\u00f5es aut\u00eanticas da nossa f\u00e9 em Cristo. Convidamos voc\u00ea a se unir a n\u00f3s neste ato de amor e compromisso, tornando-se um pilar de apoio para a nossa comunidade paroquial.<\/p>\n<p>&nbsp;<\/p>\n<\/div>\n<\/div>\n<\/div>\n<\/div>\n<\/div>\n<\/div>\n<\/div>\n<\/div>\n<\/div>\n<\/div>\n<\/div>\n<\/div>\n<p>Para d\u00favidas ou outras informa\u00e7\u00f5es sobre d\u00edzimo preencha o formul\u00e1rio:<\/p>\n<p>&nbsp;<\/p>\n\n<div class=\"wpcf7 no-js\" id=\"wpcf7-f156-o1\" lang=\"pt-BR\" dir=\"ltr\" data-wpcf7-id=\"156\">\n<div class=\"screen-reader-response\"><p role=\"status\" aria-live=\"polite\" aria-atomic=\"true\"><\/p> <ul><\/ul><\/div>\n<form action=\"\/paroquiasaojosesaogabriel\/wp-json\/wp\/v2\/pages\/71#wpcf7-f156-o1\" method=\"post\" class=\"wpcf7-form init\" aria-label=\"Formul\u00e1rios de contato\" novalidate=\"novalidate\" data-status=\"init\">\n<fieldset class=\"hidden-fields-container\"><input type=\"hidden\" name=\"_wpcf7\" value=\"156\" \/><input type=\"hidden\" name=\"_wpcf7_version\" value=\"6.1.5\" \/><input type=\"hidden\" name=\"_wpcf7_locale\" value=\"pt_BR\" \/><input type=\"hidden\" name=\"_wpcf7_unit_tag\" value=\"wpcf7-f156-o1\" \/><input type=\"hidden\" name=\"_wpcf7_container_post\" value=\"0\" \/><input type=\"hidden\" name=\"_wpcf7_posted_data_hash\" value=\"\" \/>\n<\/fieldset>\n<div class=\"formPedidoOracao\">\n<div class=\"row\">\n\t<div class=\"col-sm-12 col-xs-24\">\n\t\t<div class=\"form-group\">\n\t\t\t<label for=\"inputNome\">Nome *<\/label>\n                <span class=\"wpcf7-form-control-wrap\" data-name=\"seu-nome\"><input size=\"40\" maxlength=\"400\" class=\"wpcf7-form-control wpcf7-text wpcf7-validates-as-required form-control\" id=\"inputNome\" autocomplete=\"off\" aria-required=\"true\" aria-invalid=\"false\" value=\"\" type=\"text\" name=\"seu-nome\" \/><\/span>\n\t\t<\/div>\n\t<\/div>\n\n\t<div class=\"col-sm-12 col-xs-24\">\n\t\t<div class=\"form-group\">\n\t\t\t<label for=\"inputEmail\">Email *<\/label>\n                <span class=\"wpcf7-form-control-wrap\" data-name=\"seu-email\"><input size=\"40\" maxlength=\"400\" class=\"wpcf7-form-control wpcf7-email wpcf7-validates-as-required wpcf7-text wpcf7-validates-as-email form-control\" id=\"inputEmail\" autocomplete=\"off\" aria-required=\"true\" aria-invalid=\"false\" value=\"\" type=\"email\" name=\"seu-email\" \/><\/span>\n\t\t<\/div>\n\t<\/div>\n<\/div>\n\n<div class=\"row\">\n\t<div class=\"col-sm-12 col-xs-24\">\n\t\t<div class=\"form-group\">\n\t\t\t<label for=\"inputFone\">Telefone *<\/label>\n                <span class=\"wpcf7-form-control-wrap\" data-name=\"telefone\"><input size=\"40\" maxlength=\"400\" class=\"wpcf7-form-control wpcf7-text wpcf7-validates-as-required form-control\" id=\"inputFone\" autocomplete=\"off\" aria-required=\"true\" aria-invalid=\"false\" value=\"\" type=\"text\" name=\"telefone\" \/><\/span>\n\t\t<\/div>\n\t<\/div>\n\n\t<div class=\"col-sm-12 col-xs-24\">\n\t\t<div class=\"form-group containerCPFPedido\">\n\t\t\t<label for=\"cpfPedido\">CPF *<\/label>\n                <span class=\"wpcf7-form-control-wrap\" data-name=\"cpfPedido\"><input size=\"40\" maxlength=\"400\" class=\"wpcf7-form-control wpcf7-text wpcf7-validates-as-required form-control\" id=\"cpfPedido\" autocomplete=\"off\" aria-required=\"true\" aria-invalid=\"false\" value=\"\" type=\"text\" name=\"cpfPedido\" \/><\/span>\n\t\t<\/div>\n\t<\/div>\n<\/div>\n\n<div class=\"form-group\">\n\t<label for=\"inputMensagem\">Mensagem *<\/label>\n        <span class=\"wpcf7-form-control-wrap\" data-name=\"sua-mensagem\"><textarea cols=\"40\" rows=\"10\" maxlength=\"2000\" class=\"wpcf7-form-control wpcf7-textarea wpcf7-validates-as-required form-control\" id=\"inputMensagem\" autocomplete=\"off\" aria-required=\"true\" aria-invalid=\"false\" name=\"sua-mensagem\"><\/textarea><\/span>\n<\/div>\n\n<input class=\"wpcf7-form-control wpcf7-submit has-spinner btn btn-warning btn-block btn-lg\" type=\"submit\" value=\"Enviar\" \/>\n<\/div><div class=\"wpcf7-response-output\" aria-hidden=\"true\"><\/div>\n<\/form>\n<\/div>\n\n","protected":false},"excerpt":{"rendered":"<p>Ser um dizimista na Par\u00f3quia S\u00e3o Jos\u00e9 e S\u00e3o Gabriel Passionista \u00e9 um ato de f\u00e9 e gratid\u00e3o que vai al\u00e9m da contribui\u00e7\u00e3o financeira; \u00e9 um compromisso de cora\u00e7\u00e3o com a miss\u00e3o da Igreja e a vida comunit\u00e1ria. O d\u00edzimo representa a nossa resposta ao chamado de Deus para partilhar as b\u00ean\u00e7\u00e3os que recebemos, apoiando [&hellip;]<\/p>\n","protected":false},"author":64,"featured_media":0,"parent":69,"menu_order":0,"comment_status":"closed","ping_status":"closed","template":"","meta":{"_acf_changed":false,"xn-wppe-expiration":[],"xn-wppe-expiration-action":[],"xn-wppe-expiration-prefix":[],"inline_featured_image":false,"footnotes":""},"class_list":["post-71","page","type-page","status-publish","hentry"],"acf":[],"_links":{"self":[{"href":"https:\/\/arquidiocesebh.org.br\/paroquiasaojosesaogabriel\/wp-json\/wp\/v2\/pages\/71","targetHints":{"allow":["GET"]}}],"collection":[{"href":"https:\/\/arquidiocesebh.org.br\/paroquiasaojosesaogabriel\/wp-json\/wp\/v2\/pages"}],"about":[{"href":"https:\/\/arquidiocesebh.org.br\/paroquiasaojosesaogabriel\/wp-json\/wp\/v2\/types\/page"}],"author":[{"embeddable":true,"href":"https:\/\/arquidiocesebh.org.br\/paroquiasaojosesaogabriel\/wp-json\/wp\/v2\/users\/64"}],"replies":[{"embeddable":true,"href":"https:\/\/arquidiocesebh.org.br\/paroquiasaojosesaogabriel\/wp-json\/wp\/v2\/comments?post=71"}],"version-history":[{"count":0,"href":"https:\/\/arquidiocesebh.org.br\/paroquiasaojosesaogabriel\/wp-json\/wp\/v2\/pages\/71\/revisions"}],"up":[{"embeddable":true,"href":"https:\/\/arquidiocesebh.org.br\/paroquiasaojosesaogabriel\/wp-json\/wp\/v2\/pages\/69"}],"wp:attachment":[{"href":"https:\/\/arquidiocesebh.org.br\/paroquiasaojosesaogabriel\/wp-json\/wp\/v2\/media?parent=71"}],"curies":[{"name":"wp","href":"https:\/\/api.w.org\/{rel}","templated":true}]}}