{"id":61,"date":"2017-06-16T12:07:26","date_gmt":"2017-06-16T15:07:26","guid":{"rendered":"http:\/\/arquidiocesebh.org.br\/paroquia-sao-goncalo\/?page_id=61"},"modified":"2024-05-29T12:00:09","modified_gmt":"2024-05-29T15:00:09","slug":"padroeiro","status":"publish","type":"page","link":"https:\/\/arquidiocesebh.org.br\/paroquiasaojosesaogabriel\/paroquia\/padroeiro\/","title":{"rendered":"Padroeiro"},"content":{"rendered":"<div class=\"flex-1 overflow-hidden\">\n<div class=\"react-scroll-to-bottom--css-wnivv-79elbk h-full\">\n<div class=\"react-scroll-to-bottom--css-wnivv-1n7m0yu\">\n<div class=\"flex flex-col text-sm pb-9\">\n<div class=\"w-full text-token-text-primary\" dir=\"auto\" data-testid=\"conversation-turn-65\" data-scroll-anchor=\"true\">\n<div class=\"px-4 py-2 justify-center text-base md:gap-6 m-auto\">\n<div class=\"flex flex-1 text-base mx-auto gap-3 juice:gap-4 juice:md:gap-6 md:px-5 lg:px-1 xl:px-5 md:max-w-3xl lg:max-w-[40rem] xl:max-w-[48rem]\">\n<div class=\"relative flex w-full min-w-0 flex-col agent-turn\">\n<div class=\"flex-col gap-1 md:gap-3\">\n<div class=\"flex flex-grow flex-col max-w-full\">\n<div class=\"min-h-[20px] text-message flex flex-col items-start gap-3 whitespace-pre-wrap break-words [.text-message+&amp;]:mt-5 overflow-x-auto\" dir=\"auto\" data-message-author-role=\"assistant\" data-message-id=\"85251a75-9956-4805-9f5f-3a1e242f4e46\">\n<div class=\"markdown prose w-full break-words dark:prose-invert light\">\n<h1><strong>PADROEIROS<\/strong><\/h1>\n<p><strong>\u00a0<\/strong><\/p>\n<h2><strong>S\u00e3o Jos\u00e9<\/strong><\/h2>\n<p>Descendente de Davi, esposo de Maria, patrono da Igreja<\/p>\n<p>&#8220;O nome Jos\u00e9 deriva da l\u00edngua hebraica \u201cI\u00f4s\u00e9f\u201d, forma abreviada de &#8216;Ieh\u00f4s\u00e9f&#8217; que significa: &#8216;Jav\u00e9 acres\u00e7a, fa\u00e7a crescer&#8217;, em latim Ioseph (us).<\/p>\n<p>As primeiras not\u00edcias que temos desde o primeiro s\u00e9culo do cristianismo sobre Jos\u00e9 nos v\u00eam de Mateus e Lucas, o primeiro que endere\u00e7ou mais \u00e0 comunidade hebraica todas as informa\u00e7\u00f5es de que dispamos sobre a origem, nascimento, inf\u00e2ncia e adolesc\u00eancia de Jesus e o segundo \u00e0 comunidade grega. Ambos colocaram portanto claro, a colabora\u00e7\u00e3o de Maria e de Jos\u00e9 nos mist\u00e9rios da encarna\u00e7\u00e3o e da reden\u00e7\u00e3o.<\/p>\n<p>Jos\u00e9 foi um trabalhador, e sua caracter\u00edstica de homem trabalhador refletiu-se inclusive no Filho de Deus, o qual era conhecido como &#8216;fabri filius&#8217; (Mt 13,55), (filho do carpinteiro). Como era o costume de ent\u00e3o, Jos\u00e9 seguramente recebeu esta profiss\u00e3o de seu pai, portanto ainda adolescente j\u00e1 era um artes\u00e3o. Tornando-se civilmente Filho de Jos\u00e9 (Lc 3,23), Jesus herdou o t\u00edtulo real de &#8216;filho de Davi&#8217;, mas assumiu tamb\u00e9m aquela condi\u00e7\u00e3o profissional que o qualifica como o &#8216;Filho do Carpinteiro&#8217; (Mt 13,55).<\/p>\n<p>Jos\u00e9 era consciente de sua miss\u00e3o de pai; por isso toda a sua vida foi vivida a servi\u00e7o de Jesus. Ele se colocou \u00e0 disposi\u00e7\u00e3o dos des\u00edgnios de Deus, a sua liberdade, a sua leg\u00edtima voca\u00e7\u00e3o humana, a sua felicidade conjugal, aceitando da fam\u00edlia a condi\u00e7\u00e3o, a responsabilidade e o peso, renunciando, por um incompar\u00e1vel virg\u00edneo amor, ao natural amor conjugal que a constitui e a alimenta, para oferecer com sacrif\u00edcio total toda a sua exist\u00eancia \u00e0s imponder\u00e1veis exig\u00eancias da vinda do Messias.<\/p>\n<p>Escolhido por Deus para esta sublime miss\u00e3o de represent\u00e1-lo aqui na terra perante o seu Unig\u00eanito Filho, Jos\u00e9 exercitou a sua autoridade de modo exemplar, pois o pr\u00f3prio Deus tinha encontrado nele algu\u00e9m segundo o seu cora\u00e7\u00e3o, confiando-lhe com plena seguran\u00e7a o mais misterioso segredo de seu cora\u00e7\u00e3o. Por isso, o seu amor paternal foi sem reservas, foi um amor traduzido em generosidade, em sacrif\u00edcio e em servi\u00e7o incondicional para Jesus.&#8221;<\/p>\n<p><strong>\u00a0<\/strong><\/p>\n<h2><strong>S\u00e3o Gabriel Passionista<\/strong><\/h2>\n<p>S\u00e3o Gabriel Passionista, tamb\u00e9m chamado S\u00e3o Gabriel da Virgem das Dores ou S\u00e3o Gabriel de Nossa Senhora das Dores<\/p>\n<p>Cl\u00e9rigo passionista, o santo do sorriso, um dos padroeiros da juventude<\/p>\n<p>Francesco Possenti, seu nome de batismo, nasceu em 01 de mar\u00e7o de 1838 na cidade de Isola del Gran Sasso, na regi\u00e3o de Abruzzo, It\u00e1lia. Sua fam\u00edlia era de Assis, cidade onde viveu e foi educado junto a seus doze irm\u00e3os, filhos de Sante Possenti, um advogado que exercia o cargo de prefeito, e Angese Frisciotti, de nobre descend\u00eancia. Angese morreu quando Gabriel tinha apenas quatro anos. Francesco era conhecido por sua grande devo\u00e7\u00e3o \u00e0s dores da virgem m\u00e3e de Cristo.<\/p>\n<p>De fam\u00edlia nobre, era um jovem com uma vida muito baladada. Estudou em col\u00e9gio Jesu\u00edta e dizia aos seus amigos que seria padre ap\u00f3s os estudos. Pelo estilo de vida de Francesco, seus amigos n\u00e3o acreditavam que isso se tornaria verdade.<\/p>\n<p>Acometido por uma doen\u00e7a grave, Francesco prometeu que, caso se recuperasse entraria para o semin\u00e1rio. A doen\u00e7a foi curada e o jovem, entretanto, n\u00e3o cumpriu sua promessa. Ao ficar novamente doente, refez a promessa e mais uma vez n\u00e3o a cumpriu. Um dia, por\u00e9m, ao assistir uma prociss\u00e3o que passava com uma grande imagem de Nossa Senhora, os olhos da Virgem fitaram-no fixamente e ele ouviu as palavras: &#8220;Cumpra sua promessa!&#8221;. Abalado ap\u00f3s o sinal divino, Francesco decidiu cumprir o prometido e, com vinte anos de idade, entrou para o semin\u00e1rio local onde recebeu o nome de irm\u00e3o Gabriel.<\/p>\n<p>S\u00e3o Gabriel morreu de tuberculose aos 24 anos. Foi canonizado em 1920 pelo Papa Benedito XV como S\u00e3o Gabriel Possenti da Madre Dolorosa. Ele \u00e9 considerado um dos padroeiros da juventude. Sua mem\u00f3ria lit\u00fargica \u00e9 celebrada em 27 de fevereiro.<\/p>\n<p>&nbsp;<\/p>\n<p>&nbsp;<\/p>\n<\/div>\n<\/div>\n<\/div>\n<\/div>\n<\/div>\n<\/div>\n<\/div>\n<\/div>\n<\/div>\n<\/div>\n<\/div>\n<\/div>\n","protected":false},"excerpt":{"rendered":"<p>PADROEIROS \u00a0 S\u00e3o Jos\u00e9 Descendente de Davi, esposo de Maria, patrono da Igreja &#8220;O nome Jos\u00e9 deriva da l\u00edngua hebraica \u201cI\u00f4s\u00e9f\u201d, forma abreviada de &#8216;Ieh\u00f4s\u00e9f&#8217; que significa: &#8216;Jav\u00e9 acres\u00e7a, fa\u00e7a crescer&#8217;, em latim Ioseph (us). As primeiras not\u00edcias que temos desde o primeiro s\u00e9culo do cristianismo sobre Jos\u00e9 nos v\u00eam de Mateus e Lucas, o [&hellip;]<\/p>\n","protected":false},"author":64,"featured_media":0,"parent":51,"menu_order":0,"comment_status":"closed","ping_status":"closed","template":"","meta":{"_acf_changed":false,"xn-wppe-expiration":[],"xn-wppe-expiration-action":[],"xn-wppe-expiration-prefix":[],"inline_featured_image":false,"footnotes":""},"class_list":["post-61","page","type-page","status-publish","hentry"],"acf":[],"_links":{"self":[{"href":"https:\/\/arquidiocesebh.org.br\/paroquiasaojosesaogabriel\/wp-json\/wp\/v2\/pages\/61","targetHints":{"allow":["GET"]}}],"collection":[{"href":"https:\/\/arquidiocesebh.org.br\/paroquiasaojosesaogabriel\/wp-json\/wp\/v2\/pages"}],"about":[{"href":"https:\/\/arquidiocesebh.org.br\/paroquiasaojosesaogabriel\/wp-json\/wp\/v2\/types\/page"}],"author":[{"embeddable":true,"href":"https:\/\/arquidiocesebh.org.br\/paroquiasaojosesaogabriel\/wp-json\/wp\/v2\/users\/64"}],"replies":[{"embeddable":true,"href":"https:\/\/arquidiocesebh.org.br\/paroquiasaojosesaogabriel\/wp-json\/wp\/v2\/comments?post=61"}],"version-history":[{"count":0,"href":"https:\/\/arquidiocesebh.org.br\/paroquiasaojosesaogabriel\/wp-json\/wp\/v2\/pages\/61\/revisions"}],"up":[{"embeddable":true,"href":"https:\/\/arquidiocesebh.org.br\/paroquiasaojosesaogabriel\/wp-json\/wp\/v2\/pages\/51"}],"wp:attachment":[{"href":"https:\/\/arquidiocesebh.org.br\/paroquiasaojosesaogabriel\/wp-json\/wp\/v2\/media?parent=61"}],"curies":[{"name":"wp","href":"https:\/\/api.w.org\/{rel}","templated":true}]}}