{"id":43,"date":"2017-06-16T12:03:13","date_gmt":"2017-06-16T15:03:13","guid":{"rendered":"http:\/\/arquidiocesebh.org.br\/paroquia-sao-goncalo\/?page_id=43"},"modified":"2024-05-23T16:24:41","modified_gmt":"2024-05-23T19:24:41","slug":"confissoes","status":"publish","type":"page","link":"https:\/\/arquidiocesebh.org.br\/paroquiasaojosesaogabriel\/confissoes\/","title":{"rendered":"Confiss\u00f5es"},"content":{"rendered":"<div class=\"flex flex-grow flex-col max-w-full\">\n<div class=\"min-h-[20px] text-message flex flex-col items-start whitespace-pre-wrap break-words [.text-message+&amp;]:mt-5 juice:w-full juice:items-end overflow-x-auto gap-2\" dir=\"auto\" data-message-author-role=\"assistant\" data-message-id=\"9b2a5702-5828-4d45-a2b3-e9c8a8d6bdad\">\n<div class=\"flex w-full flex-col gap-1 juice:empty:hidden juice:first:pt-[3px]\">\n<div class=\"markdown prose w-full break-words dark:prose-invert light\">\n<p>As confiss\u00f5es na Par\u00f3quia S\u00e3o Jos\u00e9 e S\u00e3o Gabriel Passionista s\u00e3o momentos de reconcilia\u00e7\u00e3o e renova\u00e7\u00e3o espiritual, onde os fi\u00e9is t\u00eam a oportunidade de receber a gra\u00e7a do perd\u00e3o de Deus.<\/p>\n<p>Convidamos todos os fi\u00e9is a aproveitarem essa oportunidade de gra\u00e7a e renova\u00e7\u00e3o, lembrando que a confiss\u00e3o regular \u00e9 um caminho seguro para uma vida espiritual mais profunda e plena. Venha experimentar a miseric\u00f3rdia de Deus e fortalecer sua caminhada de f\u00e9 atrav\u00e9s do sacramento da confiss\u00e3o.<\/p>\n<\/div>\n<\/div>\n<\/div>\n<\/div>\n<p>Agendamento na secretaria paroquial:<\/p>\n<p><strong>Tel.: <\/strong>(31) 3383-8272<\/p>\n<div class=\"col-md-5 col-sm-8 col-md-height col-sm-24 col-xs-24\">\n<div class=\"container-item-footer fale-paroquia\">\n<p>&nbsp;<\/p>\n<\/div>\n<\/div>\n<div class=\"col-md-6 col-md-height col-sm-24 col-xs-24\">\n<div class=\"container-item-footer email\"><\/div>\n<\/div>\n<p>&nbsp;<\/p>\n","protected":false},"excerpt":{"rendered":"<p>As confiss\u00f5es na Par\u00f3quia S\u00e3o Jos\u00e9 e S\u00e3o Gabriel Passionista s\u00e3o momentos de reconcilia\u00e7\u00e3o e renova\u00e7\u00e3o espiritual, onde os fi\u00e9is t\u00eam a oportunidade de receber a gra\u00e7a do perd\u00e3o de Deus. Convidamos todos os fi\u00e9is a aproveitarem essa oportunidade de gra\u00e7a e renova\u00e7\u00e3o, lembrando que a confiss\u00e3o regular \u00e9 um caminho seguro para uma vida [&hellip;]<\/p>\n","protected":false},"author":64,"featured_media":0,"parent":0,"menu_order":0,"comment_status":"closed","ping_status":"closed","template":"","meta":{"_acf_changed":false,"xn-wppe-expiration":[],"xn-wppe-expiration-action":[],"xn-wppe-expiration-prefix":[],"inline_featured_image":false,"footnotes":""},"class_list":["post-43","page","type-page","status-publish","hentry"],"acf":[],"_links":{"self":[{"href":"https:\/\/arquidiocesebh.org.br\/paroquiasaojosesaogabriel\/wp-json\/wp\/v2\/pages\/43","targetHints":{"allow":["GET"]}}],"collection":[{"href":"https:\/\/arquidiocesebh.org.br\/paroquiasaojosesaogabriel\/wp-json\/wp\/v2\/pages"}],"about":[{"href":"https:\/\/arquidiocesebh.org.br\/paroquiasaojosesaogabriel\/wp-json\/wp\/v2\/types\/page"}],"author":[{"embeddable":true,"href":"https:\/\/arquidiocesebh.org.br\/paroquiasaojosesaogabriel\/wp-json\/wp\/v2\/users\/64"}],"replies":[{"embeddable":true,"href":"https:\/\/arquidiocesebh.org.br\/paroquiasaojosesaogabriel\/wp-json\/wp\/v2\/comments?post=43"}],"version-history":[{"count":0,"href":"https:\/\/arquidiocesebh.org.br\/paroquiasaojosesaogabriel\/wp-json\/wp\/v2\/pages\/43\/revisions"}],"wp:attachment":[{"href":"https:\/\/arquidiocesebh.org.br\/paroquiasaojosesaogabriel\/wp-json\/wp\/v2\/media?parent=43"}],"curies":[{"name":"wp","href":"https:\/\/api.w.org\/{rel}","templated":true}]}}