{"id":348,"date":"2022-12-27T16:45:52","date_gmt":"2022-12-27T19:45:52","guid":{"rendered":"http:\/\/arquidiocesebh.org.br\/paroquiasaojosevespasiano\/?page_id=348"},"modified":"2024-05-24T12:05:11","modified_gmt":"2024-05-24T15:05:11","slug":"1a-eucaristia","status":"publish","type":"page","link":"https:\/\/arquidiocesebh.org.br\/paroquiasaojosesaogabriel\/1a-eucaristia\/","title":{"rendered":"1\u00aa Eucaristia"},"content":{"rendered":"<div class=\"flex flex-grow flex-col max-w-full\">\n<div class=\"min-h-[20px] text-message flex flex-col items-start whitespace-pre-wrap break-words [.text-message+&amp;]:mt-5 juice:w-full juice:items-end overflow-x-auto gap-2\" dir=\"auto\" data-message-author-role=\"assistant\" data-message-id=\"4bdaccf4-c651-489c-a54b-e9e1981ba829\">\n<div class=\"flex w-full flex-col gap-1 juice:empty:hidden juice:first:pt-[3px]\">\n<div class=\"markdown prose w-full break-words dark:prose-invert light\">\n<p>A Primeira Eucaristia \u00e9 um marco essencial na vida de um cat\u00f3lico, representando o momento em que a crian\u00e7a, pela primeira vez, recebe o Corpo e o Sangue de Cristo. Na Par\u00f3quia S\u00e3o Jos\u00e9 e S\u00e3o Gabriel Passionista, essa celebra\u00e7\u00e3o \u00e9 vivida com profunda rever\u00eancia e alegria, pois \u00e9 quando os jovens fi\u00e9is se aproximam mais intimamente de Jesus na Eucaristia. Este sacramento \u00e9 um convite a viver a comunh\u00e3o plena com Cristo e a comunidade, refor\u00e7ando os la\u00e7os de f\u00e9 e amor.<\/p>\n<p>O processo de prepara\u00e7\u00e3o para a Primeira Eucaristia na nossa par\u00f3quia \u00e9 cuidadosamente estruturado para garantir que os catequizandos compreendam plenamente a import\u00e2ncia deste sacramento. As aulas de catequese, conduzidas por catequistas dedicados, abordam os ensinamentos de Jesus, o significado da Missa, e a ess\u00eancia da Eucaristia.<\/p>\n<p>Atrav\u00e9s de atividades envolventes e momentos de ora\u00e7\u00e3o, as crian\u00e7as s\u00e3o levadas a uma compreens\u00e3o mais profunda do mist\u00e9rio eucar\u00edstico e da presen\u00e7a real de Cristo. A celebra\u00e7\u00e3o da Primeira Eucaristia \u00e9 um momento de grande felicidade e uni\u00e3o para a comunidade paroquial, marcando um novo cap\u00edtulo na vida espiritual dos jovens e fortalecendo o esp\u00edrito de nossa congrega\u00e7\u00e3o.<\/p>\n<\/div>\n<\/div>\n<\/div>\n<\/div>\n","protected":false},"excerpt":{"rendered":"<p>A Primeira Eucaristia \u00e9 um marco essencial na vida de um cat\u00f3lico, representando o momento em que a crian\u00e7a, pela primeira vez, recebe o Corpo e o Sangue de Cristo. Na Par\u00f3quia S\u00e3o Jos\u00e9 e S\u00e3o Gabriel Passionista, essa celebra\u00e7\u00e3o \u00e9 vivida com profunda rever\u00eancia e alegria, pois \u00e9 quando os jovens fi\u00e9is se aproximam [&hellip;]<\/p>\n","protected":false},"author":64,"featured_media":0,"parent":0,"menu_order":0,"comment_status":"closed","ping_status":"closed","template":"","meta":{"_acf_changed":false,"xn-wppe-expiration":[],"xn-wppe-expiration-action":[],"xn-wppe-expiration-prefix":[],"inline_featured_image":false,"footnotes":""},"class_list":["post-348","page","type-page","status-publish","hentry"],"acf":[],"_links":{"self":[{"href":"https:\/\/arquidiocesebh.org.br\/paroquiasaojosesaogabriel\/wp-json\/wp\/v2\/pages\/348","targetHints":{"allow":["GET"]}}],"collection":[{"href":"https:\/\/arquidiocesebh.org.br\/paroquiasaojosesaogabriel\/wp-json\/wp\/v2\/pages"}],"about":[{"href":"https:\/\/arquidiocesebh.org.br\/paroquiasaojosesaogabriel\/wp-json\/wp\/v2\/types\/page"}],"author":[{"embeddable":true,"href":"https:\/\/arquidiocesebh.org.br\/paroquiasaojosesaogabriel\/wp-json\/wp\/v2\/users\/64"}],"replies":[{"embeddable":true,"href":"https:\/\/arquidiocesebh.org.br\/paroquiasaojosesaogabriel\/wp-json\/wp\/v2\/comments?post=348"}],"version-history":[{"count":0,"href":"https:\/\/arquidiocesebh.org.br\/paroquiasaojosesaogabriel\/wp-json\/wp\/v2\/pages\/348\/revisions"}],"wp:attachment":[{"href":"https:\/\/arquidiocesebh.org.br\/paroquiasaojosesaogabriel\/wp-json\/wp\/v2\/media?parent=348"}],"curies":[{"name":"wp","href":"https:\/\/api.w.org\/{rel}","templated":true}]}}