{"id":346,"date":"2022-12-27T16:44:33","date_gmt":"2022-12-27T19:44:33","guid":{"rendered":"http:\/\/arquidiocesebh.org.br\/paroquiasaojosevespasiano\/?page_id=346"},"modified":"2024-05-24T11:56:31","modified_gmt":"2024-05-24T14:56:31","slug":"crisma","status":"publish","type":"page","link":"https:\/\/arquidiocesebh.org.br\/paroquiasaojosesaogabriel\/crisma\/","title":{"rendered":"Crisma"},"content":{"rendered":"<p>A Crisma, ou Confirma\u00e7\u00e3o, \u00e9 um sacramento de grande import\u00e2ncia na vida crist\u00e3, marcando a maturidade espiritual e a confirma\u00e7\u00e3o dos dons do Esp\u00edrito Santo recebidos no Batismo. Na Par\u00f3quia S\u00e3o Jos\u00e9 e S\u00e3o Gabriel Passionista, a Crisma \u00e9 celebrada com profunda rever\u00eancia e alegria, representando o momento em que os fi\u00e9is renovam e fortalecem seu compromisso com a f\u00e9 cat\u00f3lica. Atrav\u00e9s deste sacramento, os crismandos s\u00e3o chamados a ser testemunhas corajosas de Cristo, assumindo um papel ativo na vida da Igreja e na miss\u00e3o evangelizadora.<\/p>\n<p>Para se preparar adequadamente para a Crisma, a par\u00f3quia oferece um programa de catequese que inclui encontros formativos e reflex\u00f5es b\u00edblicas. Este processo de prepara\u00e7\u00e3o \u00e9 projetado para aprofundar a compreens\u00e3o dos crismandos sobre a f\u00e9 e ajud\u00e1-los a viver plenamente os ensinamentos de Jesus Cristo. Os catequistas e a equipe pastoral acompanham os jovens e adultos em cada etapa, garantindo que estejam prontos para receber o sacramento com consci\u00eancia e devo\u00e7\u00e3o. A celebra\u00e7\u00e3o da Crisma \u00e9 um momento especial de b\u00ean\u00e7\u00e3o e renova\u00e7\u00e3o, fortalecendo a comunidade paroquial e inspirando todos a viverem como verdadeiros disc\u00edpulos de Cristo.<\/p>\n<p>Atualiza\u00e7\u00f5es e previs\u00f5es de novas inscri\u00e7\u00f5es podem ser obtidas pelo telefone da secretaria:<br \/>\n(31) 3383-8272<\/p>\n","protected":false},"excerpt":{"rendered":"<p>A Crisma, ou Confirma\u00e7\u00e3o, \u00e9 um sacramento de grande import\u00e2ncia na vida crist\u00e3, marcando a maturidade espiritual e a confirma\u00e7\u00e3o dos dons do Esp\u00edrito Santo recebidos no Batismo. Na Par\u00f3quia S\u00e3o Jos\u00e9 e S\u00e3o Gabriel Passionista, a Crisma \u00e9 celebrada com profunda rever\u00eancia e alegria, representando o momento em que os fi\u00e9is renovam e fortalecem [&hellip;]<\/p>\n","protected":false},"author":64,"featured_media":0,"parent":0,"menu_order":0,"comment_status":"closed","ping_status":"closed","template":"","meta":{"_acf_changed":false,"xn-wppe-expiration":[],"xn-wppe-expiration-action":[],"xn-wppe-expiration-prefix":[],"inline_featured_image":false,"footnotes":""},"class_list":["post-346","page","type-page","status-publish","hentry"],"acf":[],"_links":{"self":[{"href":"https:\/\/arquidiocesebh.org.br\/paroquiasaojosesaogabriel\/wp-json\/wp\/v2\/pages\/346","targetHints":{"allow":["GET"]}}],"collection":[{"href":"https:\/\/arquidiocesebh.org.br\/paroquiasaojosesaogabriel\/wp-json\/wp\/v2\/pages"}],"about":[{"href":"https:\/\/arquidiocesebh.org.br\/paroquiasaojosesaogabriel\/wp-json\/wp\/v2\/types\/page"}],"author":[{"embeddable":true,"href":"https:\/\/arquidiocesebh.org.br\/paroquiasaojosesaogabriel\/wp-json\/wp\/v2\/users\/64"}],"replies":[{"embeddable":true,"href":"https:\/\/arquidiocesebh.org.br\/paroquiasaojosesaogabriel\/wp-json\/wp\/v2\/comments?post=346"}],"version-history":[{"count":0,"href":"https:\/\/arquidiocesebh.org.br\/paroquiasaojosesaogabriel\/wp-json\/wp\/v2\/pages\/346\/revisions"}],"wp:attachment":[{"href":"https:\/\/arquidiocesebh.org.br\/paroquiasaojosesaogabriel\/wp-json\/wp\/v2\/media?parent=346"}],"curies":[{"name":"wp","href":"https:\/\/api.w.org\/{rel}","templated":true}]}}