{"id":344,"date":"2022-12-27T16:42:50","date_gmt":"2022-12-27T19:42:50","guid":{"rendered":"http:\/\/arquidiocesebh.org.br\/paroquiasaojosevespasiano\/?page_id=344"},"modified":"2024-05-24T11:49:14","modified_gmt":"2024-05-24T14:49:14","slug":"casamentos","status":"publish","type":"page","link":"https:\/\/arquidiocesebh.org.br\/paroquiasaojosesaogabriel\/casamentos\/","title":{"rendered":"Casamentos"},"content":{"rendered":"<div class=\"flex flex-grow flex-col max-w-full\">\n<div class=\"min-h-[20px] text-message flex flex-col items-start whitespace-pre-wrap break-words [.text-message+&amp;]:mt-5 juice:w-full juice:items-end overflow-x-auto gap-2\" dir=\"auto\" data-message-author-role=\"assistant\" data-message-id=\"d6bf5d6f-75c6-4e04-bd74-e019263c2da4\">\n<div class=\"flex w-full flex-col gap-1 juice:empty:hidden juice:first:pt-[3px]\">\n<div class=\"markdown prose w-full break-words dark:prose-invert light\">\n<p>Os casamentos na Par\u00f3quia S\u00e3o Jos\u00e9 e S\u00e3o Gabriel Passionista s\u00e3o momentos de profunda alegria e espiritualidade, onde os noivos se unem em matrim\u00f4nio diante de Deus e da comunidade. A par\u00f3quia oferece um programa de prepara\u00e7\u00e3o matrimonial que ajuda os casais a compreenderem a import\u00e2ncia e a santidade deste sacramento, preparando-os para uma vida conjugal baseada no amor e na f\u00e9 crist\u00e3. Nossa equipe pastoral est\u00e1 dispon\u00edvel para apoiar e orientar os noivos em cada etapa, garantindo que a celebra\u00e7\u00e3o seja personalizada e significativa. Para agendar seu casamento e obter mais informa\u00e7\u00f5es, entre em contato com a secretaria paroquial.<\/p>\n<\/div>\n<\/div>\n<\/div>\n<\/div>\n<div class=\"mt-1 flex gap-3 empty:hidden juice:-ml-3\">\n<div class=\"items-center justify-start rounded-xl p-1 flex\">\n<div class=\"flex items-center\">\n<div class=\"flex items-center pb-0.5 juice:pb-0\">\n<p class=\"[&amp;_svg]:h-full [&amp;_svg]:w-full icon-md h-4 w-4\">Informa\u00e7\u00f5es pelo telefone da secretaria:<br \/>\n(31) 3383-8272<\/p>\n<\/div>\n<\/div>\n<\/div>\n<\/div>\n<div class=\"col-md-5 col-sm-8 col-md-height col-sm-24 col-xs-24\">\n<div class=\"container-item-footer fale-paroquia\">\n<p>&nbsp;<\/p>\n<\/div>\n<\/div>\n","protected":false},"excerpt":{"rendered":"<p>Os casamentos na Par\u00f3quia S\u00e3o Jos\u00e9 e S\u00e3o Gabriel Passionista s\u00e3o momentos de profunda alegria e espiritualidade, onde os noivos se unem em matrim\u00f4nio diante de Deus e da comunidade. A par\u00f3quia oferece um programa de prepara\u00e7\u00e3o matrimonial que ajuda os casais a compreenderem a import\u00e2ncia e a santidade deste sacramento, preparando-os para uma vida [&hellip;]<\/p>\n","protected":false},"author":64,"featured_media":0,"parent":0,"menu_order":0,"comment_status":"closed","ping_status":"closed","template":"","meta":{"_acf_changed":false,"xn-wppe-expiration":[],"xn-wppe-expiration-action":[],"xn-wppe-expiration-prefix":[],"inline_featured_image":false,"footnotes":""},"class_list":["post-344","page","type-page","status-publish","hentry"],"acf":[],"_links":{"self":[{"href":"https:\/\/arquidiocesebh.org.br\/paroquiasaojosesaogabriel\/wp-json\/wp\/v2\/pages\/344","targetHints":{"allow":["GET"]}}],"collection":[{"href":"https:\/\/arquidiocesebh.org.br\/paroquiasaojosesaogabriel\/wp-json\/wp\/v2\/pages"}],"about":[{"href":"https:\/\/arquidiocesebh.org.br\/paroquiasaojosesaogabriel\/wp-json\/wp\/v2\/types\/page"}],"author":[{"embeddable":true,"href":"https:\/\/arquidiocesebh.org.br\/paroquiasaojosesaogabriel\/wp-json\/wp\/v2\/users\/64"}],"replies":[{"embeddable":true,"href":"https:\/\/arquidiocesebh.org.br\/paroquiasaojosesaogabriel\/wp-json\/wp\/v2\/comments?post=344"}],"version-history":[{"count":0,"href":"https:\/\/arquidiocesebh.org.br\/paroquiasaojosesaogabriel\/wp-json\/wp\/v2\/pages\/344\/revisions"}],"wp:attachment":[{"href":"https:\/\/arquidiocesebh.org.br\/paroquiasaojosesaogabriel\/wp-json\/wp\/v2\/media?parent=344"}],"curies":[{"name":"wp","href":"https:\/\/api.w.org\/{rel}","templated":true}]}}