{"id":320,"date":"2022-12-27T14:21:19","date_gmt":"2022-12-27T17:21:19","guid":{"rendered":"http:\/\/arquidiocesebh.org.br\/paroquiasaojosevespasiano\/?page_id=320"},"modified":"2024-05-23T16:36:36","modified_gmt":"2024-05-23T19:36:36","slug":"batizados","status":"publish","type":"page","link":"https:\/\/arquidiocesebh.org.br\/paroquiasaojosesaogabriel\/batizados\/","title":{"rendered":"Batizados"},"content":{"rendered":"<div class=\"flex flex-grow flex-col max-w-full\">\n<div class=\"min-h-[20px] text-message flex flex-col items-start whitespace-pre-wrap break-words [.text-message+&amp;]:mt-5 juice:w-full juice:items-end overflow-x-auto gap-2\" dir=\"auto\" data-message-author-role=\"assistant\" data-message-id=\"45e59fac-1324-4522-9d5a-d241eef64e27\">\n<div class=\"flex w-full flex-col gap-1 juice:empty:hidden juice:first:pt-[3px]\">\n<div class=\"markdown prose w-full break-words dark:prose-invert light\">\n<p>O Batismo \u00e9 o primeiro e fundamental sacramento da f\u00e9 crist\u00e3, marcando o in\u00edcio da vida espiritual e a incorpora\u00e7\u00e3o na comunidade da Igreja. Na Par\u00f3quia S\u00e3o Jos\u00e9 e S\u00e3o Gabriel Passionista, o Batismo \u00e9 celebrado com grande alegria e rever\u00eancia, reconhecendo-o como o momento em que a pessoa se torna filho de Deus e membro do Corpo de Cristo.<\/p>\n<p>Este sacramento \u00e9 um ato de f\u00e9 e amor, onde, atrav\u00e9s da \u00e1gua e das palavras sacramentais, o batizando \u00e9 purificado do pecado original, recebe a gra\u00e7a santificante e \u00e9 acolhido na fam\u00edlia de Deus. Pais e padrinhos, ao apresentarem a crian\u00e7a para o Batismo, assumem a responsabilidade de educ\u00e1-la na f\u00e9 crist\u00e3, guiando-a no caminho da santidade e da viv\u00eancia dos valores do Evangelho.<\/p>\n<p>A Par\u00f3quia S\u00e3o Jos\u00e9 e S\u00e3o Gabriel Passionista oferece um programa de prepara\u00e7\u00e3o para pais e padrinhos, proporcionando uma compreens\u00e3o profunda do significado e da import\u00e2ncia do Batismo. Esta prepara\u00e7\u00e3o \u00e9 essencial para garantir que o sacramento seja celebrado de maneira consciente e respons\u00e1vel, fortalecendo os la\u00e7os espirituais e comunit\u00e1rios.<\/p>\n<p>Convidamos todas as fam\u00edlias a entrarem em contato com a secretaria paroquial para informa\u00e7\u00f5es sobre a prepara\u00e7\u00e3o e agendamento do Batismo. Venha celebrar este sacramento de inicia\u00e7\u00e3o crist\u00e3 conosco e testemunhe a entrada de novos membros na nossa comunidade de f\u00e9, renovando a alegria e a esperan\u00e7a em Cristo.<\/p>\n<\/div>\n<\/div>\n<\/div>\n<\/div>\n<p>&nbsp;<\/p>\n<p><strong>Informa\u00e7\u00f5es para inscri\u00e7\u00e3o:<\/strong><\/p>\n<p>&#8211; Deve ser feita na secretaria da Par\u00f3quia, pelo pai ou pela m\u00e3e da crian\u00e7a, com a certid\u00e3o de nascimento da crian\u00e7a, comprovante de endere\u00e7o e documento de identidade dos pais e padrinhos de batismo.<br \/>\nOs padrinhos devem ser cat\u00f3licos e crismados, al\u00e9m de ter 16 anos completos.<\/p>\n","protected":false},"excerpt":{"rendered":"<p>O Batismo \u00e9 o primeiro e fundamental sacramento da f\u00e9 crist\u00e3, marcando o in\u00edcio da vida espiritual e a incorpora\u00e7\u00e3o na comunidade da Igreja. Na Par\u00f3quia S\u00e3o Jos\u00e9 e S\u00e3o Gabriel Passionista, o Batismo \u00e9 celebrado com grande alegria e rever\u00eancia, reconhecendo-o como o momento em que a pessoa se torna filho de Deus e [&hellip;]<\/p>\n","protected":false},"author":64,"featured_media":0,"parent":0,"menu_order":0,"comment_status":"closed","ping_status":"closed","template":"","meta":{"_acf_changed":false,"xn-wppe-expiration":[],"xn-wppe-expiration-action":[],"xn-wppe-expiration-prefix":[],"inline_featured_image":false,"footnotes":""},"class_list":["post-320","page","type-page","status-publish","hentry"],"acf":[],"_links":{"self":[{"href":"https:\/\/arquidiocesebh.org.br\/paroquiasaojosesaogabriel\/wp-json\/wp\/v2\/pages\/320","targetHints":{"allow":["GET"]}}],"collection":[{"href":"https:\/\/arquidiocesebh.org.br\/paroquiasaojosesaogabriel\/wp-json\/wp\/v2\/pages"}],"about":[{"href":"https:\/\/arquidiocesebh.org.br\/paroquiasaojosesaogabriel\/wp-json\/wp\/v2\/types\/page"}],"author":[{"embeddable":true,"href":"https:\/\/arquidiocesebh.org.br\/paroquiasaojosesaogabriel\/wp-json\/wp\/v2\/users\/64"}],"replies":[{"embeddable":true,"href":"https:\/\/arquidiocesebh.org.br\/paroquiasaojosesaogabriel\/wp-json\/wp\/v2\/comments?post=320"}],"version-history":[{"count":0,"href":"https:\/\/arquidiocesebh.org.br\/paroquiasaojosesaogabriel\/wp-json\/wp\/v2\/pages\/320\/revisions"}],"wp:attachment":[{"href":"https:\/\/arquidiocesebh.org.br\/paroquiasaojosesaogabriel\/wp-json\/wp\/v2\/media?parent=320"}],"curies":[{"name":"wp","href":"https:\/\/api.w.org\/{rel}","templated":true}]}}