{"id":67,"date":"2017-06-16T12:08:28","date_gmt":"2017-06-16T15:08:28","guid":{"rendered":"http:\/\/arquidiocesebh.org.br\/paroquia-sao-goncalo\/?page_id=67"},"modified":"2024-04-15T16:14:59","modified_gmt":"2024-04-15T19:14:59","slug":"secretaria","status":"publish","type":"page","link":"https:\/\/arquidiocesebh.org.br\/paroquiasantateresadecalcuta\/paroquia\/secretaria\/","title":{"rendered":"Secretaria"},"content":{"rendered":"<p>A Secretaria Paroquial da Par\u00f3quia Santa Teresa de Calcut\u00e1 tem o prazer de atender a comunidade local e oferecer suporte aos fi\u00e9is durante os seguintes hor\u00e1rios de funcionamento.<\/p>\n<p>De ter\u00e7a a sexta-feira, nossas portas est\u00e3o abertas das 8h \u00e0s 12h e das 13h \u00e0s 17h, proporcionando um amplo per\u00edodo para assist\u00eancia pastoral, agendamento de sacramentos e outras necessidades administrativas.<\/p>\n<p>Aos s\u00e1bados, a Secretaria continua dispon\u00edvel no per\u00edodo da manh\u00e3, das 8h \u00e0s 12h, para garantir que os membros da comunidade tenham acesso aos servi\u00e7os e informa\u00e7\u00f5es que precisam durante o fim de semana. Estamos comprometidos em servir com efici\u00eancia e dedica\u00e7\u00e3o, proporcionando um ambiente acolhedor para todos aqueles que buscam a orienta\u00e7\u00e3o e o apoio da igreja.<\/p>\n<p>&nbsp;<\/p>\n","protected":false},"excerpt":{"rendered":"<p>A Secretaria Paroquial da Par\u00f3quia Santa Teresa de Calcut\u00e1 tem o prazer de atender a comunidade local e oferecer suporte aos fi\u00e9is durante os seguintes hor\u00e1rios de funcionamento. De ter\u00e7a a sexta-feira, nossas portas est\u00e3o abertas das 8h \u00e0s 12h e das 13h \u00e0s 17h, proporcionando um amplo per\u00edodo para assist\u00eancia pastoral, agendamento de sacramentos [&hellip;]<\/p>\n","protected":false},"author":64,"featured_media":0,"parent":51,"menu_order":0,"comment_status":"closed","ping_status":"closed","template":"","meta":{"_acf_changed":false,"xn-wppe-expiration":[],"xn-wppe-expiration-action":[],"xn-wppe-expiration-prefix":[],"inline_featured_image":false,"footnotes":""},"class_list":["post-67","page","type-page","status-publish","hentry"],"acf":[],"_links":{"self":[{"href":"https:\/\/arquidiocesebh.org.br\/paroquiasantateresadecalcuta\/wp-json\/wp\/v2\/pages\/67","targetHints":{"allow":["GET"]}}],"collection":[{"href":"https:\/\/arquidiocesebh.org.br\/paroquiasantateresadecalcuta\/wp-json\/wp\/v2\/pages"}],"about":[{"href":"https:\/\/arquidiocesebh.org.br\/paroquiasantateresadecalcuta\/wp-json\/wp\/v2\/types\/page"}],"author":[{"embeddable":true,"href":"https:\/\/arquidiocesebh.org.br\/paroquiasantateresadecalcuta\/wp-json\/wp\/v2\/users\/64"}],"replies":[{"embeddable":true,"href":"https:\/\/arquidiocesebh.org.br\/paroquiasantateresadecalcuta\/wp-json\/wp\/v2\/comments?post=67"}],"version-history":[{"count":0,"href":"https:\/\/arquidiocesebh.org.br\/paroquiasantateresadecalcuta\/wp-json\/wp\/v2\/pages\/67\/revisions"}],"up":[{"embeddable":true,"href":"https:\/\/arquidiocesebh.org.br\/paroquiasantateresadecalcuta\/wp-json\/wp\/v2\/pages\/51"}],"wp:attachment":[{"href":"https:\/\/arquidiocesebh.org.br\/paroquiasantateresadecalcuta\/wp-json\/wp\/v2\/media?parent=67"}],"curies":[{"name":"wp","href":"https:\/\/api.w.org\/{rel}","templated":true}]}}