{"id":43,"date":"2017-06-16T12:03:13","date_gmt":"2017-06-16T15:03:13","guid":{"rendered":"http:\/\/arquidiocesebh.org.br\/paroquia-sao-goncalo\/?page_id=43"},"modified":"2024-04-15T16:01:05","modified_gmt":"2024-04-15T19:01:05","slug":"confissoes","status":"publish","type":"page","link":"https:\/\/arquidiocesebh.org.br\/paroquiasantateresadecalcuta\/confissoes\/","title":{"rendered":"Confiss\u00f5es"},"content":{"rendered":"<p>As confiss\u00f5es na Par\u00f3quia Santa Teresa de Calcut\u00e1 s\u00e3o uma oportunidade regular para os fi\u00e9is se reconciliarem com Deus e a comunidade. Normalmente realizadas em hor\u00e1rios espec\u00edficos durante a semana, as confiss\u00f5es oferecem aos fi\u00e9is a chance de confessar seus pecados, receber a absolvi\u00e7\u00e3o sacramental e renovar sua rela\u00e7\u00e3o com Deus.<\/p>\n<p><strong>Individual: <\/strong>Agendamento por telefone. Tel.: 3531-5481 \/ 98611-8672<\/p>\n<p><strong>Data: Ter\u00e7a, Quarta e Quinta<\/strong><\/p>\n<p>Hor\u00e1rio: 14h \u00e0s 17h (ter\u00e7a e quarta) \u2013 8h \u00e0s 12h (quinta)<\/p>\n","protected":false},"excerpt":{"rendered":"<p>As confiss\u00f5es na Par\u00f3quia Santa Teresa de Calcut\u00e1 s\u00e3o uma oportunidade regular para os fi\u00e9is se reconciliarem com Deus e a comunidade. Normalmente realizadas em hor\u00e1rios espec\u00edficos durante a semana, as confiss\u00f5es oferecem aos fi\u00e9is a chance de confessar seus pecados, receber a absolvi\u00e7\u00e3o sacramental e renovar sua rela\u00e7\u00e3o com Deus. Individual: Agendamento por telefone. [&hellip;]<\/p>\n","protected":false},"author":64,"featured_media":0,"parent":0,"menu_order":0,"comment_status":"closed","ping_status":"closed","template":"","meta":{"_acf_changed":false,"xn-wppe-expiration":[],"xn-wppe-expiration-action":[],"xn-wppe-expiration-prefix":[],"inline_featured_image":false,"footnotes":""},"class_list":["post-43","page","type-page","status-publish","hentry"],"acf":[],"_links":{"self":[{"href":"https:\/\/arquidiocesebh.org.br\/paroquiasantateresadecalcuta\/wp-json\/wp\/v2\/pages\/43","targetHints":{"allow":["GET"]}}],"collection":[{"href":"https:\/\/arquidiocesebh.org.br\/paroquiasantateresadecalcuta\/wp-json\/wp\/v2\/pages"}],"about":[{"href":"https:\/\/arquidiocesebh.org.br\/paroquiasantateresadecalcuta\/wp-json\/wp\/v2\/types\/page"}],"author":[{"embeddable":true,"href":"https:\/\/arquidiocesebh.org.br\/paroquiasantateresadecalcuta\/wp-json\/wp\/v2\/users\/64"}],"replies":[{"embeddable":true,"href":"https:\/\/arquidiocesebh.org.br\/paroquiasantateresadecalcuta\/wp-json\/wp\/v2\/comments?post=43"}],"version-history":[{"count":0,"href":"https:\/\/arquidiocesebh.org.br\/paroquiasantateresadecalcuta\/wp-json\/wp\/v2\/pages\/43\/revisions"}],"wp:attachment":[{"href":"https:\/\/arquidiocesebh.org.br\/paroquiasantateresadecalcuta\/wp-json\/wp\/v2\/media?parent=43"}],"curies":[{"name":"wp","href":"https:\/\/api.w.org\/{rel}","templated":true}]}}