{"id":344,"date":"2022-12-27T16:42:50","date_gmt":"2022-12-27T19:42:50","guid":{"rendered":"http:\/\/arquidiocesebh.org.br\/paroquiasaojosevespasiano\/?page_id=344"},"modified":"2024-04-16T13:19:22","modified_gmt":"2024-04-16T16:19:22","slug":"casamentos","status":"publish","type":"page","link":"https:\/\/arquidiocesebh.org.br\/paroquiasantateresadecalcuta\/casamentos\/","title":{"rendered":"Casamentos"},"content":{"rendered":"<p>Na Par\u00f3quia Santa Teresa de Calcut\u00e1, o casamento \u00e9 mais do que apenas um evento.<\/p>\n<p>\u00c9 um momento de alegria e compromisso, onde o casal se une perante Deus e a comunidade.<\/p>\n<p>Para marcar uma cerim\u00f4nia, os noivos devem entrar em contato com a secretaria paroquial para orienta\u00e7\u00f5es sobre os requisitos necess\u00e1rios.<\/p>\n<p>No dia da cerim\u00f4nia, o casal \u00e9 aben\u00e7oado diante de Deus e dos familiares, iniciando uma nova jornada juntos, fundamentada no amor e na f\u00e9.<\/p>\n<p>Entre em contato pelo telefone (31) 3531-5481 ou presencialmente na secretaria paroquial.<\/p>\n","protected":false},"excerpt":{"rendered":"<p>Na Par\u00f3quia Santa Teresa de Calcut\u00e1, o casamento \u00e9 mais do que apenas um evento. \u00c9 um momento de alegria e compromisso, onde o casal se une perante Deus e a comunidade. Para marcar uma cerim\u00f4nia, os noivos devem entrar em contato com a secretaria paroquial para orienta\u00e7\u00f5es sobre os requisitos necess\u00e1rios. No dia da [&hellip;]<\/p>\n","protected":false},"author":64,"featured_media":0,"parent":0,"menu_order":0,"comment_status":"closed","ping_status":"closed","template":"","meta":{"_acf_changed":false,"xn-wppe-expiration":[],"xn-wppe-expiration-action":[],"xn-wppe-expiration-prefix":[],"inline_featured_image":false,"footnotes":""},"class_list":["post-344","page","type-page","status-publish","hentry"],"acf":[],"_links":{"self":[{"href":"https:\/\/arquidiocesebh.org.br\/paroquiasantateresadecalcuta\/wp-json\/wp\/v2\/pages\/344","targetHints":{"allow":["GET"]}}],"collection":[{"href":"https:\/\/arquidiocesebh.org.br\/paroquiasantateresadecalcuta\/wp-json\/wp\/v2\/pages"}],"about":[{"href":"https:\/\/arquidiocesebh.org.br\/paroquiasantateresadecalcuta\/wp-json\/wp\/v2\/types\/page"}],"author":[{"embeddable":true,"href":"https:\/\/arquidiocesebh.org.br\/paroquiasantateresadecalcuta\/wp-json\/wp\/v2\/users\/64"}],"replies":[{"embeddable":true,"href":"https:\/\/arquidiocesebh.org.br\/paroquiasantateresadecalcuta\/wp-json\/wp\/v2\/comments?post=344"}],"version-history":[{"count":0,"href":"https:\/\/arquidiocesebh.org.br\/paroquiasantateresadecalcuta\/wp-json\/wp\/v2\/pages\/344\/revisions"}],"wp:attachment":[{"href":"https:\/\/arquidiocesebh.org.br\/paroquiasantateresadecalcuta\/wp-json\/wp\/v2\/media?parent=344"}],"curies":[{"name":"wp","href":"https:\/\/api.w.org\/{rel}","templated":true}]}}