{"id":801,"date":"2017-04-10T16:27:22","date_gmt":"2017-04-10T19:27:22","guid":{"rendered":"http:\/\/arquidiocesebh.org.br\/modelo-paroquia2020\/pastoral-do-dizimo\/"},"modified":"2020-06-18T16:35:29","modified_gmt":"2020-06-18T19:35:29","slug":"pastoral-do-dizimo","status":"publish","type":"page","link":"https:\/\/arquidiocesebh.org.br\/paroquianossasenhoradefatima\/pastoral-do-dizimo\/","title":{"rendered":"Pastoral do D\u00edzimo"},"content":{"rendered":"<p><span style=\"color: #1facdb;\"><strong><span style=\"font-size: 14pt;\">\u00a0<\/span><\/strong><\/span><\/p>\n<p><img loading=\"lazy\" decoding=\"async\" class=\"aligncenter wp-image-5882 size-full\" src=\"http:\/\/arquidiocesebh.org.br\/sagrada-familia\/wp-content\/uploads\/sites\/36\/2020\/06\/dizimo-2019-cabecalho.jpg\" alt=\"\" width=\"1500\" height=\"563\" \/><\/p>\n<p style=\"text-align: left;\">A Pastoral do D\u00edzimo tem por objetivo levar aos fi\u00e9is o verdadeiro sentido de participa\u00e7\u00e3o na sociedade crist\u00e3 \u2013 a Igreja \u2013 da qual cada batizado \u00e9 parte. O d\u00edzimo objetiva atender a tr\u00eas dimens\u00f5es na Igreja:<\/p>\n<p style=\"text-align: left;\"><strong><img loading=\"lazy\" decoding=\"async\" class=\"alignleft size-full wp-image-6655\" src=\"http:\/\/arquidiocesebh.org.br\/sagrada-familia\/wp-content\/uploads\/sites\/36\/2020\/06\/dizimo-2019-maos-que-partilham-224x179.jpg\" alt=\"\" width=\"224\" height=\"179\" \/><span style=\"color: #1facdb;\">Dimens\u00e3o Caritativa\/Social:\u00a0<\/span><\/strong><\/p>\n<p style=\"text-align: left;\">O dizimista cuida, tem empatia e compaix\u00e3o por aqueles que sofrem. Com o d\u00edzimo, a Igreja continua a miss\u00e3o de Jesus, no cuidado com os pobres. As par\u00f3quias destinam uma porcentagem do d\u00edzimo recebido para a\u00e7\u00f5es sociais e de apoio \u00e0 promo\u00e7\u00e3o humana.<\/p>\n<p>&nbsp;<\/p>\n<p>&nbsp;<\/p>\n<p><img loading=\"lazy\" decoding=\"async\" class=\"alignleft size-full wp-image-6654\" src=\"http:\/\/arquidiocesebh.org.br\/sagrada-familia\/wp-content\/uploads\/sites\/36\/2020\/06\/dizimo-2019-maos-que-evangelizam-224x179.jpg\" alt=\"\" width=\"224\" height=\"179\" \/><\/p>\n<p><strong><span style=\"color: #1facdb;\">Dimens\u00e3o Mission\u00e1ria:\u00a0<\/span><\/strong><\/p>\n<p style=\"text-align: left;\">O dizimista professa e testemunha a Palavra de Deus. Com o d\u00edzimo, as par\u00f3quias podem organizar momentos formativos e catequ\u00e9ticos com o objetivo de promover o aprofundamento da comunh\u00e3o e da partilha, sustentando as pastorais e capacitando os leigos e leigas para a miss\u00e3o.<\/p>\n<p>&nbsp;<\/p>\n<p>&nbsp;<\/p>\n<p><strong><span style=\"color: #1facdb;\"><img loading=\"lazy\" decoding=\"async\" class=\"alignleft size-full wp-image-6653\" src=\"http:\/\/arquidiocesebh.org.br\/sagrada-familia\/wp-content\/uploads\/sites\/36\/2020\/06\/dizimo-2019-maos-que-celebram-224x179.jpg\" alt=\"\" width=\"224\" height=\"179\" \/>Dimens\u00f5es Religiosa e Eclesial:\u00a0<\/span><\/strong><\/p>\n<p style=\"text-align: left;\">O dizimista celebra em comunidade e fortalece a vida comunit\u00e1ria. Com o d\u00edzimo, a par\u00f3quia pode adquirir materiais lit\u00fargicos, al\u00e9m de cumprir com os seus compromissos administrativos e adquirir novos espa\u00e7os para igrejas e sal\u00f5es comunit\u00e1rios.<\/p>\n<p>&nbsp;<\/p>\n<p>&nbsp;<\/p>\n<p><span style=\"color: #1facdb;\"><strong><span style=\"font-size: 14pt;\">ARTIGOS<\/span><\/strong><\/span><\/p>\n<p><span style=\"color: #0000ff;\"><a style=\"color: #0000ff;\" href=\"http:\/\/arquidiocesebh.org.br\/noticias\/artigo-o-dizimista-ve-sente-compaixao-e-cuida-renata-senhorinha-santiago-pastoral-do-dizimo-da-arquidiocese-de-bh\/\" target=\"_blank\" rel=\"noopener noreferrer\"><img loading=\"lazy\" decoding=\"async\" class=\"alignleft wp-image-6342\" src=\"http:\/\/arquidiocesebh.org.br\/modelo-paroquia2020\/wp-content\/uploads\/sites\/37\/2020\/03\/sem-titulo-copia.jpg\" alt=\"\" width=\"99\" height=\"99\" \/>O dizimista v\u00ea, sente compaix\u00e3o e cuida\u00a0<\/a><\/span><\/p>\n<p>Por meio do d\u00edzimo, que \u00e9 uma contribui\u00e7\u00e3o motivada pela f\u00e9, os fi\u00e9is vivenciam a comunh\u00e3o, a participa\u00e7\u00e3o e a corresponsabilidade na evangeliza\u00e7\u00e3o.<\/p>\n<p>&nbsp;<\/p>\n<p><a href=\"http:\/\/arquidiocesebh.org.br\/?post_type=noticias&amp;p=61660?utm_source=newsletter&amp;utm_campaign\"><img loading=\"lazy\" decoding=\"async\" class=\"alignleft wp-image-5036\" src=\"http:\/\/arquidiocesebh.org.br\/modelo-paroquia2020\/wp-content\/uploads\/sites\/37\/2018\/12\/4996-copia-150x150.jpg\" alt=\"\" width=\"99\" height=\"99\" srcset=\"https:\/\/arquidiocesebh.org.br\/paroquianossasenhoradefatima\/wp-content\/uploads\/sites\/75\/2018\/12\/4996-copia-150x150.jpg 150w, https:\/\/arquidiocesebh.org.br\/paroquianossasenhoradefatima\/wp-content\/uploads\/sites\/75\/2018\/12\/4996-copia-300x300.jpg 300w, https:\/\/arquidiocesebh.org.br\/paroquianossasenhoradefatima\/wp-content\/uploads\/sites\/75\/2018\/12\/4996-copia-107x107.jpg 107w, https:\/\/arquidiocesebh.org.br\/paroquianossasenhoradefatima\/wp-content\/uploads\/sites\/75\/2018\/12\/4996-copia-204x204.jpg 204w, https:\/\/arquidiocesebh.org.br\/paroquianossasenhoradefatima\/wp-content\/uploads\/sites\/75\/2018\/12\/4996-copia-209x209.jpg 209w, https:\/\/arquidiocesebh.org.br\/paroquianossasenhoradefatima\/wp-content\/uploads\/sites\/75\/2018\/12\/4996-copia-157x157.jpg 157w, https:\/\/arquidiocesebh.org.br\/paroquianossasenhoradefatima\/wp-content\/uploads\/sites\/75\/2018\/12\/4996-copia-88x88.jpg 88w, https:\/\/arquidiocesebh.org.br\/paroquianossasenhoradefatima\/wp-content\/uploads\/sites\/75\/2018\/12\/4996-copia-42x42.jpg 42w, https:\/\/arquidiocesebh.org.br\/paroquianossasenhoradefatima\/wp-content\/uploads\/sites\/75\/2018\/12\/4996-copia.jpg 327w\" sizes=\"auto, (max-width: 99px) 100vw, 99px\" \/>A pr\u00e1tica do d\u00edzimo e a cidadania <\/a><br \/>\nO d\u00edzimo n\u00e3o serve apenas para fortalecer o setor econ\u00f4mico das par\u00f3quias, ele tem a propriedade de formar cidad\u00e3os &#8230;<\/p>\n<p>&nbsp;<\/p>\n<p><a href=\"http:\/\/arquidiocesebh.org.br\/noticias\/pastoral-do-dizimo-busca-a-interacao-outras-pastorais-na-acao-evangelizadora\/\"><img loading=\"lazy\" decoding=\"async\" class=\"alignleft wp-image-62495\" src=\"http:\/\/arquidiocesebh.org.br\/wp-content\/uploads\/2018\/06\/dizimo7-opiniao.jpg\" alt=\"\" width=\"99\" height=\"99\" \/>Pastoral do D\u00edzimo busca a intera\u00e7\u00e3o com outras pastorais <\/a><br \/>\nEste \u00e9 o desafio na Par\u00f3quia Nossa Senhora do Ros\u00e1rio de Pompeia: fortalecer o trabalho conjunto, envolvendo as demais pastorais em sua a\u00e7\u00e3o evangelizadora.<\/p>\n<p>&nbsp;<\/p>\n<p><a href=\"http:\/\/arquidiocesebh.org.br\/noticias\/artigo-dizimo-gratidao-fe-e-encontro-com-deus-padre-vicente-menezes-paroquia-nossa-senhora-aparecida-santa-luzia\/\"><img loading=\"lazy\" decoding=\"async\" class=\"alignleft size-full wp-image-5029\" src=\"http:\/\/arquidiocesebh.org.br\/modelo-paroquia2020\/wp-content\/uploads\/sites\/37\/2018\/12\/dizimo-e1464984693825-copia.jpg\" alt=\"\" width=\"99\" height=\"99\" srcset=\"https:\/\/arquidiocesebh.org.br\/paroquianossasenhoradefatima\/wp-content\/uploads\/sites\/75\/2018\/12\/dizimo-e1464984693825-copia.jpg 99w, https:\/\/arquidiocesebh.org.br\/paroquianossasenhoradefatima\/wp-content\/uploads\/sites\/75\/2018\/12\/dizimo-e1464984693825-copia-88x88.jpg 88w, https:\/\/arquidiocesebh.org.br\/paroquianossasenhoradefatima\/wp-content\/uploads\/sites\/75\/2018\/12\/dizimo-e1464984693825-copia-42x42.jpg 42w\" sizes=\"auto, (max-width: 99px) 100vw, 99px\" \/>D\u00edzimo: gratid\u00e3o, f\u00e9 e encontro com Deus<\/a><\/p>\n<p>O cora\u00e7\u00e3o humano, movido pela gratid\u00e3o, reconheceu a import\u00e2ncia do criador. Tudo \u00e9 do Pai! Assim, nasceu o d\u00edzimo. Uma resposta amorosa de quem se sentiu amado&#8230;<\/p>\n<p>&nbsp;<\/p>\n<p><a href=\"http:\/\/arquidiocesebh.org.br\/noticias\/pastoral-do-dizimo-garante-manutencao-e-promove-a-evangelizacao-na-paroquia-sao-bernardo\/\"><img loading=\"lazy\" decoding=\"async\" class=\"alignleft wp-image-5028\" src=\"http:\/\/arquidiocesebh.org.br\/modelo-paroquia2020\/wp-content\/uploads\/sites\/37\/2018\/12\/foto-12-copia.jpg\" alt=\"\" width=\"106\" height=\"106\" srcset=\"https:\/\/arquidiocesebh.org.br\/paroquianossasenhoradefatima\/wp-content\/uploads\/sites\/75\/2018\/12\/foto-12-copia.jpg 99w, https:\/\/arquidiocesebh.org.br\/paroquianossasenhoradefatima\/wp-content\/uploads\/sites\/75\/2018\/12\/foto-12-copia-88x88.jpg 88w, https:\/\/arquidiocesebh.org.br\/paroquianossasenhoradefatima\/wp-content\/uploads\/sites\/75\/2018\/12\/foto-12-copia-42x42.jpg 42w\" sizes=\"auto, (max-width: 106px) 100vw, 106px\" \/> Dizimistas garantem manuten\u00e7\u00e3o da Par\u00f3quia S\u00e3o Bernardo e promovem a evangeliza\u00e7\u00e3o<\/a><\/p>\n<p>A Pastoral do D\u00edzimo na Par\u00f3quia, situada na regi\u00e3o norte de BH, conta com a dedica\u00e7\u00e3o de 45 agentes atuantes.<\/p>\n<p>&nbsp;<\/p>\n<p><a href=\"http:\/\/arquidiocesebh.org.br\/?post_type=noticias&amp;p=65451&amp;preview=true\">D\u00edzimo, express\u00e3o de alegria<\/a><a href=\"http:\/\/arquidiocesebh.org.br\/?post_type=noticias&amp;p=65451&amp;preview=true\"><img loading=\"lazy\" decoding=\"async\" class=\"alignleft wp-image-5026 \" src=\"http:\/\/arquidiocesebh.org.br\/modelo-paroquia2020\/wp-content\/uploads\/sites\/37\/2018\/12\/aaaaaaaaaa.jpg\" alt=\"\" width=\"99\" height=\"99\" srcset=\"https:\/\/arquidiocesebh.org.br\/paroquianossasenhoradefatima\/wp-content\/uploads\/sites\/75\/2018\/12\/aaaaaaaaaa.jpg 305w, https:\/\/arquidiocesebh.org.br\/paroquianossasenhoradefatima\/wp-content\/uploads\/sites\/75\/2018\/12\/aaaaaaaaaa-150x150.jpg 150w, https:\/\/arquidiocesebh.org.br\/paroquianossasenhoradefatima\/wp-content\/uploads\/sites\/75\/2018\/12\/aaaaaaaaaa-300x300.jpg 300w, https:\/\/arquidiocesebh.org.br\/paroquianossasenhoradefatima\/wp-content\/uploads\/sites\/75\/2018\/12\/aaaaaaaaaa-107x107.jpg 107w, https:\/\/arquidiocesebh.org.br\/paroquianossasenhoradefatima\/wp-content\/uploads\/sites\/75\/2018\/12\/aaaaaaaaaa-204x204.jpg 204w, https:\/\/arquidiocesebh.org.br\/paroquianossasenhoradefatima\/wp-content\/uploads\/sites\/75\/2018\/12\/aaaaaaaaaa-209x209.jpg 209w, https:\/\/arquidiocesebh.org.br\/paroquianossasenhoradefatima\/wp-content\/uploads\/sites\/75\/2018\/12\/aaaaaaaaaa-157x157.jpg 157w, https:\/\/arquidiocesebh.org.br\/paroquianossasenhoradefatima\/wp-content\/uploads\/sites\/75\/2018\/12\/aaaaaaaaaa-88x88.jpg 88w, https:\/\/arquidiocesebh.org.br\/paroquianossasenhoradefatima\/wp-content\/uploads\/sites\/75\/2018\/12\/aaaaaaaaaa-42x42.jpg 42w\" sizes=\"auto, (max-width: 99px) 100vw, 99px\" \/><\/a><\/p>\n<p>Ser dizimista, partilhar com alegria, \u00e9 uma forma de dar sequ\u00eancia \u00e0 Miss\u00e3o de Jesus, contribuindo com o processo de evangeliza\u00e7\u00e3o.<\/p>\n<p>&nbsp;<\/p>\n<p><img loading=\"lazy\" decoding=\"async\" class=\"alignleft size-full wp-image-5025\" src=\"http:\/\/arquidiocesebh.org.br\/modelo-paroquia2020\/wp-content\/uploads\/sites\/37\/2018\/12\/pag-dizimo-copia.jpg\" alt=\"\" width=\"99\" height=\"99\" srcset=\"https:\/\/arquidiocesebh.org.br\/paroquianossasenhoradefatima\/wp-content\/uploads\/sites\/75\/2018\/12\/pag-dizimo-copia.jpg 99w, https:\/\/arquidiocesebh.org.br\/paroquianossasenhoradefatima\/wp-content\/uploads\/sites\/75\/2018\/12\/pag-dizimo-copia-88x88.jpg 88w, https:\/\/arquidiocesebh.org.br\/paroquianossasenhoradefatima\/wp-content\/uploads\/sites\/75\/2018\/12\/pag-dizimo-copia-42x42.jpg 42w\" sizes=\"auto, (max-width: 99px) 100vw, 99px\" \/><a href=\"http:\/\/arquidiocesebh.org.br\/?post_type=noticias&amp;p=66416\">O que pode ser considerado d\u00edzimo?<\/a><\/p>\n<p>O tempo dedicado aos trabalhos da Igreja pode ser considerado d\u00edzimo? Esse \u00e9 um assunto que gera bastante d\u00favida quando se reflete sobre o d\u00edzimo.<\/p>\n<p>&nbsp;<\/p>\n<p><img loading=\"lazy\" decoding=\"async\" class=\"alignleft wp-image-5008 \" src=\"http:\/\/arquidiocesebh.org.br\/modelo-paroquia2020\/wp-content\/uploads\/sites\/37\/2018\/12\/samaritana-600x395-copia.jpg\" alt=\"\" width=\"99\" height=\"99\" srcset=\"https:\/\/arquidiocesebh.org.br\/paroquianossasenhoradefatima\/wp-content\/uploads\/sites\/75\/2018\/12\/samaritana-600x395-copia.jpg 199w, https:\/\/arquidiocesebh.org.br\/paroquianossasenhoradefatima\/wp-content\/uploads\/sites\/75\/2018\/12\/samaritana-600x395-copia-150x150.jpg 150w, https:\/\/arquidiocesebh.org.br\/paroquianossasenhoradefatima\/wp-content\/uploads\/sites\/75\/2018\/12\/samaritana-600x395-copia-107x107.jpg 107w, https:\/\/arquidiocesebh.org.br\/paroquianossasenhoradefatima\/wp-content\/uploads\/sites\/75\/2018\/12\/samaritana-600x395-copia-157x157.jpg 157w, https:\/\/arquidiocesebh.org.br\/paroquianossasenhoradefatima\/wp-content\/uploads\/sites\/75\/2018\/12\/samaritana-600x395-copia-88x88.jpg 88w, https:\/\/arquidiocesebh.org.br\/paroquianossasenhoradefatima\/wp-content\/uploads\/sites\/75\/2018\/12\/samaritana-600x395-copia-42x42.jpg 42w\" sizes=\"auto, (max-width: 99px) 100vw, 99px\" \/><a href=\"http:\/\/arquidiocesebh.org.br\/noticias\/artigo-uma-corda-e-um-balde-aristides-luis-madureira-pastoral-do-dizimo-da-arquidiocese-de-bh\/\">Uma corda e um balde<\/a><br \/>\nAlgumas pessoas ficam surpresas quando digo, em minhas prega\u00e7\u00f5es, que o D\u00edzimo transcende as quest\u00f5es financeiras. Ele alcan\u00e7a um n\u00edvel de intimidade com Deus que nos revela o Reino pela miss\u00e3o.<\/p>\n<p>&nbsp;<\/p>\n<p><img loading=\"lazy\" decoding=\"async\" class=\"alignleft wp-image-4999 \" src=\"http:\/\/arquidiocesebh.org.br\/modelo-paroquia2020\/wp-content\/uploads\/sites\/37\/2018\/12\/dizimo4-450x600-150x150.jpg\" alt=\"\" width=\"99\" height=\"99\" srcset=\"https:\/\/arquidiocesebh.org.br\/paroquianossasenhoradefatima\/wp-content\/uploads\/sites\/75\/2018\/12\/dizimo4-450x600-150x150.jpg 150w, https:\/\/arquidiocesebh.org.br\/paroquianossasenhoradefatima\/wp-content\/uploads\/sites\/75\/2018\/12\/dizimo4-450x600-300x300.jpg 300w, https:\/\/arquidiocesebh.org.br\/paroquianossasenhoradefatima\/wp-content\/uploads\/sites\/75\/2018\/12\/dizimo4-450x600-107x107.jpg 107w, https:\/\/arquidiocesebh.org.br\/paroquianossasenhoradefatima\/wp-content\/uploads\/sites\/75\/2018\/12\/dizimo4-450x600-204x204.jpg 204w, https:\/\/arquidiocesebh.org.br\/paroquianossasenhoradefatima\/wp-content\/uploads\/sites\/75\/2018\/12\/dizimo4-450x600-209x209.jpg 209w, https:\/\/arquidiocesebh.org.br\/paroquianossasenhoradefatima\/wp-content\/uploads\/sites\/75\/2018\/12\/dizimo4-450x600-157x157.jpg 157w, https:\/\/arquidiocesebh.org.br\/paroquianossasenhoradefatima\/wp-content\/uploads\/sites\/75\/2018\/12\/dizimo4-450x600-88x88.jpg 88w, https:\/\/arquidiocesebh.org.br\/paroquianossasenhoradefatima\/wp-content\/uploads\/sites\/75\/2018\/12\/dizimo4-450x600-42x42.jpg 42w, https:\/\/arquidiocesebh.org.br\/paroquianossasenhoradefatima\/wp-content\/uploads\/sites\/75\/2018\/12\/dizimo4-450x600.jpg 450w\" sizes=\"auto, (max-width: 99px) 100vw, 99px\" \/><\/p>\n<p><a href=\"http:\/\/arquidiocesebh.org.br\/noticias\/artigo-a-missao-de-construir-a-pastoral-do-dizimo-nas-comunidades-de-fe-renata-s-santiago-pastoral-do-dizimo-da-arquidiocese-de-bh\/\">A miss\u00e3o de construir a Pastoral do D\u00edzimo nas comunidades de f\u00e9<\/a><br \/>\nNo processo de implanta\u00e7\u00e3o da Pastoral do d\u00edzimo nas par\u00f3quias, n\u00e3o se pode perder a oportunidade de transmitir, no \u201cprimeiro an\u00fancio\u201d, uma mensagem coerente com as diretrizes da Igreja.<\/p>\n<p>&nbsp;<\/p>\n<p><a href=\"http:\/\/arquidiocesebh.org.br\/noticias\/artigo-pastoral-do-dizimo-motivacao-e-participacao-permanentes-renata-s-santiago-pastoral-arquidiocesana-do-dizimo-de-bh\/\"><img loading=\"lazy\" decoding=\"async\" class=\"alignleft wp-image-4998\" src=\"http:\/\/arquidiocesebh.org.br\/modelo-paroquia2020\/wp-content\/uploads\/sites\/37\/2018\/12\/dizimo5.jpg\" alt=\"\" width=\"99\" height=\"99\" srcset=\"https:\/\/arquidiocesebh.org.br\/paroquianossasenhoradefatima\/wp-content\/uploads\/sites\/75\/2018\/12\/dizimo5.jpg 154w, https:\/\/arquidiocesebh.org.br\/paroquianossasenhoradefatima\/wp-content\/uploads\/sites\/75\/2018\/12\/dizimo5-150x150.jpg 150w, https:\/\/arquidiocesebh.org.br\/paroquianossasenhoradefatima\/wp-content\/uploads\/sites\/75\/2018\/12\/dizimo5-107x107.jpg 107w, https:\/\/arquidiocesebh.org.br\/paroquianossasenhoradefatima\/wp-content\/uploads\/sites\/75\/2018\/12\/dizimo5-88x88.jpg 88w, https:\/\/arquidiocesebh.org.br\/paroquianossasenhoradefatima\/wp-content\/uploads\/sites\/75\/2018\/12\/dizimo5-42x42.jpg 42w\" sizes=\"auto, (max-width: 99px) 100vw, 99px\" \/>Pastoral do D\u00edzimo: motiva\u00e7\u00e3o e participa\u00e7\u00e3o permanentes<\/a><br \/>\nPromove-se o d\u00edzimo cultivando a f\u00e9. A experi\u00eancia do d\u00edzimo cresce com a qualidade da vida crist\u00e3, principalmente, do seu aspecto comunit\u00e1rio.<\/p>\n<p>&nbsp;<\/p>\n<p style=\"text-align: center;\"><span style=\"color: #1facdb;\"><strong><span style=\"font-size: 14pt;\">Campanha do D\u00edzimo 2019<\/span><\/strong><\/span><\/p>\n<p>Fa\u00e7a download das pe\u00e7as de divulga\u00e7\u00e3o da Campanha do D\u00edzimo 2019 e divulgue em sua par\u00f3quia ou comunidade.<\/p>\n","protected":false},"excerpt":{"rendered":"<p>\u00a0 A Pastoral do D\u00edzimo tem por objetivo levar aos fi\u00e9is o verdadeiro sentido de participa\u00e7\u00e3o na sociedade crist\u00e3 \u2013 a Igreja \u2013 da qual cada batizado \u00e9 parte. O d\u00edzimo objetiva atender a tr\u00eas dimens\u00f5es na Igreja: Dimens\u00e3o Caritativa\/Social:\u00a0 O dizimista cuida, tem empatia e compaix\u00e3o por aqueles que sofrem. Com o d\u00edzimo, a [&hellip;]<\/p>\n","protected":false},"author":3,"featured_media":0,"parent":0,"menu_order":0,"comment_status":"closed","ping_status":"closed","template":"","meta":{"_acf_changed":false,"xn-wppe-expiration":[],"xn-wppe-expiration-action":[],"xn-wppe-expiration-prefix":[],"inline_featured_image":false,"footnotes":""},"class_list":["post-801","page","type-page","status-publish","hentry"],"acf":[],"_links":{"self":[{"href":"https:\/\/arquidiocesebh.org.br\/paroquianossasenhoradefatima\/wp-json\/wp\/v2\/pages\/801","targetHints":{"allow":["GET"]}}],"collection":[{"href":"https:\/\/arquidiocesebh.org.br\/paroquianossasenhoradefatima\/wp-json\/wp\/v2\/pages"}],"about":[{"href":"https:\/\/arquidiocesebh.org.br\/paroquianossasenhoradefatima\/wp-json\/wp\/v2\/types\/page"}],"author":[{"embeddable":true,"href":"https:\/\/arquidiocesebh.org.br\/paroquianossasenhoradefatima\/wp-json\/wp\/v2\/users\/3"}],"replies":[{"embeddable":true,"href":"https:\/\/arquidiocesebh.org.br\/paroquianossasenhoradefatima\/wp-json\/wp\/v2\/comments?post=801"}],"version-history":[{"count":0,"href":"https:\/\/arquidiocesebh.org.br\/paroquianossasenhoradefatima\/wp-json\/wp\/v2\/pages\/801\/revisions"}],"wp:attachment":[{"href":"https:\/\/arquidiocesebh.org.br\/paroquianossasenhoradefatima\/wp-json\/wp\/v2\/media?parent=801"}],"curies":[{"name":"wp","href":"https:\/\/api.w.org\/{rel}","templated":true}]}}