{"id":627,"date":"2017-06-26T15:00:16","date_gmt":"2017-06-26T18:00:16","guid":{"rendered":"http:\/\/arquidiocesebh.org.br\/modelo-paroquia2020\/?page_id=627"},"modified":"2017-08-07T13:51:29","modified_gmt":"2017-08-07T16:51:29","slug":"acender-uma-vela","status":"publish","type":"page","link":"https:\/\/arquidiocesebh.org.br\/paroquianossasenhoradefatima\/para-sua-fe\/acender-uma-vela\/","title":{"rendered":"Acender uma vela"},"content":{"rendered":"<p>\u201cQuando acendemos uma vela, colocamo-la, n\u00e3o debaixo da mesa, mas sobre o casti\u00e7al, para que ela ilumine a todos que est\u00e3o em casa. Assim tamb\u00e9m deve brilhar vossa luz diante dos homens, para que eles vejam vossas boas obras e glorifiquem vosso Pai que est\u00e1 nos c\u00e9us.\u201d\u00a0(Mt 5, 14).<\/p>\n","protected":false},"excerpt":{"rendered":"<p>\u201cQuando acendemos uma vela, colocamo-la, n\u00e3o debaixo da mesa, mas sobre o casti\u00e7al, para que ela ilumine a todos que est\u00e3o em casa. Assim tamb\u00e9m deve brilhar vossa luz diante dos homens, para que eles vejam vossas boas obras e glorifiquem vosso Pai que est\u00e1 nos c\u00e9us.\u201d\u00a0(Mt 5, 14).<\/p>\n","protected":false},"author":86,"featured_media":0,"parent":270,"menu_order":0,"comment_status":"closed","ping_status":"closed","template":"","meta":{"_acf_changed":false,"xn-wppe-expiration":[],"xn-wppe-expiration-action":[],"xn-wppe-expiration-prefix":[],"inline_featured_image":false,"footnotes":""},"class_list":["post-627","page","type-page","status-publish","hentry"],"acf":[],"_links":{"self":[{"href":"https:\/\/arquidiocesebh.org.br\/paroquianossasenhoradefatima\/wp-json\/wp\/v2\/pages\/627","targetHints":{"allow":["GET"]}}],"collection":[{"href":"https:\/\/arquidiocesebh.org.br\/paroquianossasenhoradefatima\/wp-json\/wp\/v2\/pages"}],"about":[{"href":"https:\/\/arquidiocesebh.org.br\/paroquianossasenhoradefatima\/wp-json\/wp\/v2\/types\/page"}],"author":[{"embeddable":true,"href":"https:\/\/arquidiocesebh.org.br\/paroquianossasenhoradefatima\/wp-json\/wp\/v2\/users\/86"}],"replies":[{"embeddable":true,"href":"https:\/\/arquidiocesebh.org.br\/paroquianossasenhoradefatima\/wp-json\/wp\/v2\/comments?post=627"}],"version-history":[{"count":0,"href":"https:\/\/arquidiocesebh.org.br\/paroquianossasenhoradefatima\/wp-json\/wp\/v2\/pages\/627\/revisions"}],"up":[{"embeddable":true,"href":"https:\/\/arquidiocesebh.org.br\/paroquianossasenhoradefatima\/wp-json\/wp\/v2\/pages\/270"}],"wp:attachment":[{"href":"https:\/\/arquidiocesebh.org.br\/paroquianossasenhoradefatima\/wp-json\/wp\/v2\/media?parent=627"}],"curies":[{"name":"wp","href":"https:\/\/api.w.org\/{rel}","templated":true}]}}