{"id":488,"date":"2017-06-20T11:03:26","date_gmt":"2017-06-20T14:03:26","guid":{"rendered":"http:\/\/arquidiocesebh.org.br\/modelo-paroquia2020\/sobre-a-arquidiocese\/"},"modified":"2020-03-16T15:21:05","modified_gmt":"2020-03-16T18:21:05","slug":"sobre-a-arquidiocese","status":"publish","type":"page","link":"https:\/\/arquidiocesebh.org.br\/paroquianossasenhoradefatima\/para-sua-fe\/sobre-a-arquidiocese\/","title":{"rendered":"Sobre a Arquidiocese"},"content":{"rendered":"<p>&nbsp;<\/p>\n<p><img loading=\"lazy\" decoding=\"async\" class=\"alignnone wp-image-1053 size-full\" src=\"http:\/\/nossasenhoradasgracasemedalhamilagrosa.arquidiocesebh.org.br\/wp-content\/uploads\/sites\/2\/2017\/11\/banners-arq-1220x360.jpg\" alt=\"\" width=\"850\" height=\"185\" srcset=\"https:\/\/arquidiocesebh.org.br\/paroquianossasenhoradefatima\/wp-content\/uploads\/sites\/75\/2017\/11\/banners-arq-1220x360.jpg 850w, https:\/\/arquidiocesebh.org.br\/paroquianossasenhoradefatima\/wp-content\/uploads\/sites\/75\/2017\/11\/banners-arq-1220x360-300x65.jpg 300w, https:\/\/arquidiocesebh.org.br\/paroquianossasenhoradefatima\/wp-content\/uploads\/sites\/75\/2017\/11\/banners-arq-1220x360-768x167.jpg 768w, https:\/\/arquidiocesebh.org.br\/paroquianossasenhoradefatima\/wp-content\/uploads\/sites\/75\/2017\/11\/banners-arq-1220x360-224x49.jpg 224w\" sizes=\"auto, (max-width: 850px) 100vw, 850px\" \/><\/p>\n<p>Grande rede de comunidades de f\u00e9, formada por quase 300 par\u00f3quias e aproximadamente 1500 Igrejas, a Arquidiocese de Belo Horizonte est\u00e1 presente na Capital Mineira e em outros 27 munic\u00edpios da Regi\u00e3o Metropolitana de Belo Horizonte: Belo Vale, Betim, Bonfim, Brumadinho, Caet\u00e9, Confins, Contagem, Crucil\u00e2ndia, Esmeraldas, Ibirit\u00e9, M\u00e1rio Campos, Nova Uni\u00e3o, Lagoa Santa, Moeda, Nova Lima, Pedro Leopoldo, Piedade dos Gerais, Raposos, Ribeir\u00e3o das Neves, Rio Acima, Rio Manso, Sabar\u00e1, Santa Luzia, S\u00e3o Jos\u00e9 da Lapa, Sarzedo, Taquara\u00e7u de Minas e Vespasiano. Quatro grandes regi\u00f5es episcopais integram seu territ\u00f3rio: Nossa Senhora Aparecida, Nossa Senhora da Concei\u00e7\u00e3o, Nossa Senhora da Esperan\u00e7a e Nossa Senhora da Piedade..<\/p>\n<p>A organiza\u00e7\u00e3o da Arquidiocese de Belo Horizonte abrange: os Vicariatos Episcopais de A\u00e7\u00e3o Pastoral, que articula os trabalhos de evangeliza\u00e7\u00e3o das muitas par\u00f3quias, de A\u00e7\u00e3o Social e Pol\u00edtica, dedicado a articular iniciativas de amparo aos mais pobres e exclu\u00eddos, e de Comunica\u00e7\u00e3o e Cultura, que aproxima e fortalece os projetos culturais e os meios de comunica\u00e7\u00e3o da Igreja. Contempla tamb\u00e9m o Semin\u00e1rio Arquidiocesano Cora\u00e7\u00e3o Eucar\u00edstico de Jesus e institui\u00e7\u00f5es a servi\u00e7o da vida, \u00e0 luz do Evangelho, em diferentes campos:<\/p>\n<h2>A\u00e7\u00e3o Social<\/h2>\n<ul>\n<li>As pastorais sociais, que trabalham em rede, nas muitas comunidades, dedicando servi\u00e7os \u00e0s crian\u00e7as, aos idosos, aos enfermos, \u00e0s pessoas com trajet\u00f3ria de rua, aos que sofrem com a depend\u00eancia qu\u00edmica e a tantas outras pessoas exclu\u00eddas.<\/li>\n<li>A Funda\u00e7\u00e3o Obras Sociais Nossa Senhora da Boa Viagem, que re\u00fane a Farm\u00e1cia Comunit\u00e1ria, a Obra do Ber\u00e7o &#8211; respons\u00e1vel por ajudar gestantes pobres &#8211; e a Casa Santa Zita &#8211; lar de longa perman\u00eancia dedicado a idosas).<\/li>\n<li>As Rep\u00fablicas Reviver e Professor F\u00e1bio Alves, que amparam as pessoas em situa\u00e7\u00e3o de rua.<\/li>\n<\/ul>\n<h2>Sa\u00fade<\/h2>\n<ul>\n<li>A Casa de Apoio Nossa Senhora da Concei\u00e7\u00e3o, dedicada \u00e0 acolhida de pessoas com HIV\/Aids que n\u00e3o possuem v\u00ednculos familiares.<\/li>\n<\/ul>\n<h2>Educa\u00e7\u00e3o<\/h2>\n<ul>\n<li>Pontif\u00edcia Universidade Cat\u00f3lica de Minas Gerais (PUC Minas)<\/li>\n<li>Col\u00e9gio Santa Maria<\/li>\n<li>Faculdade Cat\u00f3lica de Uberl\u00e2ndia<\/li>\n<li>Funda\u00e7\u00e3o Mariana Resende Costa (Fumarc)<\/li>\n<li>Projeto Provid\u00eancia &#8211; com suas tr\u00eas unidades que desenvolvem atividades socioeducativas dedicadas \u00e0s crian\u00e7as e jovens.<\/li>\n<\/ul>\n<h2>Comunica\u00e7\u00e3o<\/h2>\n<ul>\n<li>Rede Catedral de Comunica\u00e7\u00e3o Cat\u00f3lica &#8211; que integra a TV Horizonte, a R\u00e1dio Am\u00e9rica e a R\u00e1dio Cultura<\/li>\n<\/ul>\n<h2>Cultura<\/h2>\n<ul>\n<li>Rede Catedral de Cultura, que abrange o Memorial da Arquidiocese de Belo Horizonte, iniciativa pioneira no Brasil. \u00c9 formado por quatro unidades: o Arquivo Arquidiocesano (MeDocumenta), o Invent\u00e1rio do Patrim\u00f4nio Cultural (MeInventa), o Centro de Promo\u00e7\u00e3o e Divulga\u00e7\u00e3o Cultural e Religiosa (MePromove) e o Museu Arquidiocesano de Arte Sacra (MeMuseus).<\/li>\n<\/ul>\n<p>A partir de 2017, todas as institui\u00e7\u00f5es e comunidades de f\u00e9 da Arquidiocese de Belo Horizonte v\u00e3o se orientar a partir do Projeto de Evangeliza\u00e7\u00e3o Proclamar a Palavra, fruto da 5\u00aa Assembleia do Povo de Deus (5\u00aa APD). Realizada a cada quatro anos, a APD \u00e9 um amplo processo de escuta, quando cada fiel, das muitas comunidades de f\u00e9 da Arquidiocese, \u00e9 convidado a indicar quais caminhos a Igreja deve seguir, na miss\u00e3o de evangelizar e de ajudar o mundo a tornar-se mais justo e fraterno.<\/p>\n<p><img loading=\"lazy\" decoding=\"async\" class=\"alignnone wp-image-29115 size-full\" src=\"http:\/\/arquidiocesebh.org.br\/novo\/wp\/wp-content\/uploads\/2017\/03\/arquidiocese-em-numeros-1.png\" alt=\"\" width=\"1000\" height=\"700\" \/><\/p>\n<p><img loading=\"lazy\" decoding=\"async\" class=\"alignnone wp-image-29108 size-large\" src=\"http:\/\/arquidiocesebh.org.br\/novo\/wp\/wp-content\/uploads\/2017\/03\/arqnumeros-1024x571.png\" alt=\"\" width=\"1024\" height=\"571\" \/><\/p>\n<h3><img loading=\"lazy\" decoding=\"async\" class=\"alignnone wp-image-29109 size-large\" src=\"http:\/\/arquidiocesebh.org.br\/novo\/wp\/wp-content\/uploads\/2017\/03\/arqnumeros2-1024x571.png\" alt=\"\" width=\"1024\" height=\"571\" \/><\/h3>\n<h3><\/h3>\n<h2>HIST\u00d3RIA<\/h2>\n<p>A ideia da cria\u00e7\u00e3o do bispado de Belo Horizonte surgiu em 1914, com a crescente import\u00e2ncia pol\u00edtica da cidade e seu espantoso desenvolvimento econ\u00f4mico. Atendendo ao desejo da popula\u00e7\u00e3o, dom Silv\u00e9rio Gomes Pimenta, arcebispo de Mariana, aceitou dirigir o movimento para a cria\u00e7\u00e3o do novo bispado.<\/p>\n<p>Em 1919, uma comiss\u00e3o foi nomeada por dom Silv\u00e9rio para cuidar do processo. Na \u00faltima sess\u00e3o realizada por essa comiss\u00e3o foi lido um documento assinado pelo monsenhor F. Cortesi, auditor da Nunciatura, avisando que as bulas para a implanta\u00e7\u00e3o do bispado j\u00e1 tinham sido expedidas.<\/p>\n<p>A Diocese de Belo Horizonte foi efetivamente criada em 11 de fevereiro de 1921 pelo Papa Bento XV. Em 1\u00ba de fevereiro de 1924, o Papa Pio XI, atrav\u00e9s da bula &#8220;Amunus nobis ab Aeterno Pastorum Pr\u00edncipe&#8221;, elevou Belo Horizonte \u00e0 categoria de Arquidiocese e seu bispo a arcebispo. Na \u00e9poca, foi a terceira prov\u00edncia eclesi\u00e1stica de Minas Gerais.<\/p>\n<p>Desde a sua cria\u00e7\u00e3o, estiveram \u00e0 frente da Arquidiocese os arcebispos: dom Ant\u00f4nio dos Santos Cabral, dom Jo\u00e3o Resende Costa, dom Serafim Fernandes de Ara\u00fajo e, atualmente, dom Walmor Oliveira de Azevedo, que iniciou seu minist\u00e9rio na Arquidiocese no dia 26 de mar\u00e7o de 2004.<\/p>\n","protected":false},"excerpt":{"rendered":"<p>&nbsp; Grande rede de comunidades de f\u00e9, formada por quase 300 par\u00f3quias e aproximadamente 1500 Igrejas, a Arquidiocese de Belo Horizonte est\u00e1 presente na Capital Mineira e em outros 27 munic\u00edpios da Regi\u00e3o Metropolitana de Belo Horizonte: Belo Vale, Betim, Bonfim, Brumadinho, Caet\u00e9, Confins, Contagem, Crucil\u00e2ndia, Esmeraldas, Ibirit\u00e9, M\u00e1rio Campos, Nova Uni\u00e3o, Lagoa Santa, Moeda, [&hellip;]<\/p>\n","protected":false},"author":86,"featured_media":0,"parent":270,"menu_order":0,"comment_status":"closed","ping_status":"closed","template":"","meta":{"_acf_changed":false,"xn-wppe-expiration":[],"xn-wppe-expiration-action":[],"xn-wppe-expiration-prefix":[],"inline_featured_image":false,"footnotes":""},"class_list":["post-488","page","type-page","status-publish","hentry"],"acf":[],"_links":{"self":[{"href":"https:\/\/arquidiocesebh.org.br\/paroquianossasenhoradefatima\/wp-json\/wp\/v2\/pages\/488","targetHints":{"allow":["GET"]}}],"collection":[{"href":"https:\/\/arquidiocesebh.org.br\/paroquianossasenhoradefatima\/wp-json\/wp\/v2\/pages"}],"about":[{"href":"https:\/\/arquidiocesebh.org.br\/paroquianossasenhoradefatima\/wp-json\/wp\/v2\/types\/page"}],"author":[{"embeddable":true,"href":"https:\/\/arquidiocesebh.org.br\/paroquianossasenhoradefatima\/wp-json\/wp\/v2\/users\/86"}],"replies":[{"embeddable":true,"href":"https:\/\/arquidiocesebh.org.br\/paroquianossasenhoradefatima\/wp-json\/wp\/v2\/comments?post=488"}],"version-history":[{"count":0,"href":"https:\/\/arquidiocesebh.org.br\/paroquianossasenhoradefatima\/wp-json\/wp\/v2\/pages\/488\/revisions"}],"up":[{"embeddable":true,"href":"https:\/\/arquidiocesebh.org.br\/paroquianossasenhoradefatima\/wp-json\/wp\/v2\/pages\/270"}],"wp:attachment":[{"href":"https:\/\/arquidiocesebh.org.br\/paroquianossasenhoradefatima\/wp-json\/wp\/v2\/media?parent=488"}],"curies":[{"name":"wp","href":"https:\/\/api.w.org\/{rel}","templated":true}]}}