{"id":313,"date":"2017-06-14T10:44:18","date_gmt":"2017-06-14T13:44:18","guid":{"rendered":"http:\/\/arquidiocesebh.org.br\/modelo-paroquia2020\/?page_id=313"},"modified":"2020-06-18T16:32:11","modified_gmt":"2020-06-18T19:32:11","slug":"localizacao-e-como-chegar","status":"publish","type":"page","link":"https:\/\/arquidiocesebh.org.br\/paroquianossasenhoradefatima\/contato\/localizacao-e-como-chegar\/","title":{"rendered":"Localiza\u00e7\u00e3o e como chegar"},"content":{"rendered":"<p>R. Padre Bartolomeu de Gusm\u00e3o, 278 - Jardim Industrial, Contagem - MG, 32220-120<\/p>\n\n","protected":false},"excerpt":{"rendered":"","protected":false},"author":86,"featured_media":0,"parent":307,"menu_order":0,"comment_status":"closed","ping_status":"closed","template":"tpl-localizacao-e-como-chegar.php","meta":{"_acf_changed":false,"xn-wppe-expiration":[],"xn-wppe-expiration-action":[],"xn-wppe-expiration-prefix":[],"inline_featured_image":false,"footnotes":""},"class_list":["post-313","page","type-page","status-publish","hentry"],"acf":[],"_links":{"self":[{"href":"https:\/\/arquidiocesebh.org.br\/paroquianossasenhoradefatima\/wp-json\/wp\/v2\/pages\/313","targetHints":{"allow":["GET"]}}],"collection":[{"href":"https:\/\/arquidiocesebh.org.br\/paroquianossasenhoradefatima\/wp-json\/wp\/v2\/pages"}],"about":[{"href":"https:\/\/arquidiocesebh.org.br\/paroquianossasenhoradefatima\/wp-json\/wp\/v2\/types\/page"}],"author":[{"embeddable":true,"href":"https:\/\/arquidiocesebh.org.br\/paroquianossasenhoradefatima\/wp-json\/wp\/v2\/users\/86"}],"replies":[{"embeddable":true,"href":"https:\/\/arquidiocesebh.org.br\/paroquianossasenhoradefatima\/wp-json\/wp\/v2\/comments?post=313"}],"version-history":[{"count":0,"href":"https:\/\/arquidiocesebh.org.br\/paroquianossasenhoradefatima\/wp-json\/wp\/v2\/pages\/313\/revisions"}],"up":[{"embeddable":true,"href":"https:\/\/arquidiocesebh.org.br\/paroquianossasenhoradefatima\/wp-json\/wp\/v2\/pages\/307"}],"wp:attachment":[{"href":"https:\/\/arquidiocesebh.org.br\/paroquianossasenhoradefatima\/wp-json\/wp\/v2\/media?parent=313"}],"curies":[{"name":"wp","href":"https:\/\/api.w.org\/{rel}","templated":true}]}}