{"id":311,"date":"2017-06-14T10:43:38","date_gmt":"2017-06-14T13:43:38","guid":{"rendered":"http:\/\/arquidiocesebh.org.br\/modelo-paroquia2020\/?page_id=311"},"modified":"2017-08-03T11:30:25","modified_gmt":"2017-08-03T14:30:25","slug":"voluntariado","status":"publish","type":"page","link":"https:\/\/arquidiocesebh.org.br\/paroquianossasenhoradefatima\/quero-ajudar\/voluntariado\/","title":{"rendered":"Voluntariado"},"content":{"rendered":"<p>Gostaria de ser um volunt\u00e1rio na par\u00f3quia? Entre em contato com a gente. A sua ajuda \u00e9 muito importante.<\/p>\n\n<div class=\"wpcf7 no-js\" id=\"wpcf7-f325-o1\" lang=\"pt-BR\" dir=\"ltr\" data-wpcf7-id=\"325\">\n<div class=\"screen-reader-response\"><p role=\"status\" aria-live=\"polite\" aria-atomic=\"true\"><\/p> <ul><\/ul><\/div>\n<form action=\"\/paroquianossasenhoradefatima\/wp-json\/wp\/v2\/pages\/311#wpcf7-f325-o1\" method=\"post\" class=\"wpcf7-form init\" aria-label=\"Formul\u00e1rios de contato\" novalidate=\"novalidate\" data-status=\"init\">\n<fieldset class=\"hidden-fields-container\"><input type=\"hidden\" name=\"_wpcf7\" value=\"325\" \/><input type=\"hidden\" name=\"_wpcf7_version\" value=\"6.1.5\" \/><input type=\"hidden\" name=\"_wpcf7_locale\" value=\"pt_BR\" \/><input type=\"hidden\" name=\"_wpcf7_unit_tag\" value=\"wpcf7-f325-o1\" \/><input type=\"hidden\" name=\"_wpcf7_container_post\" value=\"0\" \/><input type=\"hidden\" name=\"_wpcf7_posted_data_hash\" value=\"\" \/><input type=\"hidden\" name=\"_wpcf7_recaptcha_response\" value=\"\" \/>\n<\/fieldset>\n<div class=\"row\">\n\t<div class=\"col-sm-12 col-xs-24\">\n\t\t<div class=\"form-group\">\n\t\t\t<label for=\"inputNome\">Nome *<\/label>\n                        <span class=\"wpcf7-form-control-wrap\" data-name=\"seu-nome\"><input size=\"40\" maxlength=\"400\" class=\"wpcf7-form-control wpcf7-text wpcf7-validates-as-required form-control\" id=\"inputNome\" autocomplete=\"off\" aria-required=\"true\" aria-invalid=\"false\" value=\"\" type=\"text\" name=\"seu-nome\" \/><\/span>\n\t\t<\/div>\n\t<\/div>\n\n\t<div class=\"col-sm-12 col-xs-24\">\n\t\t<div class=\"form-group\">\n\t\t\t<label for=\"inputTelefone\">Telefone<\/label>\n                        <span class=\"wpcf7-form-control-wrap\" data-name=\"seu-telefone\"><input size=\"40\" maxlength=\"400\" class=\"wpcf7-form-control wpcf7-text form-control\" id=\"inputTelefone\" autocomplete=\"off\" aria-invalid=\"false\" value=\"\" type=\"text\" name=\"seu-telefone\" \/><\/span>\n\t\t<\/div>\n\t<\/div>\n<\/div>\n\n<div class=\"row\">\n\t<div class=\"col-sm-12 col-xs-24\">\n\t\t<div class=\"form-group\">\n\t\t\t<label for=\"inputEmail\">Email *<\/label>\n                        <span class=\"wpcf7-form-control-wrap\" data-name=\"seu-email\"><input size=\"40\" maxlength=\"400\" class=\"wpcf7-form-control wpcf7-email wpcf7-validates-as-required wpcf7-text wpcf7-validates-as-email form-control\" id=\"inputEmail\" autocomplete=\"off\" aria-required=\"true\" aria-invalid=\"false\" value=\"\" type=\"email\" name=\"seu-email\" \/><\/span>\n\t\t<\/div>\n\t<\/div>\n\n\t<div class=\"col-sm-12 col-xs-24\">\n\t\t<div class=\"form-group\">\n\t\t\t<label for=\"inputAssunto\">Assunto *<\/label>\n                        <span class=\"wpcf7-form-control-wrap\" data-name=\"seu-assunto\"><select class=\"wpcf7-form-control wpcf7-select wpcf7-validates-as-required form-control\" id=\"inputAssunto\" aria-required=\"true\" aria-invalid=\"false\" name=\"seu-assunto\"><option value=\"\">&#8212;Escolha uma op\u00e7\u00e3o&#8212;<\/option><option value=\"Sugest\u00f5es\">Sugest\u00f5es<\/option><option value=\"D\u00favidas\">D\u00favidas<\/option><option value=\"Informa\u00e7\u00f5es\">Informa\u00e7\u00f5es<\/option><option value=\"Curr\u00edculo\">Curr\u00edculo<\/option><option value=\"Not\u00edcias\">Not\u00edcias<\/option><option value=\"Outros\">Outros<\/option><\/select><\/span>\n\t\t<\/div>\n\t<\/div>\n<\/div>\n\n<div class=\"form-group\">\n\t<label for=\"inputMensagem\">Mensagem *<\/label>\n        <span class=\"wpcf7-form-control-wrap\" data-name=\"sua-mensagem\"><textarea cols=\"40\" rows=\"10\" maxlength=\"2000\" class=\"wpcf7-form-control wpcf7-textarea wpcf7-validates-as-required form-control\" id=\"inputMensagem\" autocomplete=\"off\" aria-required=\"true\" aria-invalid=\"false\" name=\"sua-mensagem\"><\/textarea><\/span>\n<\/div>\n\n<input class=\"wpcf7-form-control wpcf7-submit has-spinner btn btn-warning btn-block btn-lg\" type=\"submit\" value=\"Enviar\" \/><div class=\"wpcf7-response-output\" aria-hidden=\"true\"><\/div>\n<\/form>\n<\/div>\n\n","protected":false},"excerpt":{"rendered":"<p>Gostaria de ser um volunt\u00e1rio na par\u00f3quia? Entre em contato com a gente. A sua ajuda \u00e9 muito importante.<\/p>\n","protected":false},"author":86,"featured_media":0,"parent":98,"menu_order":0,"comment_status":"closed","ping_status":"closed","template":"","meta":{"_acf_changed":false,"xn-wppe-expiration":[],"xn-wppe-expiration-action":[],"xn-wppe-expiration-prefix":[],"inline_featured_image":false,"footnotes":""},"class_list":["post-311","page","type-page","status-publish","hentry"],"acf":[],"_links":{"self":[{"href":"https:\/\/arquidiocesebh.org.br\/paroquianossasenhoradefatima\/wp-json\/wp\/v2\/pages\/311","targetHints":{"allow":["GET"]}}],"collection":[{"href":"https:\/\/arquidiocesebh.org.br\/paroquianossasenhoradefatima\/wp-json\/wp\/v2\/pages"}],"about":[{"href":"https:\/\/arquidiocesebh.org.br\/paroquianossasenhoradefatima\/wp-json\/wp\/v2\/types\/page"}],"author":[{"embeddable":true,"href":"https:\/\/arquidiocesebh.org.br\/paroquianossasenhoradefatima\/wp-json\/wp\/v2\/users\/86"}],"replies":[{"embeddable":true,"href":"https:\/\/arquidiocesebh.org.br\/paroquianossasenhoradefatima\/wp-json\/wp\/v2\/comments?post=311"}],"version-history":[{"count":0,"href":"https:\/\/arquidiocesebh.org.br\/paroquianossasenhoradefatima\/wp-json\/wp\/v2\/pages\/311\/revisions"}],"up":[{"embeddable":true,"href":"https:\/\/arquidiocesebh.org.br\/paroquianossasenhoradefatima\/wp-json\/wp\/v2\/pages\/98"}],"wp:attachment":[{"href":"https:\/\/arquidiocesebh.org.br\/paroquianossasenhoradefatima\/wp-json\/wp\/v2\/media?parent=311"}],"curies":[{"name":"wp","href":"https:\/\/api.w.org\/{rel}","templated":true}]}}