{"id":230,"date":"2017-06-12T18:19:15","date_gmt":"2017-06-12T21:19:15","guid":{"rendered":"http:\/\/arquidiocesebh.org.br\/modelo-paroquia2020\/para-voce-2\/crisma-2\/"},"modified":"2020-06-17T14:58:54","modified_gmt":"2020-06-17T17:58:54","slug":"crisma","status":"publish","type":"page","link":"https:\/\/arquidiocesebh.org.br\/paroquianossasenhoradefatima\/para-voce\/crisma\/","title":{"rendered":"Crisma"},"content":{"rendered":"<p>O Batismo, a Confirma\u00e7\u00e3o (Crisma) e a Eucaristia constituem o conjunto dos sacramentos da inicia\u00e7\u00e3o crist\u00e3, cuja unidade deve ser salvaguardada. Celebrar o sacramento da Crisma \u00e9 necess\u00e1rio para se alcan\u00e7ar a plenitude da gra\u00e7a batismal. O Catecismo da Igreja Cat\u00f3lica ensina que os batizados sacramentados pela Confirma\u00e7\u00e3o s\u00e3o mais perfeitamente vinculados \u00e0 Igreja, enriquecidos com uma for\u00e7a especial do Esp\u00edrito Santo, para assumir a miss\u00e3o de Jesus no mundo. O Esp\u00edrito Santo \u00e9 conferido pela ora\u00e7\u00e3o da Igreja, pela imposi\u00e7\u00e3o e un\u00e7\u00e3o, para que o fiel proclame o Evangelho e defenda a f\u00e9, por palavras e obras.<\/p>\n<p>Prepara\u00e7\u00e3o para a Crisma: procure a secretaria da par\u00f3quia e apresente os seus dados pessoais. \u00c9 preciso ter, pelo menos, 15 anos de idade e maturidade para o cumprimento da Miss\u00e3o prof\u00e9tica no mundo para edificar a unidade da Igreja, do Corpo de Cristo, e defender a verdade do Evangelho nas diversas situa\u00e7\u00f5es da vida.<\/p>\n<hr \/>\n<p>&nbsp;<\/p>\n","protected":false},"excerpt":{"rendered":"<p>O Batismo, a Confirma\u00e7\u00e3o (Crisma) e a Eucaristia constituem o conjunto dos sacramentos da inicia\u00e7\u00e3o crist\u00e3, cuja unidade deve ser salvaguardada. Celebrar o sacramento da Crisma \u00e9 necess\u00e1rio para se alcan\u00e7ar a plenitude da gra\u00e7a batismal. O Catecismo da Igreja Cat\u00f3lica ensina que os batizados sacramentados pela Confirma\u00e7\u00e3o s\u00e3o mais perfeitamente vinculados \u00e0 Igreja, enriquecidos [&hellip;]<\/p>\n","protected":false},"author":86,"featured_media":0,"parent":219,"menu_order":0,"comment_status":"closed","ping_status":"closed","template":"","meta":{"_acf_changed":false,"xn-wppe-expiration":[],"xn-wppe-expiration-action":[],"xn-wppe-expiration-prefix":[],"inline_featured_image":false,"footnotes":""},"class_list":["post-230","page","type-page","status-publish","hentry"],"acf":[],"_links":{"self":[{"href":"https:\/\/arquidiocesebh.org.br\/paroquianossasenhoradefatima\/wp-json\/wp\/v2\/pages\/230","targetHints":{"allow":["GET"]}}],"collection":[{"href":"https:\/\/arquidiocesebh.org.br\/paroquianossasenhoradefatima\/wp-json\/wp\/v2\/pages"}],"about":[{"href":"https:\/\/arquidiocesebh.org.br\/paroquianossasenhoradefatima\/wp-json\/wp\/v2\/types\/page"}],"author":[{"embeddable":true,"href":"https:\/\/arquidiocesebh.org.br\/paroquianossasenhoradefatima\/wp-json\/wp\/v2\/users\/86"}],"replies":[{"embeddable":true,"href":"https:\/\/arquidiocesebh.org.br\/paroquianossasenhoradefatima\/wp-json\/wp\/v2\/comments?post=230"}],"version-history":[{"count":0,"href":"https:\/\/arquidiocesebh.org.br\/paroquianossasenhoradefatima\/wp-json\/wp\/v2\/pages\/230\/revisions"}],"up":[{"embeddable":true,"href":"https:\/\/arquidiocesebh.org.br\/paroquianossasenhoradefatima\/wp-json\/wp\/v2\/pages\/219"}],"wp:attachment":[{"href":"https:\/\/arquidiocesebh.org.br\/paroquianossasenhoradefatima\/wp-json\/wp\/v2\/media?parent=230"}],"curies":[{"name":"wp","href":"https:\/\/api.w.org\/{rel}","templated":true}]}}