{"id":227,"date":"2017-06-12T18:15:06","date_gmt":"2017-06-12T21:15:06","guid":{"rendered":"http:\/\/arquidiocesebh.org.br\/modelo-paroquia2020\/para-voce-2\/casamentos-2\/"},"modified":"2020-06-17T14:57:13","modified_gmt":"2020-06-17T17:57:13","slug":"casamentos-2","status":"publish","type":"page","link":"https:\/\/arquidiocesebh.org.br\/paroquianossasenhoradefatima\/para-voce\/casamentos-2\/","title":{"rendered":"Casamentos"},"content":{"rendered":"<p>No Matrim\u00f4nio, homem e mulher constituem uma comunh\u00e3o \u00edntima por toda a vida e celebram o amor esponsal de nosso Deus. Essa uni\u00e3o foi elevada por Cristo Jesus \u00e0 dignidade de sacramento, para o bem dos c\u00f4njuges e das fam\u00edlias, pois \u00e9 capaz de exprimir a entrega de Cristo na cruz pela humanidade (cf. Ef 5,32). A Sagrada Escritura, ao narrar a cria\u00e7\u00e3o do homem e da mulher \u00e0 imagem e semelhan\u00e7a de Deus, ao tomar a uni\u00e3o entre esposo e esposa como imagem da Alian\u00e7a, e ao terminar com a vis\u00e3o das \u201cn\u00fapcias do Cordeiro\u201d (Ap 19, 9), revela a grandeza desse sacramento. Do princ\u00edpio ao fim, a Escritura fala do Matrim\u00f4nio e do seu \u201cmist\u00e9rio\u201d, da sua institui\u00e7\u00e3o e do sentido que Deus lhe deu, da sua origem e da sua finalidade, das suas diversas realiza\u00e7\u00f5es ao longo da hist\u00f3ria da salva\u00e7\u00e3o, das suas dificuldades nascidas do pecado e da sua renova\u00e7\u00e3o \u201cno Senhor\u201d (1 Cor 7, 39), na Nova Alian\u00e7a de Cristo com a Igreja.<\/p>\n<p>Prepara\u00e7\u00e3o para o Matrim\u00f4nio: os noivos devem apresentar, na secretaria da igreja, a identidade e comprovante de endere\u00e7o para a marca\u00e7\u00e3o da data, ao menos tr\u00eas meses antes. Conforme a procura, esse agendamento deve ser feito com maior anteced\u00eancia ainda. \u00c9 importante fazer contato telef\u00f4nico pr\u00e9vio com a par\u00f3quia para se informar sobre detalhes do processo matrimonial, que envolve: o agendamento e apresenta\u00e7\u00e3o dos documentos, os proclamas e a entrevista. Al\u00e9m do processo, exige-se a participa\u00e7\u00e3o no encontro catequ\u00e9tico pr\u00e9-matrimonial.<\/p>\n<hr \/>\n<p>&nbsp;<\/p>\n","protected":false},"excerpt":{"rendered":"<p>No Matrim\u00f4nio, homem e mulher constituem uma comunh\u00e3o \u00edntima por toda a vida e celebram o amor esponsal de nosso Deus. Essa uni\u00e3o foi elevada por Cristo Jesus \u00e0 dignidade de sacramento, para o bem dos c\u00f4njuges e das fam\u00edlias, pois \u00e9 capaz de exprimir a entrega de Cristo na cruz pela humanidade (cf. Ef [&hellip;]<\/p>\n","protected":false},"author":86,"featured_media":0,"parent":219,"menu_order":0,"comment_status":"closed","ping_status":"closed","template":"","meta":{"_acf_changed":false,"xn-wppe-expiration":[],"xn-wppe-expiration-action":[],"xn-wppe-expiration-prefix":[],"inline_featured_image":false,"footnotes":""},"class_list":["post-227","page","type-page","status-publish","hentry"],"acf":[],"_links":{"self":[{"href":"https:\/\/arquidiocesebh.org.br\/paroquianossasenhoradefatima\/wp-json\/wp\/v2\/pages\/227","targetHints":{"allow":["GET"]}}],"collection":[{"href":"https:\/\/arquidiocesebh.org.br\/paroquianossasenhoradefatima\/wp-json\/wp\/v2\/pages"}],"about":[{"href":"https:\/\/arquidiocesebh.org.br\/paroquianossasenhoradefatima\/wp-json\/wp\/v2\/types\/page"}],"author":[{"embeddable":true,"href":"https:\/\/arquidiocesebh.org.br\/paroquianossasenhoradefatima\/wp-json\/wp\/v2\/users\/86"}],"replies":[{"embeddable":true,"href":"https:\/\/arquidiocesebh.org.br\/paroquianossasenhoradefatima\/wp-json\/wp\/v2\/comments?post=227"}],"version-history":[{"count":0,"href":"https:\/\/arquidiocesebh.org.br\/paroquianossasenhoradefatima\/wp-json\/wp\/v2\/pages\/227\/revisions"}],"up":[{"embeddable":true,"href":"https:\/\/arquidiocesebh.org.br\/paroquianossasenhoradefatima\/wp-json\/wp\/v2\/pages\/219"}],"wp:attachment":[{"href":"https:\/\/arquidiocesebh.org.br\/paroquianossasenhoradefatima\/wp-json\/wp\/v2\/media?parent=227"}],"curies":[{"name":"wp","href":"https:\/\/api.w.org\/{rel}","templated":true}]}}