{"id":63,"date":"2017-06-16T12:07:46","date_gmt":"2017-06-16T15:07:46","guid":{"rendered":"http:\/\/arquidiocesebh.org.br\/paroquia-sao-goncalo\/?page_id=63"},"modified":"2017-08-08T15:32:54","modified_gmt":"2017-08-08T18:32:54","slug":"pastorais-e-movimentos","status":"publish","type":"page","link":"https:\/\/arquidiocesebh.org.br\/nossa-senhora-aparecida\/paroquia\/pastorais-e-movimentos\/","title":{"rendered":"Pastorais e movimentos"},"content":{"rendered":"<h3>Pastoral da Acolhida<\/h3>\n<p>A pastoral da Acolhida tem como objetivo \u201creceber bem\u201d e \u201cir ao encontro\u201d das pessoas, a fim de integr\u00e1-las na comunidade. Acolher significa oferecer ref\u00fagio, prote\u00e7\u00e3o e conforto por meio de gestos e palavras. Sendo assim, a pastoral da acolhida vai muito al\u00e9m de recepcionar na porta da igreja, mas envolve uma rede de relacionamentos que d\u00e1 sustentabilidade e perseveran\u00e7a nas a\u00e7\u00f5es desenvolvidas na comunidade, segundo Pereira (2010).<\/p>\n<p><em>PEREIRA, Jos\u00e9 Carlos. Pastoral da Acolhida Guia de implanta\u00e7\u00e3o, forma\u00e7\u00e3o e atua\u00e7\u00e3o dos agentes. S\u00e3o Paulo, Paulinas, 2013.<\/em><\/p>\n<p><strong>Reuni\u00f5es semanais<\/strong>: Quartas-feiras, das 18h30 \u00e0s 20h.<\/p>\n<p>A pastoral atua todo dia 16 de cada m\u00eas durante a Novena Perp\u00e9tua de Nossa Senhora do Carmo com tr\u00eas equipes de servi\u00e7o. Que s\u00e3o elas:<\/p>\n<p><strong>Equipe de Recep\u00e7\u00e3o: <\/strong>A equipe de recep\u00e7\u00e3o \u00e9 respons\u00e1vel por fazer o primeiro contato com as pessoas que chegam, observando as suas necessidades na porta da Igreja, desde um cumprimento at\u00e9 as necessidades mais espec\u00edficas, como uma conversa em particular.<\/p>\n<p><strong>Equipe de Escuta e Ora\u00e7\u00e3o:<\/strong> Esta equipe tem como objetivo fazer uma escuta ativa das pessoas que procuram ou est\u00e3o em nossa par\u00f3quia passando por um problema. Ap\u00f3s o acolhimento, conforme a necessidade ser\u00e1 oferecida uma ora\u00e7\u00e3o individual para cada pessoa. Durante esse momento poder\u00e1 surgir a necessidade de encaminhamentos na pr\u00f3pria par\u00f3quia ou na rede socioassistencial de nossa cidade. Os atendimentos acontecem com uma dupla de servos.<\/p>\n<p><strong>Equipe de intercess\u00e3o:<\/strong> Esta equipe estar\u00e1 em ora\u00e7\u00e3o durante todo o dia pela equipe de servi\u00e7o e para aqueles que chegam \u00e0 procura do acolhimento. Eles estar\u00e3o diante do Sant\u00edssimo Sacramento.<\/p>\n<hr \/>\n<h3>Vicentinos<\/h3>\n<p><strong>Conselho Particular Nossa Senhora do Carmo (pertencente \u00e0 Sociedade de S\u00e3o Vicente de Paulo \u2013 SSVP)<\/strong><\/p>\n<p>Formado por 15 Confer\u00eancias Vicentinas que atendem a diversas fam\u00edlias com ajuda material (cestas b\u00e1sicas, rem\u00e9dios, fraldas etc.) e espiritual, tamb\u00e9m colaboram com o Lar Vicentino Divino Ferreira Braga, fundado em 1981, e atualmente atende a 52 moradores.<\/p>\n<p><strong>Presidente atual:<\/strong> Maria Aparecida Amaral \u2013 contato: (31) 99632-6153<\/p>\n<p><strong>Hor\u00e1rio de funcionamento:<\/strong> Segunda a domingo &#8211; visitas das 13h \u00e0s 17h<\/p>\n<p><strong>Endere\u00e7o:<\/strong> Rua Ros\u00e1rio, n\u00ba 1075 &#8211; Bairro Angola &#8211; Betim &#8211; MG<\/p>\n<p><strong>Telefone:<\/strong> (31) 3532-4089 &#8211; Marilda ou Sabrina<\/p>\n<p><strong>E-mail:<\/strong> <a href=\"mailto:larvicentinodfb@ig.com.br\">larvicentinodfb@ig.com.br<br \/>\n<\/a><\/p>\n<p><strong>Sugest\u00e3o para doa\u00e7\u00f5es:\u00a0<\/strong>Fraldas geri\u00e1tricas e produtos de higiene pessoal (como shampoo, condicionador, aparelhos de barbear, desodorantes, creme de pentear e creme de hidratante para pele).<\/p>\n<hr \/>\n<h3>Apostolado da Ora\u00e7\u00e3o<\/h3>\n<p>Apostolado da Ora\u00e7\u00e3o \u00e9 um dom, for\u00e7a que ajuda muitas pessoas a modularem o pr\u00f3prio cora\u00e7\u00e3o a partir do amor que vem de Deus. O Movimento do Apostolado da Ora\u00e7\u00e3o \u00e9 formado por evangelizadores dedicados aos muitos servi\u00e7os de suas comunidades de f\u00e9, para proclamar a Palavra. Fazem parte, pela Arquidiocese de Belo Horizonte, da Regi\u00e3o Episcopal Nossa Senhora Aparecida, na Forania Nossa Senhora do Carmo. O objetivo geral do Apostolado \u00e9 viver o seu Programa Espiritual e Apost\u00f3lico, sempre a servi\u00e7o da Igreja, conhecer e por em pr\u00e1tica o programa proposto na recria\u00e7\u00e3o do Apostolado da Ora\u00e7\u00e3o proposto pela nossa Igreja particular de Belo Horizonte.<\/p>\n<p>Como objetivo espec\u00edfico s\u00e3o conscientizados a fazer parte da <strong>REDE MUNDIAL DE ORA\u00c7\u00c3O DO PAPA FRANCISCO;<\/strong>\u00a0 manter o esp\u00edrito de unidade entre os centros do Apostolado da Ora\u00e7\u00e3o e seus membros; conhecer intensamente \u201cpor dentro\u201d o Sagrado Cora\u00e7\u00e3o de Jesus; fazer sua caminhada em comunh\u00e3o com a sua Par\u00f3quia participando ativamente de todos os eventos propostos; todos os membros do Apostolado da Ora\u00e7\u00e3o devem dar prioridade \u00e0s atividades promovidas pelo Apostolado da Ora\u00e7\u00e3o, como adora\u00e7\u00e3o, encontr\u00f5es, assembleias, retiros espirituais e reuni\u00f5es mensais.<\/p>\n<p>Uma das 12 promessas do Sagrado Cora\u00e7\u00e3o de Jesus feitas em favor dos seus devotos \u00e9 participar da celebra\u00e7\u00e3o e da Eucaristia na 1\u00aa sexta-feira do m\u00eas, por nove meses seguidos.<\/p>\n<p><strong>Reuni\u00e3o mensal: <\/strong>toda 1\u00aa sexta-feira do m\u00eas, \u00e0s 17h, ap\u00f3s a Celebra\u00e7\u00e3o Eucar\u00edstica das 16h.<\/p>\n<p><strong>Coordenadora:<\/strong> Rosimeire<\/p>\n<p><strong>Presidente:<\/strong> Maria das Gra\u00e7as\/Gracinha \u2013 (31) 9 9993.1128 &#8211; (31) 3531.4436<\/p>\n<hr \/>\n<h3>Pastoral do Batismo<\/h3>\n<p>A Pastoral do Batismo realiza as prepara\u00e7\u00f5es dos pais ou respons\u00e1veis legais e padrinhos das crian\u00e7as at\u00e9 sete anos que ser\u00e3o batizadas na Par\u00f3quia Nossa Senhora do Carmo ou em outras par\u00f3quias. As crian\u00e7as a partir de sete anos ou adolescentes dever\u00e3o estar inscritos na Catequese da Primeira Eucaristia ou Crisma, sendo a prepara\u00e7\u00e3o do batismo tamb\u00e9m elaborada pela Pastoral do Batismo. Al\u00e9m disto, a Pastoral do Batismo participa da Celebra\u00e7\u00e3o, acolhendo os pais ou respons\u00e1veis legais, padrinhos e crian\u00e7as, coordenando os cantos e leituras e organizando os diversos momentos da cerim\u00f4nia.<\/p>\n<p><strong>Contato<\/strong>: Regina M. Braga S. Campos<\/p>\n<p><strong>E-mail<\/strong>: <a href=\"mailto:reginabragac@gmail.com\">reginabragac@gmail.com<\/a> \/ <a href=\"mailto:engeminasconstrucoes@gmail.com\">engeminasconstrucoes@gmail.com<br \/>\n<\/a><\/p>\n<p><strong>Telefones<\/strong>: (31) 3594 2102 \/ 99612 4126<\/p>\n<p><strong>Dias e hor\u00e1rios dos encontros<\/strong>: A prepara\u00e7\u00e3o dos pais ou respons\u00e1veis legais e padrinhos dos paroquianos \u00e9 feita individualmente por fam\u00edlia, na casa dos pais ou respons\u00e1veis legais, mediante visita previamente agendada.<\/p>\n<p>Para os pais ou respons\u00e1veis legais e padrinhos n\u00e3o paroquianos \u00e9 organizado um encontro com todas as fam\u00edlias no sal\u00e3o paroquial, \u00e0s <strong>16h do terceiro s\u00e1bado de cada m\u00eas. <\/strong><\/p>\n<p>A celebra\u00e7\u00e3o do Batismo das crian\u00e7as at\u00e9 sete anos \u00e9 realizada na Par\u00f3quia Nossa Senhora do Carmo, nos meses de fevereiro a dezembro, sempre \u00e0s <strong>16h do segundo s\u00e1bado de cada m\u00eas.<\/strong><\/p>\n<p>O Batismo das crian\u00e7as a partir de sete anos ou adolescentes \u00e9 feito em datas espec\u00edficas, como o dia da Vig\u00edlia Pascal.<\/p>\n<hr \/>\n<h3>Ministros Extraordin\u00e1rios da Sagrada Comunh\u00e3o Eucar\u00edstica (fotos anexas)<\/h3>\n<p>A Eucaristia \u00e9 o p\u00e3o que desce do c\u00e9u.<br \/>\nEis-me aqui a servi\u00e7o de minha comunidade e da Igreja, pronto para partilhar a Palavra e o Corpo e Sangue do teu Filho com todos os meus irm\u00e3os e irm\u00e3s.<br \/>\nAcolhe-me Pai, em tua bondade, dando-me a gra\u00e7a de perseverar na f\u00e9 e na disposi\u00e7\u00e3o em sempre servir a todos.<\/p>\n<p><strong>Reuni\u00e3o:<\/strong>\u00a0Toda \u00faltima quinta-feira do m\u00eas, ap\u00f3s a adora\u00e7\u00e3o do Sant\u00edssimo.<\/p>\n<p><strong>Coordenadora:<\/strong>\u00a0Celma<\/p>\n<p><strong>Telefone:<\/strong>\u00a0(31) 98441-4929<\/p>\n<p><strong>E-mail:<\/strong>\u00a0celma.vieira@yahoo.com \/ cinthia_matta@yahoo.com.br<\/p>\n<hr \/>\n<h3>Pastoral da Sa\u00fade<\/h3>\n<p>A Pastoral da Sa\u00fade realiza visitas domiciliares em cada comunidade para os enfermos e idosos que t\u00eam dificuldades de sair de casa. S\u00e3o respons\u00e1veis pelas Missas no Regional toda quarta-feira e a Missa todo dia 16 do m\u00eas na Matriz Nossa Senhora do Carmo. \u00c9 feita a escala para as visitas no Hospital Unimed e Regional.<\/p>\n<p><strong>A pastoral trabalha em n\u00edvel de forania com as Par\u00f3quias:\u00a0<\/strong>Nossa Senhora do Carmo, Santa Terezinha, S\u00e3o Judas Tadeu e Sagrado Cora\u00e7\u00e3o de Jesus.<\/p>\n<p><strong>Reuni\u00f5es:<\/strong> toda primeira segunda-feira do m\u00eas, \u00e0s 15h &#8211; Sal\u00e3o Paroquial Nossa Senhora do Carmo<\/p>\n<p><strong>Endere\u00e7o:<\/strong> Rua Maria do Carmo Lara, n\u00ba 105 &#8211; Centro &#8211; Betim \u2013 MG<\/p>\n<p><strong>Coordenadora:<\/strong> Irm\u00e3 Nieves.<\/p>\n<p>&nbsp;<\/p>\n","protected":false},"excerpt":{"rendered":"<p>Pastoral da Acolhida A pastoral da Acolhida tem como objetivo \u201creceber bem\u201d e \u201cir ao encontro\u201d das pessoas, a fim de integr\u00e1-las na comunidade. Acolher significa oferecer ref\u00fagio, prote\u00e7\u00e3o e conforto por meio de gestos e palavras. Sendo assim, a pastoral da acolhida vai muito al\u00e9m de recepcionar na porta da igreja, mas envolve uma [&hellip;]<\/p>\n","protected":false},"author":86,"featured_media":282,"parent":51,"menu_order":0,"comment_status":"closed","ping_status":"closed","template":"","meta":{"_acf_changed":false,"xn-wppe-expiration":[],"xn-wppe-expiration-action":[],"xn-wppe-expiration-prefix":[],"inline_featured_image":false,"footnotes":""},"class_list":["post-63","page","type-page","status-publish","has-post-thumbnail","hentry"],"acf":[],"_links":{"self":[{"href":"https:\/\/arquidiocesebh.org.br\/nossa-senhora-aparecida\/wp-json\/wp\/v2\/pages\/63","targetHints":{"allow":["GET"]}}],"collection":[{"href":"https:\/\/arquidiocesebh.org.br\/nossa-senhora-aparecida\/wp-json\/wp\/v2\/pages"}],"about":[{"href":"https:\/\/arquidiocesebh.org.br\/nossa-senhora-aparecida\/wp-json\/wp\/v2\/types\/page"}],"author":[{"embeddable":true,"href":"https:\/\/arquidiocesebh.org.br\/nossa-senhora-aparecida\/wp-json\/wp\/v2\/users\/86"}],"replies":[{"embeddable":true,"href":"https:\/\/arquidiocesebh.org.br\/nossa-senhora-aparecida\/wp-json\/wp\/v2\/comments?post=63"}],"version-history":[{"count":0,"href":"https:\/\/arquidiocesebh.org.br\/nossa-senhora-aparecida\/wp-json\/wp\/v2\/pages\/63\/revisions"}],"up":[{"embeddable":true,"href":"https:\/\/arquidiocesebh.org.br\/nossa-senhora-aparecida\/wp-json\/wp\/v2\/pages\/51"}],"wp:featuredmedia":[{"embeddable":true,"href":"https:\/\/arquidiocesebh.org.br\/nossa-senhora-aparecida\/wp-json\/wp\/v2\/media\/282"}],"wp:attachment":[{"href":"https:\/\/arquidiocesebh.org.br\/nossa-senhora-aparecida\/wp-json\/wp\/v2\/media?parent=63"}],"curies":[{"name":"wp","href":"https:\/\/api.w.org\/{rel}","templated":true}]}}