{"id":57,"date":"2017-06-16T12:06:46","date_gmt":"2017-06-16T15:06:46","guid":{"rendered":"http:\/\/arquidiocesebh.org.br\/paroquia-sao-goncalo\/?page_id=57"},"modified":"2023-02-14T15:50:19","modified_gmt":"2023-02-14T18:50:19","slug":"historia","status":"publish","type":"page","link":"https:\/\/arquidiocesebh.org.br\/imaculadocoracaodemaria\/paroquia\/historia\/","title":{"rendered":"Hist\u00f3ria"},"content":{"rendered":"<h3>Hist\u00f3ria da Par\u00f3quia Imaculado Cora\u00e7\u00e3o de Maria<\/h3>\n<p>&nbsp;<\/p>\n<p>Desmembrada da Par\u00f3quia Santa In\u00eas pelo decreto no dia 05 de novembro de 2011, assinado por Dom Walmor Oliveira de Azevedo, a capela do Imaculado Cora\u00e7\u00e3o de Maria se tornou Par\u00f3quia Imaculado Cora\u00e7\u00e3o de Maria.<\/p>\n<p>Tamb\u00e9m nessa data foi empossado o primeiro p\u00e1roco, Pe. Gladstone Elias de Souza, mais conhecido como Pe. Elias.<\/p>\n<p>Com Pe Elias a frente da Comunidade nossa Par\u00f3quia se encheu de atividades e ainda temos que ressaltar a Missa da Miseric\u00f3rdia, \u00e0s quintas feira, foi preciso passar para fora da igreja, no terreno ao lado, pela quantidade de pessoas que frequentavam.<\/p>\n<p>V\u00e1rias reformas foram feitas e foi colocada uma imagem gigante do Imaculado do lado de fora, no alto, onde continua sendo refer\u00eancia e prestigiada por todos que passam na Av. Ant\u00f4nio Carlos.<br \/>\nAos 25 dias do m\u00eas de agosto do ano 2015, foi dado posse como Administrador Paroquial, Pe. Edson Geraldo Pimenta,<\/p>\n<p>Em 12 de mar\u00e7o de 2016, \u00e9 empossado Pe Ant\u00f4nio Luiz Coimbra dos Santos como Administrador Paroquial da Par\u00f3quia.<br \/>\nO atual Administrador Paroquial tomou posse dia 04 de outubro de 2019, logo em seguida com a Pandemia no ano de 2020, a Par\u00f3quia procurou a se reinventar com a cria\u00e7\u00e3o da Pascom e transmiss\u00e3o das missas j\u00e1 as pessoas estavam confinadas dentro de casa.<\/p>\n<p>A Par\u00f3quia Imaculado Cora\u00e7\u00e3o de Maria conta com outras pastorais tais como: Minist\u00e9rio da Eucaristia, Catequese (Batismo, Eucaristia e Crisma), D\u00edzimo, Lit\u00fargica, M\u00fasicos, Ac\u00f3litos, Movimento M\u00e3e Rainha e Apostolado da Ora\u00e7\u00e3o.<\/p>\n","protected":false},"excerpt":{"rendered":"<p>Hist\u00f3ria da Par\u00f3quia Imaculado Cora\u00e7\u00e3o de Maria &nbsp; Desmembrada da Par\u00f3quia Santa In\u00eas pelo decreto no dia 05 de novembro de 2011, assinado por Dom Walmor Oliveira de Azevedo, a capela do Imaculado Cora\u00e7\u00e3o de Maria se tornou Par\u00f3quia Imaculado Cora\u00e7\u00e3o de Maria. Tamb\u00e9m nessa data foi empossado o primeiro p\u00e1roco, Pe. Gladstone Elias de [&hellip;]<\/p>\n","protected":false},"author":64,"featured_media":0,"parent":51,"menu_order":0,"comment_status":"closed","ping_status":"closed","template":"","meta":{"_acf_changed":false,"xn-wppe-expiration":[],"xn-wppe-expiration-action":[],"xn-wppe-expiration-prefix":[],"inline_featured_image":false,"footnotes":""},"class_list":["post-57","page","type-page","status-publish","hentry"],"acf":[],"_links":{"self":[{"href":"https:\/\/arquidiocesebh.org.br\/imaculadocoracaodemaria\/wp-json\/wp\/v2\/pages\/57","targetHints":{"allow":["GET"]}}],"collection":[{"href":"https:\/\/arquidiocesebh.org.br\/imaculadocoracaodemaria\/wp-json\/wp\/v2\/pages"}],"about":[{"href":"https:\/\/arquidiocesebh.org.br\/imaculadocoracaodemaria\/wp-json\/wp\/v2\/types\/page"}],"author":[{"embeddable":true,"href":"https:\/\/arquidiocesebh.org.br\/imaculadocoracaodemaria\/wp-json\/wp\/v2\/users\/64"}],"replies":[{"embeddable":true,"href":"https:\/\/arquidiocesebh.org.br\/imaculadocoracaodemaria\/wp-json\/wp\/v2\/comments?post=57"}],"version-history":[{"count":0,"href":"https:\/\/arquidiocesebh.org.br\/imaculadocoracaodemaria\/wp-json\/wp\/v2\/pages\/57\/revisions"}],"up":[{"embeddable":true,"href":"https:\/\/arquidiocesebh.org.br\/imaculadocoracaodemaria\/wp-json\/wp\/v2\/pages\/51"}],"wp:attachment":[{"href":"https:\/\/arquidiocesebh.org.br\/imaculadocoracaodemaria\/wp-json\/wp\/v2\/media?parent=57"}],"curies":[{"name":"wp","href":"https:\/\/api.w.org\/{rel}","templated":true}]}}