{"id":346,"date":"2022-12-27T16:44:33","date_gmt":"2022-12-27T19:44:33","guid":{"rendered":"https:\/\/arquidiocesebh.org.br\/imaculadocoracaodemaria\/?page_id=346"},"modified":"2023-01-16T12:54:07","modified_gmt":"2023-01-16T15:54:07","slug":"crisma","status":"publish","type":"page","link":"https:\/\/arquidiocesebh.org.br\/imaculadocoracaodemaria\/crisma\/","title":{"rendered":"Crisma"},"content":{"rendered":"<p><strong>(DOCUMENTOS)<\/strong><\/p>\n<p>Certid\u00e3o ou identidade da crian\u00e7a ou adolescente<\/p>\n<p>Comprovante de endere\u00e7o dos pais<\/p>\n","protected":false},"excerpt":{"rendered":"<p>(DOCUMENTOS) Certid\u00e3o ou identidade da crian\u00e7a ou adolescente Comprovante de endere\u00e7o dos pais<\/p>\n","protected":false},"author":64,"featured_media":0,"parent":0,"menu_order":0,"comment_status":"closed","ping_status":"closed","template":"","meta":{"_acf_changed":false,"xn-wppe-expiration":[],"xn-wppe-expiration-action":[],"xn-wppe-expiration-prefix":[],"inline_featured_image":false,"footnotes":""},"class_list":["post-346","page","type-page","status-publish","hentry"],"acf":[],"_links":{"self":[{"href":"https:\/\/arquidiocesebh.org.br\/imaculadocoracaodemaria\/wp-json\/wp\/v2\/pages\/346","targetHints":{"allow":["GET"]}}],"collection":[{"href":"https:\/\/arquidiocesebh.org.br\/imaculadocoracaodemaria\/wp-json\/wp\/v2\/pages"}],"about":[{"href":"https:\/\/arquidiocesebh.org.br\/imaculadocoracaodemaria\/wp-json\/wp\/v2\/types\/page"}],"author":[{"embeddable":true,"href":"https:\/\/arquidiocesebh.org.br\/imaculadocoracaodemaria\/wp-json\/wp\/v2\/users\/64"}],"replies":[{"embeddable":true,"href":"https:\/\/arquidiocesebh.org.br\/imaculadocoracaodemaria\/wp-json\/wp\/v2\/comments?post=346"}],"version-history":[{"count":0,"href":"https:\/\/arquidiocesebh.org.br\/imaculadocoracaodemaria\/wp-json\/wp\/v2\/pages\/346\/revisions"}],"wp:attachment":[{"href":"https:\/\/arquidiocesebh.org.br\/imaculadocoracaodemaria\/wp-json\/wp\/v2\/media?parent=346"}],"curies":[{"name":"wp","href":"https:\/\/api.w.org\/{rel}","templated":true}]}}