{"id":344,"date":"2022-12-27T16:42:50","date_gmt":"2022-12-27T19:42:50","guid":{"rendered":"https:\/\/arquidiocesebh.org.br\/imaculadocoracaodemaria\/?page_id=344"},"modified":"2023-01-16T12:45:17","modified_gmt":"2023-01-16T15:45:17","slug":"casamentos","status":"publish","type":"page","link":"https:\/\/arquidiocesebh.org.br\/imaculadocoracaodemaria\/casamentos\/","title":{"rendered":"Casamentos"},"content":{"rendered":"<p><strong>(DOCUMENTOS)<\/strong><\/p>\n<p>Abertura do processo: 03 meses antes, dependendo da situa\u00e7\u00e3o at\u00e9 6 meses antes se os noivos forem de outra cidade porque tem que mandar os proclames para a Par\u00f3quia deles.<\/p>\n<p>Identidade e CPF<\/p>\n<p>Certid\u00e3o de Batismo (Batist\u00e9rio)<\/p>\n<p>Certid\u00e3o do Casamento Civil ou comprovante de marca\u00e7\u00e3o do civil<\/p>\n<p>Comprovante de endere\u00e7o<\/p>\n<p>Comprovante de marca\u00e7\u00e3o curso de noivos<\/p>\n","protected":false},"excerpt":{"rendered":"<p>(DOCUMENTOS) Abertura do processo: 03 meses antes, dependendo da situa\u00e7\u00e3o at\u00e9 6 meses antes se os noivos forem de outra cidade porque tem que mandar os proclames para a Par\u00f3quia deles. Identidade e CPF Certid\u00e3o de Batismo (Batist\u00e9rio) Certid\u00e3o do Casamento Civil ou comprovante de marca\u00e7\u00e3o do civil Comprovante de endere\u00e7o Comprovante de marca\u00e7\u00e3o curso [&hellip;]<\/p>\n","protected":false},"author":64,"featured_media":0,"parent":0,"menu_order":0,"comment_status":"closed","ping_status":"closed","template":"","meta":{"_acf_changed":false,"xn-wppe-expiration":[],"xn-wppe-expiration-action":[],"xn-wppe-expiration-prefix":[],"inline_featured_image":false,"footnotes":""},"class_list":["post-344","page","type-page","status-publish","hentry"],"acf":[],"_links":{"self":[{"href":"https:\/\/arquidiocesebh.org.br\/imaculadocoracaodemaria\/wp-json\/wp\/v2\/pages\/344","targetHints":{"allow":["GET"]}}],"collection":[{"href":"https:\/\/arquidiocesebh.org.br\/imaculadocoracaodemaria\/wp-json\/wp\/v2\/pages"}],"about":[{"href":"https:\/\/arquidiocesebh.org.br\/imaculadocoracaodemaria\/wp-json\/wp\/v2\/types\/page"}],"author":[{"embeddable":true,"href":"https:\/\/arquidiocesebh.org.br\/imaculadocoracaodemaria\/wp-json\/wp\/v2\/users\/64"}],"replies":[{"embeddable":true,"href":"https:\/\/arquidiocesebh.org.br\/imaculadocoracaodemaria\/wp-json\/wp\/v2\/comments?post=344"}],"version-history":[{"count":0,"href":"https:\/\/arquidiocesebh.org.br\/imaculadocoracaodemaria\/wp-json\/wp\/v2\/pages\/344\/revisions"}],"wp:attachment":[{"href":"https:\/\/arquidiocesebh.org.br\/imaculadocoracaodemaria\/wp-json\/wp\/v2\/media?parent=344"}],"curies":[{"name":"wp","href":"https:\/\/api.w.org\/{rel}","templated":true}]}}