{"id":214,"date":"2017-04-10T16:27:22","date_gmt":"2017-04-10T19:27:22","guid":{"rendered":"https:\/\/arquidiocesebh.org.br\/diaconatopermanente\/pastoral-do-dizimo\/"},"modified":"2017-08-29T15:07:40","modified_gmt":"2017-08-29T18:07:40","slug":"pastoral-do-dizimo","status":"publish","type":"page","link":"https:\/\/arquidiocesebh.org.br\/diaconatopermanente\/pastoral-do-dizimo\/","title":{"rendered":"Pastoral do D\u00edzimo"},"content":{"rendered":"<p><img loading=\"lazy\" decoding=\"async\" class=\"wp-image-215 alignleft\" src=\"https:\/\/arquidiocesebh.org.br\/diaconatopermanente\/wp-content\/uploads\/sites\/34\/2017\/08\/serdizimistae-video5-1-1024x768.jpg\" alt=\"\" width=\"319\" height=\"240\" srcset=\"https:\/\/arquidiocesebh.org.br\/diaconatopermanente\/wp-content\/uploads\/sites\/34\/2017\/08\/serdizimistae-video5-1-1024x768.jpg 1024w, https:\/\/arquidiocesebh.org.br\/diaconatopermanente\/wp-content\/uploads\/sites\/34\/2017\/08\/serdizimistae-video5-1-300x225.jpg 300w, https:\/\/arquidiocesebh.org.br\/diaconatopermanente\/wp-content\/uploads\/sites\/34\/2017\/08\/serdizimistae-video5-1-768x576.jpg 768w, https:\/\/arquidiocesebh.org.br\/diaconatopermanente\/wp-content\/uploads\/sites\/34\/2017\/08\/serdizimistae-video5-1-600x450.jpg 600w, https:\/\/arquidiocesebh.org.br\/diaconatopermanente\/wp-content\/uploads\/sites\/34\/2017\/08\/serdizimistae-video5-1-1920x1440.jpg 1920w, https:\/\/arquidiocesebh.org.br\/diaconatopermanente\/wp-content\/uploads\/sites\/34\/2017\/08\/serdizimistae-video5-1-800x600.jpg 800w, https:\/\/arquidiocesebh.org.br\/diaconatopermanente\/wp-content\/uploads\/sites\/34\/2017\/08\/serdizimistae-video5-1-224x168.jpg 224w\" sizes=\"auto, (max-width: 319px) 100vw, 319px\" \/><\/p>\n<p style=\"text-align: left\">A Pastoral do D\u00edzimo tem por objetivo levar aos fi\u00e9is o verdadeiro sentido de participa\u00e7\u00e3o na sociedade crist\u00e3 \u2013 a Igreja \u2013 da qual cada batizado \u00e9 parte. O D\u00edzimo objetiva atender a tr\u00eas dimens\u00f5es na Igreja:<\/p>\n<p style=\"text-align: left\"><strong>Dimens\u00e3o religiosa:<\/strong> investimento voltado para a sustenta\u00e7\u00e3o do templo, do culto e do presb\u00edtero;<\/p>\n<p style=\"text-align: left\"><strong>Dimens\u00e3o social:<\/strong> investimento voltado para a promo\u00e7\u00e3o humana, como ajuda aos pobres, doentes e mais necessitados;<\/p>\n<p style=\"text-align: left\"><strong>Dimens\u00e3o mission\u00e1ria:<\/strong> investimento na pr\u00f3pria miss\u00e3o da Igreja, isto \u00e9, a evangeliza\u00e7\u00e3o.<\/p>\n<p>&nbsp;<\/p>\n","protected":false},"excerpt":{"rendered":"<p>A Pastoral do D\u00edzimo tem por objetivo levar aos fi\u00e9is o verdadeiro sentido de participa\u00e7\u00e3o na sociedade crist\u00e3 \u2013 a Igreja \u2013 da qual cada batizado \u00e9 parte. O D\u00edzimo objetiva atender a tr\u00eas dimens\u00f5es na Igreja: Dimens\u00e3o religiosa: investimento voltado para a sustenta\u00e7\u00e3o do templo, do culto e do presb\u00edtero; Dimens\u00e3o social: investimento voltado [&hellip;]<\/p>\n","protected":false},"author":3,"featured_media":0,"parent":0,"menu_order":0,"comment_status":"closed","ping_status":"closed","template":"","meta":{"_acf_changed":false,"xn-wppe-expiration":[],"xn-wppe-expiration-action":[],"xn-wppe-expiration-prefix":[],"inline_featured_image":false,"footnotes":""},"class_list":["post-214","page","type-page","status-publish","hentry"],"acf":[],"_links":{"self":[{"href":"https:\/\/arquidiocesebh.org.br\/diaconatopermanente\/wp-json\/wp\/v2\/pages\/214","targetHints":{"allow":["GET"]}}],"collection":[{"href":"https:\/\/arquidiocesebh.org.br\/diaconatopermanente\/wp-json\/wp\/v2\/pages"}],"about":[{"href":"https:\/\/arquidiocesebh.org.br\/diaconatopermanente\/wp-json\/wp\/v2\/types\/page"}],"author":[{"embeddable":true,"href":"https:\/\/arquidiocesebh.org.br\/diaconatopermanente\/wp-json\/wp\/v2\/users\/3"}],"replies":[{"embeddable":true,"href":"https:\/\/arquidiocesebh.org.br\/diaconatopermanente\/wp-json\/wp\/v2\/comments?post=214"}],"version-history":[{"count":0,"href":"https:\/\/arquidiocesebh.org.br\/diaconatopermanente\/wp-json\/wp\/v2\/pages\/214\/revisions"}],"wp:attachment":[{"href":"https:\/\/arquidiocesebh.org.br\/diaconatopermanente\/wp-json\/wp\/v2\/media?parent=214"}],"curies":[{"name":"wp","href":"https:\/\/api.w.org\/{rel}","templated":true}]}}